{"id":14641,"date":"2022-12-01T13:15:45","date_gmt":"2022-12-01T11:15:45","guid":{"rendered":"https:\/\/www.vempele.fi\/?post_type=product&#038;p=14641"},"modified":"2023-03-30T23:27:19","modified_gmt":"2023-03-30T20:27:19","slug":"tesla-modell-3-skalmodell","status":"publish","type":"product","link":"https:\/\/www.vempele.fi\/sv\/tuote\/tesla-model-3-pienoismalli\/","title":{"rendered":"Tesla Model 3 - Miniatyrmodell"},"content":{"rendered":"<p>Tesla Model 3 skalenlig modell.<\/p>\n<p>Funktioner:<\/p>\n<ul>\n<li>F\u00e4rger: r\u00f6d, bl\u00e5, svart och vit.<\/li>\n<li>Ljus och ljud drivs av 3 x 1,5 V AG13-batterier. <strong>OBS! <\/strong>Batterier ing\u00e5r inte i f\u00f6rpackningen.<\/li>\n<li>\u00d6ppning av ytterd\u00f6rrar<\/li>\n<li>Avst\u00e4ngning<\/li>\n<li>M\u00e5tt: l\u00e4ngd 15 x bredd 6,4 x h\u00f6jd 4,8 cm<\/li>\n<li>Vikt: 0,240 kg<\/li>\n<li>Namn: Tesla Model 3 - Leksaksbil<\/li>\n<\/ul>","protected":false},"excerpt":{"rendered":"<p>Tesla Model 3 skalenlig modell.<\/p>\n<p>En skalenlig modell av den riktiga Tesla Model 3. Genom att \u00f6ppna ytterd\u00f6rrarna och dra tillbaka skalmodellen f\u00e5r man Tesla-kraft. Inga batterier kr\u00e4vs f\u00f6r att miniatyren ska fungera, bara ljud. I botten finns en h\u00f6gtalare som drivs med tre (3x) AG13 1,5V-batterier. Batterier ing\u00e5r ej.<\/p>\n<p>Finns i r\u00f6tt, vitt, svart eller bl\u00e5tt.<\/p>\n<p>Obs! Rekommenderas inte f\u00f6r mycket sm\u00e5 barn.<\/p>","protected":false},"featured_media":14683,"comment_status":"open","ping_status":"closed","template":"","meta":[],"product_brand":[],"product_cat":[458,151,128],"product_tag":[267,121],"class_list":{"0":"post-14641","1":"product","2":"type-product","3":"status-publish","4":"has-post-thumbnail","6":"product_cat-lelut-fanituotteet","7":"product_cat-model-3","8":"product_cat-tesla-tuotteet","9":"product_tag-pienoismalli","10":"product_tag-tesla","12":"first","13":"instock","14":"taxable","15":"shipping-taxable","16":"purchasable","17":"product-type-variable"},"jetpack_sharing_enabled":true,"_links":{"self":[{"href":"https:\/\/www.vempele.fi\/sv\/wp-json\/wp\/v2\/product\/14641","targetHints":{"allow":["GET"]}}],"collection":[{"href":"https:\/\/www.vempele.fi\/sv\/wp-json\/wp\/v2\/product"}],"about":[{"href":"https:\/\/www.vempele.fi\/sv\/wp-json\/wp\/v2\/types\/product"}],"replies":[{"embeddable":true,"href":"https:\/\/www.vempele.fi\/sv\/wp-json\/wp\/v2\/comments?post=14641"}],"wp:featuredmedia":[{"embeddable":true,"href":"https:\/\/www.vempele.fi\/sv\/wp-json\/wp\/v2\/media\/14683"}],"wp:attachment":[{"href":"https:\/\/www.vempele.fi\/sv\/wp-json\/wp\/v2\/media?parent=14641"}],"wp:term":[{"taxonomy":"product_brand","embeddable":true,"href":"https:\/\/www.vempele.fi\/sv\/wp-json\/wp\/v2\/product_brand?post=14641"},{"taxonomy":"product_cat","embeddable":true,"href":"https:\/\/www.vempele.fi\/sv\/wp-json\/wp\/v2\/product_cat?post=14641"},{"taxonomy":"product_tag","embeddable":true,"href":"https:\/\/www.vempele.fi\/sv\/wp-json\/wp\/v2\/product_tag?post=14641"}],"curies":[{"name":"wp","href":"https:\/\/api.w.org\/{rel}","templated":true}]}}