{"id":14653,"date":"2025-02-20T13:10:58","date_gmt":"2025-02-20T11:10:58","guid":{"rendered":"https:\/\/www.vempele.fi\/?post_type=product&#038;p=14653"},"modified":"2025-08-13T08:11:08","modified_gmt":"2025-08-13T05:11:08","slug":"luftmadrass-for-bil-tesla","status":"publish","type":"product","link":"https:\/\/www.vempele.fi\/sv\/tuote\/ilmataytteinen-makuualusta-autoon-tesla\/","title":{"rendered":"Uppbl\u00e5sbart liggunderlag f\u00f6r bil"},"content":{"rendered":"<p>Praktiskt uppbl\u00e5sbart liggunderlag f\u00f6r l\u00e5nga resor och camping.<\/p>\n<p>Paketet inneh\u00e5ller<\/p>\n<ul>\n<li>Luftmadrass<\/li>\n<li>Tv\u00e5 kuddar<\/li>\n<li>Katt p\u00e5 madrass<\/li>\n<li>Sittm\u00f6bler<\/li>\n<\/ul>\n<p>Om det finns ett h\u00e5l i madrassen, klipp till en rund bit av klisterm\u00e4rket i r\u00e4tt storlek. Se till att omr\u00e5det som ska repareras \u00e4r rent och applicera klisterm\u00e4rket. V\u00e4nta 20 minuter innan du fyller p\u00e5 madrassen igen.<\/p>\n<p>Den reviderade modellen \u00e4r l\u00e4mplig f\u00f6r b\u00e5de Model 3 och Y-modellerna. Se bilder!<\/p>\n<p><strong>OBS!<br \/>\n<\/strong>Produkten levereras inte med en pump. Vi har separat till salu <a href=\"https:\/\/www.vempele.fi\/sv\/product-2\/batteridriven-campingpump-atom\/\">batteridriven campingpump<\/a> l\u00e4mplig f\u00f6r denna madrass.<\/p>","protected":false},"excerpt":{"rendered":"<p>Ett uppbl\u00e5sbart liggunderlag med riktigt sk\u00f6n k\u00e4nsla f\u00f6r baks\u00e4tet p\u00e5 bilen. Med den h\u00e4r modellen kan du sova bekv\u00e4mt p\u00e5 v\u00e4gen, n\u00e4r du vill.<\/p>\n<p>Obs! kan \u00e4ven passa andra bilmodeller, kontrollera kompatibiliteten.<\/p>\n<p>Denna nydesignade modell har ocks\u00e5 tv\u00e5 separata uppbl\u00e5sbara kuddar!<\/p>\n<p>&nbsp;<\/p>\n<p><strong>OBS!<br \/>\n<\/strong>Produkten levereras inte med en pump. Vi har separat till salu <a href=\"https:\/\/www.vempele.fi\/sv\/product-2\/batteridriven-campingpump-atom\/\">batteridriven campingpump<\/a> l\u00e4mplig f\u00f6r denna madrass.<\/p>","protected":false},"featured_media":35108,"comment_status":"open","ping_status":"closed","template":"","meta":[],"product_brand":[],"product_cat":[151,154,452,455,480,482,128],"product_tag":[83,309,310,156,271,121],"class_list":{"0":"post-14653","1":"product","2":"type-product","3":"status-publish","4":"has-post-thumbnail","6":"product_cat-model-3","7":"product_cat-model-y","8":"product_cat-m3-tarvikkeet","9":"product_cat-my-tarvikkeet","10":"product_cat-tarvikkeet-sisapuolelle-model-3","11":"product_cat-tarvikkeet-sisapuolelle-model-y","12":"product_cat-tesla-tuotteet","13":"product_tag-autotarvikkeet","14":"product_tag-ilmapatja","15":"product_tag-makuualusta","16":"product_tag-model-3","17":"product_tag-model-y","18":"product_tag-tesla","20":"first","21":"outofstock","22":"taxable","23":"shipping-taxable","24":"purchasable","25":"product-type-simple"},"jetpack_sharing_enabled":true,"_links":{"self":[{"href":"https:\/\/www.vempele.fi\/sv\/wp-json\/wp\/v2\/product\/14653","targetHints":{"allow":["GET"]}}],"collection":[{"href":"https:\/\/www.vempele.fi\/sv\/wp-json\/wp\/v2\/product"}],"about":[{"href":"https:\/\/www.vempele.fi\/sv\/wp-json\/wp\/v2\/types\/product"}],"replies":[{"embeddable":true,"href":"https:\/\/www.vempele.fi\/sv\/wp-json\/wp\/v2\/comments?post=14653"}],"wp:featuredmedia":[{"embeddable":true,"href":"https:\/\/www.vempele.fi\/sv\/wp-json\/wp\/v2\/media\/35108"}],"wp:attachment":[{"href":"https:\/\/www.vempele.fi\/sv\/wp-json\/wp\/v2\/media?parent=14653"}],"wp:term":[{"taxonomy":"product_brand","embeddable":true,"href":"https:\/\/www.vempele.fi\/sv\/wp-json\/wp\/v2\/product_brand?post=14653"},{"taxonomy":"product_cat","embeddable":true,"href":"https:\/\/www.vempele.fi\/sv\/wp-json\/wp\/v2\/product_cat?post=14653"},{"taxonomy":"product_tag","embeddable":true,"href":"https:\/\/www.vempele.fi\/sv\/wp-json\/wp\/v2\/product_tag?post=14653"}],"curies":[{"name":"wp","href":"https:\/\/api.w.org\/{rel}","templated":true}]}}