{"id":14663,"date":"2022-12-02T10:37:20","date_gmt":"2022-12-02T08:37:20","guid":{"rendered":"https:\/\/www.vempele.fi\/?post_type=product&#038;p=14663"},"modified":"2026-04-28T11:35:10","modified_gmt":"2026-04-28T08:35:10","slug":"tesla-tygmarke","status":"publish","type":"product","link":"https:\/\/www.vempele.fi\/sv\/tuote\/tesla-kangasmerkki\/","title":{"rendered":"Tesla tygm\u00e4rke"},"content":{"rendered":"<ul>\n<li>F\u00e4rg: svart med vit brodyr<\/li>\n<li>M\u00e5tt: (H x L) 9 x 7,5 cm<\/li>\n<li>Vikt: 5 g<\/li>\n<\/ul>","protected":false},"excerpt":{"rendered":"<p>Svart Tesla tygm\u00e4rke med vitt broderi. Baksidan har en sj\u00e4lvh\u00e4ftande yta, s\u00e5 att du kan anv\u00e4nda ett strykj\u00e4rn f\u00f6r att f\u00e4sta den p\u00e5 valfri textil.<\/p>\n<p>Anvisningar f\u00f6r fasts\u00e4ttning:<\/p>\n<ul>\n<li>Se till att textilen t\u00e5l att strykas<\/li>\n<li>Anv\u00e4nd h\u00f6gsta m\u00f6jliga stryktemperatur utan \u00e5nga<\/li>\n<li>Placera tygmark\u00f6ren d\u00e4r du vill ha den p\u00e5 textilen, t\u00e4ck \u00f6ver den med bakpl\u00e5tspapper och stryk h\u00e5rt i ca 20 sekunder.<\/li>\n<li>Om det beh\u00f6vs, v\u00e4nd p\u00e5 textilen och stryk p\u00e5 fel sida igen<\/li>\n<li>L\u00e5t svalna och testa greppet<\/li>\n<li>Sy n\u00e5gra fler stygn runt kanterna f\u00f6r att f\u00e5 ett s\u00e4kert grepp.<\/li>\n<\/ul>\n<p>Vi rekommenderar maskintv\u00e4tt i 30\u00b0C. V\u00e4nd p\u00e5 textilen f\u00f6re tv\u00e4tt. Anv\u00e4nd inte torktumlare.<\/p>\n<p>&nbsp;<\/p>\n<p>&nbsp;<\/p>\n<p>&nbsp;<\/p>","protected":false},"featured_media":15065,"comment_status":"open","ping_status":"closed","template":"","meta":[],"product_brand":[],"product_cat":[458,151,152,153,154,457,128],"product_tag":[451,156,172,173,271,121],"class_list":{"0":"post-14663","1":"product","2":"type-product","3":"status-publish","4":"has-post-thumbnail","6":"product_cat-lelut-fanituotteet","7":"product_cat-model-3","8":"product_cat-model-s","9":"product_cat-model-x","10":"product_cat-model-y","11":"product_cat-pukeutuminen","12":"product_cat-tesla-tuotteet","13":"product_tag-kangasmerkki","14":"product_tag-model-3","15":"product_tag-model-s","16":"product_tag-model-x","17":"product_tag-model-y","18":"product_tag-tesla","20":"first","21":"instock","22":"sale","23":"taxable","24":"shipping-taxable","25":"purchasable","26":"product-type-simple"},"jetpack_sharing_enabled":true,"_links":{"self":[{"href":"https:\/\/www.vempele.fi\/sv\/wp-json\/wp\/v2\/product\/14663","targetHints":{"allow":["GET"]}}],"collection":[{"href":"https:\/\/www.vempele.fi\/sv\/wp-json\/wp\/v2\/product"}],"about":[{"href":"https:\/\/www.vempele.fi\/sv\/wp-json\/wp\/v2\/types\/product"}],"replies":[{"embeddable":true,"href":"https:\/\/www.vempele.fi\/sv\/wp-json\/wp\/v2\/comments?post=14663"}],"wp:featuredmedia":[{"embeddable":true,"href":"https:\/\/www.vempele.fi\/sv\/wp-json\/wp\/v2\/media\/15065"}],"wp:attachment":[{"href":"https:\/\/www.vempele.fi\/sv\/wp-json\/wp\/v2\/media?parent=14663"}],"wp:term":[{"taxonomy":"product_brand","embeddable":true,"href":"https:\/\/www.vempele.fi\/sv\/wp-json\/wp\/v2\/product_brand?post=14663"},{"taxonomy":"product_cat","embeddable":true,"href":"https:\/\/www.vempele.fi\/sv\/wp-json\/wp\/v2\/product_cat?post=14663"},{"taxonomy":"product_tag","embeddable":true,"href":"https:\/\/www.vempele.fi\/sv\/wp-json\/wp\/v2\/product_tag?post=14663"}],"curies":[{"name":"wp","href":"https:\/\/api.w.org\/{rel}","templated":true}]}}