{"id":14962,"date":"2022-12-15T13:54:34","date_gmt":"2022-12-15T11:54:34","guid":{"rendered":"https:\/\/www.vempele.fi\/tuote\/tesla-model-y3-zax-turbin-x-satin-black-19x8-5-et40-copy\/"},"modified":"2024-12-19T10:22:36","modified_gmt":"2024-12-19T08:22:36","slug":"tesla-modell-y3-zax-turbin-x-satin-black-19x8-5-et35","status":"publish","type":"product","link":"https:\/\/www.vempele.fi\/sv\/tuote\/tesla-model-y3-zax-turbin-x-satin-black-19x8-5-et35\/","title":{"rendered":"Zax Turbin X Satin Black 19\u00d78,5 ET35 - Tesla Model Y \/ 3"},"content":{"rendered":"<p>Zax Turbin X Satin Black Rotary Smidda d\u00e4ck f\u00f6r Tesla Model Y och Model 3.<\/p>\n<ul>\n<li>Bredd: 8,5\u2033<\/li>\n<li>F\u00e4lgens diameter: 19\u2033<\/li>\n<li>Centrumh\u00e5lets diameter: 64,1 mm<\/li>\n<li>Bultf\u00f6rdelning: 5 x 114,3<\/li>\n<li>ET: 35<\/li>\n<li>Vikt p\u00e5 f\u00e4lgen: 10,40 kg<\/li>\n<li>Passar \u00e4ven f\u00f6r Performance-modeller<\/li>\n<\/ul>","protected":false},"excerpt":{"rendered":"<p>Zax Turbin X-hjul \u00e4r h\u00f6gkvalitativa hjul som passar f\u00f6r Tesla. F\u00e4lgarna \u00e4r l\u00e4ttare \u00e4n Teslas original. Kompatibla med Teslas mittnav.<\/p>\n<p>Priset g\u00e4ller f\u00f6r en f\u00e4lg.<\/p>\n<p><strong>Sensorer f\u00f6r f\u00e4lgar? <\/strong><\/p>\n<ul>\n<li><a href=\"https:\/\/www.vempele.fi\/sv\/product-2\/dacktrycksgivare-autel-tpms-mx-433mhz\/\" target=\"_blank\" rel=\"noopener\">433 MHz TPMS (-&gt;2020) trycksensorer<\/a><\/li>\n<li><a href=\"https:\/\/www.vempele.fi\/sv\/product-2\/dacktrycksgivare-tesla-tpms-ble-cub\/\" target=\"_blank\" rel=\"noopener\">BLE TPMS (2021-&gt;) Bluetooth-sensorer<\/a><\/li>\n<\/ul>","protected":false},"featured_media":9333,"comment_status":"open","ping_status":"closed","template":"","meta":[],"product_brand":[],"product_cat":[151,154,128,372],"product_tag":[301,83,299,300,121,203,321,320,347],"class_list":{"0":"post-14962","1":"product","2":"type-product","3":"status-publish","4":"has-post-thumbnail","6":"product_cat-model-3","7":"product_cat-model-y","8":"product_cat-tesla-tuotteet","9":"product_cat-vanteet","10":"product_tag-autonrenkaat","11":"product_tag-autotarvikkeet","12":"product_tag-rengas","13":"product_tag-renkaat","14":"product_tag-tesla","15":"product_tag-tesla-model-y","16":"product_tag-vanteet","17":"product_tag-zax","18":"product_tag-zax-turbin-x","19":"product_shipping_class-nouto","21":"first","22":"instock","23":"taxable","24":"shipping-taxable","25":"purchasable","26":"product-type-simple"},"jetpack_sharing_enabled":true,"_links":{"self":[{"href":"https:\/\/www.vempele.fi\/sv\/wp-json\/wp\/v2\/product\/14962","targetHints":{"allow":["GET"]}}],"collection":[{"href":"https:\/\/www.vempele.fi\/sv\/wp-json\/wp\/v2\/product"}],"about":[{"href":"https:\/\/www.vempele.fi\/sv\/wp-json\/wp\/v2\/types\/product"}],"replies":[{"embeddable":true,"href":"https:\/\/www.vempele.fi\/sv\/wp-json\/wp\/v2\/comments?post=14962"}],"wp:featuredmedia":[{"embeddable":true,"href":"https:\/\/www.vempele.fi\/sv\/wp-json\/wp\/v2\/media\/9333"}],"wp:attachment":[{"href":"https:\/\/www.vempele.fi\/sv\/wp-json\/wp\/v2\/media?parent=14962"}],"wp:term":[{"taxonomy":"product_brand","embeddable":true,"href":"https:\/\/www.vempele.fi\/sv\/wp-json\/wp\/v2\/product_brand?post=14962"},{"taxonomy":"product_cat","embeddable":true,"href":"https:\/\/www.vempele.fi\/sv\/wp-json\/wp\/v2\/product_cat?post=14962"},{"taxonomy":"product_tag","embeddable":true,"href":"https:\/\/www.vempele.fi\/sv\/wp-json\/wp\/v2\/product_tag?post=14962"}],"curies":[{"name":"wp","href":"https:\/\/api.w.org\/{rel}","templated":true}]}}