{"id":15044,"date":"2023-04-25T13:55:45","date_gmt":"2023-04-25T10:55:45","guid":{"rendered":"https:\/\/www.vempele.fi\/?post_type=product&#038;p=15044"},"modified":"2026-04-01T07:29:07","modified_gmt":"2026-04-01T04:29:07","slug":"tesla-modell-y-boot-krokar","status":"publish","type":"product","link":"https:\/\/www.vempele.fi\/sv\/tuote\/tesla-model-y-takakontin-kauppakassikoukut\/","title":{"rendered":"Krokar f\u00f6r v\u00e4skor i bagageutrymmet - Tesla Model Y"},"content":{"rendered":"<p>Krokar f\u00f6r v\u00e4skor i bagageutrymmet - Tesla Model Y<\/p>\n<ul>\n<li>Installationsplats : Fordonets bagageutrymme<\/li>\n<li>L\u00e4mplighet:\n<ul>\n<li>Modell Y 2020 - 2024<\/li>\n<\/ul>\n<\/li>\n<li>Material: ABS-plast<\/li>\n<li>F\u00e4rg: Svart<\/li>\n<li>Vikt: ~50g<\/li>\n<li>Inneh\u00e5ll i f\u00f6rpackningen : 1 x krokar f\u00f6r bagageutrymmet<\/li>\n<\/ul>","protected":false},"excerpt":{"rendered":"<p>Tesla Model Y - Praktiska krokar f\u00f6r shoppingkassar i bagageutrymmet. H\u00e5ll ordning p\u00e5 dina v\u00e4skor i bagageutrymmet med de h\u00e4r praktiska och platsbesparande krokarna. Produkten \u00e4r l\u00e4tt att installera i bagageutrymmet genom att helt enkelt trycka p\u00e5 krokarna med handen, s\u00e5 att clipsen p\u00e5 krokarna sn\u00e4pper p\u00e5 plats.<\/p>\n<p>Konstruktionen med en enda krok \u00e4r l\u00e4mplig f\u00f6r en modell utan h\u00e5l i kamytan.<\/p>\n<p>Olika modeller \u00e4r monterade p\u00e5 olika st\u00e4llen p\u00e5 bakluckan. Se bilder!<\/p>","protected":false},"featured_media":37214,"comment_status":"open","ping_status":"closed","template":"","meta":[],"product_brand":[],"product_cat":[154,455,482,128],"product_tag":[83,544,545,546,271,121],"class_list":{"0":"post-15044","1":"product","2":"type-product","3":"status-publish","4":"has-post-thumbnail","6":"product_cat-model-y","7":"product_cat-my-tarvikkeet","8":"product_cat-tarvikkeet-sisapuolelle-model-y","9":"product_cat-tesla-tuotteet","10":"product_tag-autotarvikkeet","11":"product_tag-kassikoukku","12":"product_tag-kauppakassi","13":"product_tag-koukut","14":"product_tag-model-y","15":"product_tag-tesla","17":"first","18":"instock","19":"taxable","20":"shipping-taxable","21":"purchasable","22":"product-type-variable"},"jetpack_sharing_enabled":true,"_links":{"self":[{"href":"https:\/\/www.vempele.fi\/sv\/wp-json\/wp\/v2\/product\/15044","targetHints":{"allow":["GET"]}}],"collection":[{"href":"https:\/\/www.vempele.fi\/sv\/wp-json\/wp\/v2\/product"}],"about":[{"href":"https:\/\/www.vempele.fi\/sv\/wp-json\/wp\/v2\/types\/product"}],"replies":[{"embeddable":true,"href":"https:\/\/www.vempele.fi\/sv\/wp-json\/wp\/v2\/comments?post=15044"}],"wp:featuredmedia":[{"embeddable":true,"href":"https:\/\/www.vempele.fi\/sv\/wp-json\/wp\/v2\/media\/37214"}],"wp:attachment":[{"href":"https:\/\/www.vempele.fi\/sv\/wp-json\/wp\/v2\/media?parent=15044"}],"wp:term":[{"taxonomy":"product_brand","embeddable":true,"href":"https:\/\/www.vempele.fi\/sv\/wp-json\/wp\/v2\/product_brand?post=15044"},{"taxonomy":"product_cat","embeddable":true,"href":"https:\/\/www.vempele.fi\/sv\/wp-json\/wp\/v2\/product_cat?post=15044"},{"taxonomy":"product_tag","embeddable":true,"href":"https:\/\/www.vempele.fi\/sv\/wp-json\/wp\/v2\/product_tag?post=15044"}],"curies":[{"name":"wp","href":"https:\/\/api.w.org\/{rel}","templated":true}]}}