{"id":15068,"date":"2023-03-16T10:43:32","date_gmt":"2023-03-16T08:43:32","guid":{"rendered":"https:\/\/www.vempele.fi\/?post_type=product&#038;p=15068"},"modified":"2025-08-21T14:03:26","modified_gmt":"2025-08-21T11:03:26","slug":"tesla-modell-y-solskydd-for-fonster","status":"publish","type":"product","link":"https:\/\/www.vempele.fi\/sv\/tuote\/tesla-model-y-aurinkosuojat-ikkunoihin\/","title":{"rendered":"Solskydd f\u00f6r f\u00f6nster - Tesla Model Y"},"content":{"rendered":"<p>Solskydd f\u00f6r f\u00f6nster - Tesla Model Y<\/p>\n<ul>\n<li>Material : Nylon<\/li>\n<li>L\u00e4mplighet:\n<ul>\n<li>Modell Y 2020 - 2024<\/li>\n<li>Modell Y Juniper 2025 -&gt;<\/li>\n<\/ul>\n<\/li>\n<li>F\u00e4rg: Silver \/ svart<\/li>\n<li>Vikt: ca 1,5 kg<\/li>\n<li>Inneh\u00e5ll i f\u00f6rpackningen : 8 delar och f\u00f6rvaringsp\u00e5sar.<\/li>\n<\/ul>","protected":false},"excerpt":{"rendered":"<p>Tesla Model Y - Solskydd f\u00f6r f\u00f6nster.<\/p>\n<p>Dessa solskyddsmedel kan anv\u00e4ndas i bilen b\u00e5de p\u00e5 sommaren och p\u00e5 vintern. De ger ocks\u00e5 ett bekv\u00e4mt skydd f\u00f6r bilens passagerare och bromsar dessutom n\u00e5got v\u00e4rmeutstr\u00e5lningen genom f\u00f6nstren.<\/p>\n<p>Produkterna \u00e4r l\u00e4tta och formsydda. Den inre ytan p\u00e5 solskydden \u00e4r svart och ytan mot f\u00f6nstret \u00e4r reflekterande tyg. Solskydden \u00e4r ocks\u00e5 mycket l\u00e4tta och de st\u00f6rre kan vikas ihop p\u00e5 mitten, vilket sparar utrymme i bilen. Produkterna levereras med praktiska f\u00f6rvaringsv\u00e4skor.<\/p>\n<p>Det \u00e4r enkelt att montera solskydden, allt du beh\u00f6ver g\u00f6ra \u00e4r att trycka dem p\u00e5 plats. Produkterna \u00e4r s\u00e4rskilt utformade f\u00f6r Tesla Model Y.<\/p>","protected":false},"featured_media":17040,"comment_status":"open","ping_status":"closed","template":"","meta":[],"product_brand":[],"product_cat":[154,455,482,128],"product_tag":[558,83,559,271,121],"class_list":{"0":"post-15068","1":"product","2":"type-product","3":"status-publish","4":"has-post-thumbnail","6":"product_cat-model-y","7":"product_cat-my-tarvikkeet","8":"product_cat-tarvikkeet-sisapuolelle-model-y","9":"product_cat-tesla-tuotteet","10":"product_tag-aurinkosuojat","11":"product_tag-autotarvikkeet","12":"product_tag-ikkunasuojat","13":"product_tag-model-y","14":"product_tag-tesla","16":"first","17":"outofstock","18":"taxable","19":"shipping-taxable","20":"purchasable","21":"product-type-simple"},"jetpack_sharing_enabled":true,"_links":{"self":[{"href":"https:\/\/www.vempele.fi\/sv\/wp-json\/wp\/v2\/product\/15068","targetHints":{"allow":["GET"]}}],"collection":[{"href":"https:\/\/www.vempele.fi\/sv\/wp-json\/wp\/v2\/product"}],"about":[{"href":"https:\/\/www.vempele.fi\/sv\/wp-json\/wp\/v2\/types\/product"}],"replies":[{"embeddable":true,"href":"https:\/\/www.vempele.fi\/sv\/wp-json\/wp\/v2\/comments?post=15068"}],"wp:featuredmedia":[{"embeddable":true,"href":"https:\/\/www.vempele.fi\/sv\/wp-json\/wp\/v2\/media\/17040"}],"wp:attachment":[{"href":"https:\/\/www.vempele.fi\/sv\/wp-json\/wp\/v2\/media?parent=15068"}],"wp:term":[{"taxonomy":"product_brand","embeddable":true,"href":"https:\/\/www.vempele.fi\/sv\/wp-json\/wp\/v2\/product_brand?post=15068"},{"taxonomy":"product_cat","embeddable":true,"href":"https:\/\/www.vempele.fi\/sv\/wp-json\/wp\/v2\/product_cat?post=15068"},{"taxonomy":"product_tag","embeddable":true,"href":"https:\/\/www.vempele.fi\/sv\/wp-json\/wp\/v2\/product_tag?post=15068"}],"curies":[{"name":"wp","href":"https:\/\/api.w.org\/{rel}","templated":true}]}}