{"id":15453,"date":"2023-02-20T14:05:49","date_gmt":"2023-02-20T12:05:49","guid":{"rendered":"https:\/\/www.vempele.fi\/?post_type=product&#038;p=15453"},"modified":"2026-03-06T18:55:49","modified_gmt":"2026-03-06T16:55:49","slug":"tesla-model-3-y-luftintagstillsats-for-stotfangare","status":"publish","type":"product","link":"https:\/\/www.vempele.fi\/sv\/tuote\/tesla-model-3-y-ilmanoton-lisasuoja-puskuriin\/","title":{"rendered":"Extra luftintagsskydd f\u00f6r st\u00f6tf\u00e5ngare - Tesla Model 3 \/ Y"},"content":{"rendered":"<p>Extra luftintagsskydd f\u00f6r st\u00f6tf\u00e5ngare - Tesla Model 3 \/ Y<\/p>\n<ul>\n<li>F\u00e4rg: Svart<\/li>\n<li>Kompatibilitet:\n<ul>\n<li>Modell Y 2020 - 2024<\/li>\n<li>Model 3 Pre-Refresh vm. 2019 - 2021<\/li>\n<li>Modell 3 Uppdatering vm. 2021 - 2023<\/li>\n<\/ul>\n<\/li>\n<li>Material: ABS-plast, metall<\/li>\n<li>Vikt: 270 g<\/li>\n<li>Produktm\u00e5tt (ca): 100 x 9 x 5 cm<\/li>\n<li>Namn: Tesla Model 3 \/ Y - Luftintagsskydd f\u00f6r st\u00f6tf\u00e5ngare<\/li>\n<\/ul>","protected":false},"excerpt":{"rendered":"<p>Extra luftintagsskydd f\u00f6r st\u00f6tf\u00e5ngare - Tesla Model 3 \/ Y<\/p>\n<p>Ett extra skydd ser till att inga o\u00f6nskade f\u00f6rem\u00e5l kommer in i st\u00f6tf\u00e5ngaren. F\u00f6rutom plastgallren finns det ett t\u00e4tt metalln\u00e4t f\u00f6r skydd.<\/p>\n<p>Produkten \u00e4r enkel att installera: den f\u00e4sts p\u00e5 originalgallret med clips och dubbelh\u00e4ftande tejp.<\/p>","protected":false},"featured_media":16531,"comment_status":"open","ping_status":"closed","template":"","meta":[],"product_brand":[],"product_cat":[151,154,452,455,481,483,128],"product_tag":[83,156,411,121,492],"class_list":{"0":"post-15453","1":"product","2":"type-product","3":"status-publish","4":"has-post-thumbnail","6":"product_cat-model-3","7":"product_cat-model-y","8":"product_cat-m3-tarvikkeet","9":"product_cat-my-tarvikkeet","10":"product_cat-tarvikkeet-ulkopuolelle-model-3","11":"product_cat-tarvikkeet-ulkopuolelle-model-y","12":"product_cat-tesla-tuotteet","13":"product_tag-autotarvikkeet","14":"product_tag-model-3","15":"product_tag-suoja","16":"product_tag-tesla","17":"product_tag-viimasuoja","19":"first","20":"outofstock","21":"taxable","22":"shipping-taxable","23":"purchasable","24":"product-type-variable"},"jetpack_sharing_enabled":true,"_links":{"self":[{"href":"https:\/\/www.vempele.fi\/sv\/wp-json\/wp\/v2\/product\/15453","targetHints":{"allow":["GET"]}}],"collection":[{"href":"https:\/\/www.vempele.fi\/sv\/wp-json\/wp\/v2\/product"}],"about":[{"href":"https:\/\/www.vempele.fi\/sv\/wp-json\/wp\/v2\/types\/product"}],"replies":[{"embeddable":true,"href":"https:\/\/www.vempele.fi\/sv\/wp-json\/wp\/v2\/comments?post=15453"}],"wp:featuredmedia":[{"embeddable":true,"href":"https:\/\/www.vempele.fi\/sv\/wp-json\/wp\/v2\/media\/16531"}],"wp:attachment":[{"href":"https:\/\/www.vempele.fi\/sv\/wp-json\/wp\/v2\/media?parent=15453"}],"wp:term":[{"taxonomy":"product_brand","embeddable":true,"href":"https:\/\/www.vempele.fi\/sv\/wp-json\/wp\/v2\/product_brand?post=15453"},{"taxonomy":"product_cat","embeddable":true,"href":"https:\/\/www.vempele.fi\/sv\/wp-json\/wp\/v2\/product_cat?post=15453"},{"taxonomy":"product_tag","embeddable":true,"href":"https:\/\/www.vempele.fi\/sv\/wp-json\/wp\/v2\/product_tag?post=15453"}],"curies":[{"name":"wp","href":"https:\/\/api.w.org\/{rel}","templated":true}]}}