{"id":15548,"date":"2022-01-18T11:47:31","date_gmt":"2022-01-18T09:47:31","guid":{"rendered":"https:\/\/www.vempele.fi\/?post_type=product&#038;p=15548"},"modified":"2026-01-26T15:27:59","modified_gmt":"2026-01-26T13:27:59","slug":"leveransavgifter","status":"publish","type":"product","link":"https:\/\/www.vempele.fi\/sv\/tuote\/toimituskulut\/","title":{"rendered":"Leveransavgifter"},"content":{"rendered":"","protected":false},"excerpt":{"rendered":"<p>Du kan anv\u00e4nda den h\u00e4r produkten f\u00f6r att betala leveransavgifter om.<\/p>\n<ul>\n<li>du av misstag har valt upph\u00e4mtning fr\u00e5n Pirkkala ist\u00e4llet f\u00f6r leverans<\/li>\n<li>du vill ha en ny leverans f\u00f6r en order som inte har h\u00e4mtats ut och som har returnerats till oss.<\/li>\n<\/ul>\n<p>Vi v\u00e4ljer det billigaste leveranss\u00e4ttet f\u00f6r din best\u00e4llning, vilket vanligtvis \u00e4r ett uth\u00e4mtningspaket (Posti eller DB Schenker).<\/p>\n<p>Om du vill \u00e4ndra upph\u00e4mtning till leverans, v\u00e4nligen l\u00e4gg till ordernumret f\u00f6r den ursprungliga best\u00e4llningen i f\u00e4ltet f\u00f6r ytterligare information under k\u00f6pet. P\u00e5 s\u00e5 s\u00e4tt kan vi kombinera leveranskostnaderna med r\u00e4tt best\u00e4llning.<\/p>\n<p>&nbsp;<\/p>","protected":false},"featured_media":15549,"comment_status":"closed","ping_status":"closed","template":"","meta":[],"product_brand":[],"product_cat":[15],"product_tag":[467,213,466,212,465],"class_list":{"0":"post-15548","1":"product","2":"type-product","3":"status-publish","4":"has-post-thumbnail","6":"product_cat-kategorisoimaton","7":"product_tag-db-schenker","8":"product_tag-matkahuolto","9":"product_tag-postnord","10":"product_tag-toimitus","11":"product_tag-toimituskulut","12":"product_shipping_class-nouto","14":"first","15":"instock","16":"taxable","17":"shipping-taxable","18":"purchasable","19":"product-type-variable"},"jetpack_sharing_enabled":true,"_links":{"self":[{"href":"https:\/\/www.vempele.fi\/sv\/wp-json\/wp\/v2\/product\/15548","targetHints":{"allow":["GET"]}}],"collection":[{"href":"https:\/\/www.vempele.fi\/sv\/wp-json\/wp\/v2\/product"}],"about":[{"href":"https:\/\/www.vempele.fi\/sv\/wp-json\/wp\/v2\/types\/product"}],"replies":[{"embeddable":true,"href":"https:\/\/www.vempele.fi\/sv\/wp-json\/wp\/v2\/comments?post=15548"}],"wp:featuredmedia":[{"embeddable":true,"href":"https:\/\/www.vempele.fi\/sv\/wp-json\/wp\/v2\/media\/15549"}],"wp:attachment":[{"href":"https:\/\/www.vempele.fi\/sv\/wp-json\/wp\/v2\/media?parent=15548"}],"wp:term":[{"taxonomy":"product_brand","embeddable":true,"href":"https:\/\/www.vempele.fi\/sv\/wp-json\/wp\/v2\/product_brand?post=15548"},{"taxonomy":"product_cat","embeddable":true,"href":"https:\/\/www.vempele.fi\/sv\/wp-json\/wp\/v2\/product_cat?post=15548"},{"taxonomy":"product_tag","embeddable":true,"href":"https:\/\/www.vempele.fi\/sv\/wp-json\/wp\/v2\/product_tag?post=15548"}],"curies":[{"name":"wp","href":"https:\/\/api.w.org\/{rel}","templated":true}]}}