{"id":15571,"date":"2023-01-19T12:28:34","date_gmt":"2023-01-19T10:28:34","guid":{"rendered":"https:\/\/www.vempele.fi\/?post_type=product&#038;p=15571"},"modified":"2025-03-28T10:17:06","modified_gmt":"2025-03-28T08:17:06","slug":"tesla-modell-3-ventilationskapa","status":"publish","type":"product","link":"https:\/\/www.vempele.fi\/sv\/tuote\/tesla-model-3-ilmanvaihdon-suojus\/","title":{"rendered":"Ventilationsh\u00f6lje - Tesla Model 3 Refresh"},"content":{"rendered":"<ul>\n<li>Kompatibilitet: Tesla Model 3 Refresh vm. 2021 - 2023<\/li>\n<li>F\u00e4rg: svart<\/li>\n<li>Material: ABS-plast<\/li>\n<li>Vikt: 85 g<\/li>\n<li>Produktm\u00e5tt (ca): 31,5 x 9,5 x 0,5 cm<\/li>\n<\/ul>","protected":false},"excerpt":{"rendered":"<p>Ventilationsh\u00f6lje Tesla Model 3 Refresh vm. 2021 - 2023<\/p>\n<p>P\u00e5 s\u00e5 s\u00e4tt f\u00f6rhindras att st\u00f6rre skr\u00e4p kommer in i ventilationskanalerna.<\/p>\n<p>Mycket enkel och snabb att installera tack vare den dubbelh\u00e4ftande tejpen!<\/p>","protected":false},"featured_media":15573,"comment_status":"open","ping_status":"closed","template":"","meta":[],"product_brand":[],"product_cat":[151,452,481,128],"product_tag":[83,539,156,538,121],"class_list":{"0":"post-15571","1":"product","2":"type-product","3":"status-publish","4":"has-post-thumbnail","6":"product_cat-model-3","7":"product_cat-m3-tarvikkeet","8":"product_cat-tarvikkeet-ulkopuolelle-model-3","9":"product_cat-tesla-tuotteet","10":"product_tag-autotarvikkeet","11":"product_tag-ilmanvaihto","12":"product_tag-model-3","13":"product_tag-roskasuodatin","14":"product_tag-tesla","16":"first","17":"outofstock","18":"taxable","19":"shipping-taxable","20":"purchasable","21":"product-type-simple"},"jetpack_sharing_enabled":true,"_links":{"self":[{"href":"https:\/\/www.vempele.fi\/sv\/wp-json\/wp\/v2\/product\/15571","targetHints":{"allow":["GET"]}}],"collection":[{"href":"https:\/\/www.vempele.fi\/sv\/wp-json\/wp\/v2\/product"}],"about":[{"href":"https:\/\/www.vempele.fi\/sv\/wp-json\/wp\/v2\/types\/product"}],"replies":[{"embeddable":true,"href":"https:\/\/www.vempele.fi\/sv\/wp-json\/wp\/v2\/comments?post=15571"}],"wp:featuredmedia":[{"embeddable":true,"href":"https:\/\/www.vempele.fi\/sv\/wp-json\/wp\/v2\/media\/15573"}],"wp:attachment":[{"href":"https:\/\/www.vempele.fi\/sv\/wp-json\/wp\/v2\/media?parent=15571"}],"wp:term":[{"taxonomy":"product_brand","embeddable":true,"href":"https:\/\/www.vempele.fi\/sv\/wp-json\/wp\/v2\/product_brand?post=15571"},{"taxonomy":"product_cat","embeddable":true,"href":"https:\/\/www.vempele.fi\/sv\/wp-json\/wp\/v2\/product_cat?post=15571"},{"taxonomy":"product_tag","embeddable":true,"href":"https:\/\/www.vempele.fi\/sv\/wp-json\/wp\/v2\/product_tag?post=15571"}],"curies":[{"name":"wp","href":"https:\/\/api.w.org\/{rel}","templated":true}]}}