{"id":16403,"date":"2023-02-16T10:01:25","date_gmt":"2023-02-16T08:01:25","guid":{"rendered":"https:\/\/www.vempele.fi\/?post_type=product&#038;p=16403"},"modified":"2026-01-08T23:06:15","modified_gmt":"2026-01-08T21:06:15","slug":"tesla-modell-s-vevhus","status":"publish","type":"product","link":"https:\/\/www.vempele.fi\/sv\/tuote\/tesla-model-s-kuralapat\/","title":{"rendered":"Genv\u00e4gar - Tesla Model S 2023 -&gt;"},"content":{"rendered":"<p>Gasspj\u00e4llsskydd f\u00f6r Tesla Model S-modeller 2023 och fram\u00e5t. Paketet inneh\u00e5ller 4 stycken skydd (fram och bak p\u00e5 b\u00e5da sidor) samt n\u00f6dv\u00e4ndiga monteringsnitar med stift och metallkl\u00e4mmor.<\/p>\n<p><strong>Mer information<\/strong><\/p>\n<ul>\n<li>L\u00e4mplighet: f\u00f6r Tesla Model S\n<ul>\n<li>2023 Fram\u00e5t<\/li>\n<\/ul>\n<\/li>\n<li>Material: ABS-plast<\/li>\n<li>F\u00e4rg: svart<\/li>\n<li>Ing\u00e5r i paketet:\n<ul>\n<li>4 x gasreglage, komplett upps\u00e4ttning<\/li>\n<li>Fastst\u00e4llande av behov<\/li>\n<\/ul>\n<\/li>\n<\/ul>","protected":false},"excerpt":{"rendered":"<p>Mark\u00f6rknappar f\u00f6r Tesla Model S-modeller fr\u00e5n 2022 och fram\u00e5t. Paketet inneh\u00e5ller 4 stycken spj\u00e4llkroppar, fram och bak.<\/p>\n<p>Du kan anv\u00e4nda de befintliga plastinsatserna f\u00f6r innerh\u00f6ljet eller de f\u00e4stskruvar som medf\u00f6ljer f\u00f6rpackningen. Denna modell beh\u00f6ver inte borras separat i innerfodret, utan endast de befintliga h\u00e5len anv\u00e4nds.<\/p>\n<p>Vi rekommenderar att du anv\u00e4nder PPF-remsor f\u00f6r att skydda bilens lackyta (ing\u00e5r ej).<\/p>\n<p><strong>Obs! Denna produkt \u00e4r inte l\u00e4mplig f\u00f6r Tesla Model S tillverkad f\u00f6re 2023.<\/strong><\/p>","protected":false},"featured_media":16406,"comment_status":"open","ping_status":"closed","template":"","meta":[],"product_brand":[],"product_cat":[152,453,484,128],"product_tag":[83,270,172,121],"class_list":{"0":"post-16403","1":"product","2":"type-product","3":"status-publish","4":"has-post-thumbnail","6":"product_cat-model-s","7":"product_cat-ms-tarvikkeet","8":"product_cat-tarvikkeet-ulkopuolelle-model-s","9":"product_cat-tesla-tuotteet","10":"product_tag-autotarvikkeet","11":"product_tag-kuralapat","12":"product_tag-model-s","13":"product_tag-tesla","15":"first","16":"outofstock","17":"taxable","18":"shipping-taxable","19":"purchasable","20":"product-type-simple"},"jetpack_sharing_enabled":true,"_links":{"self":[{"href":"https:\/\/www.vempele.fi\/sv\/wp-json\/wp\/v2\/product\/16403","targetHints":{"allow":["GET"]}}],"collection":[{"href":"https:\/\/www.vempele.fi\/sv\/wp-json\/wp\/v2\/product"}],"about":[{"href":"https:\/\/www.vempele.fi\/sv\/wp-json\/wp\/v2\/types\/product"}],"replies":[{"embeddable":true,"href":"https:\/\/www.vempele.fi\/sv\/wp-json\/wp\/v2\/comments?post=16403"}],"wp:featuredmedia":[{"embeddable":true,"href":"https:\/\/www.vempele.fi\/sv\/wp-json\/wp\/v2\/media\/16406"}],"wp:attachment":[{"href":"https:\/\/www.vempele.fi\/sv\/wp-json\/wp\/v2\/media?parent=16403"}],"wp:term":[{"taxonomy":"product_brand","embeddable":true,"href":"https:\/\/www.vempele.fi\/sv\/wp-json\/wp\/v2\/product_brand?post=16403"},{"taxonomy":"product_cat","embeddable":true,"href":"https:\/\/www.vempele.fi\/sv\/wp-json\/wp\/v2\/product_cat?post=16403"},{"taxonomy":"product_tag","embeddable":true,"href":"https:\/\/www.vempele.fi\/sv\/wp-json\/wp\/v2\/product_tag?post=16403"}],"curies":[{"name":"wp","href":"https:\/\/api.w.org\/{rel}","templated":true}]}}