{"id":16407,"date":"2023-02-16T12:24:09","date_gmt":"2023-02-16T10:24:09","guid":{"rendered":"https:\/\/www.vempele.fi\/?post_type=product&#038;p=16407"},"modified":"2026-03-11T08:41:39","modified_gmt":"2026-03-11T06:41:39","slug":"tesla-modell-x-kuralapat","status":"publish","type":"product","link":"https:\/\/www.vempele.fi\/sv\/tuote\/tesla-model-x-kuralapat\/","title":{"rendered":"Genv\u00e4gar - Tesla Model X"},"content":{"rendered":"<p>Tesla Model X-formade vevhandtag. Paketet inneh\u00e5ller 4 stycken spj\u00e4llkroppar (f\u00f6r b\u00e5da sidor fram och bak) och n\u00f6dv\u00e4ndiga monteringsnitar med stift och metallkl\u00e4mmor.<\/p>\n<p><strong>Mer information<\/strong><\/p>\n<ul>\n<li>L\u00e4mplighet: f\u00f6r Tesla Model X\n<ul>\n<li>2015 - 2023<\/li>\n<li>2023 -&gt;<\/li>\n<\/ul>\n<\/li>\n<li>Material: ABS-plast<\/li>\n<li>F\u00e4rg: Svart<\/li>\n<li>Ing\u00e5r i paketet:\n<ul>\n<li>4 x vevhandtag, komplett upps\u00e4ttning<\/li>\n<li>Fastst\u00e4llande av behov<\/li>\n<\/ul>\n<\/li>\n<li>Namn: Tesla Model X St\u00e4nkskydd f\u00f6r st\u00e4nkskydd<\/li>\n<\/ul>","protected":false},"excerpt":{"rendered":"<p>Paketet inneh\u00e5ller 4 stycken spj\u00e4llkroppar, fram och bak, utformade f\u00f6r Tesla Model X. St\u00e4nkskydden \u00e4r utformade f\u00f6r att f\u00f6rhindra att lera, l\u00f6s smuts och stenar st\u00e4nker l\u00e4ngs lackerade ytor.<\/p>\n<p>Du kan anv\u00e4nda de befintliga plastinsatserna f\u00f6r innerh\u00f6ljet eller de f\u00e4stskruvar som medf\u00f6ljer f\u00f6rpackningen. Denna modell beh\u00f6ver inte borras separat i innerfodret, utan endast de befintliga h\u00e5len anv\u00e4nds.<\/p>","protected":false},"featured_media":16408,"comment_status":"open","ping_status":"closed","template":"","meta":[],"product_brand":[],"product_cat":[153,454,486,128],"product_tag":[83,270,173,736,121],"class_list":{"0":"post-16407","1":"product","2":"type-product","3":"status-publish","4":"has-post-thumbnail","6":"product_cat-model-x","7":"product_cat-mx-tarvikkeet","8":"product_cat-tarvikkeet-ulkopuolelle-model-x","9":"product_cat-tesla-tuotteet","10":"product_tag-autotarvikkeet","11":"product_tag-kuralapat","12":"product_tag-model-x","13":"product_tag-roiskelappa","14":"product_tag-tesla","16":"first","17":"instock","18":"taxable","19":"shipping-taxable","20":"purchasable","21":"product-type-variable"},"jetpack_sharing_enabled":true,"_links":{"self":[{"href":"https:\/\/www.vempele.fi\/sv\/wp-json\/wp\/v2\/product\/16407","targetHints":{"allow":["GET"]}}],"collection":[{"href":"https:\/\/www.vempele.fi\/sv\/wp-json\/wp\/v2\/product"}],"about":[{"href":"https:\/\/www.vempele.fi\/sv\/wp-json\/wp\/v2\/types\/product"}],"replies":[{"embeddable":true,"href":"https:\/\/www.vempele.fi\/sv\/wp-json\/wp\/v2\/comments?post=16407"}],"wp:featuredmedia":[{"embeddable":true,"href":"https:\/\/www.vempele.fi\/sv\/wp-json\/wp\/v2\/media\/16408"}],"wp:attachment":[{"href":"https:\/\/www.vempele.fi\/sv\/wp-json\/wp\/v2\/media?parent=16407"}],"wp:term":[{"taxonomy":"product_brand","embeddable":true,"href":"https:\/\/www.vempele.fi\/sv\/wp-json\/wp\/v2\/product_brand?post=16407"},{"taxonomy":"product_cat","embeddable":true,"href":"https:\/\/www.vempele.fi\/sv\/wp-json\/wp\/v2\/product_cat?post=16407"},{"taxonomy":"product_tag","embeddable":true,"href":"https:\/\/www.vempele.fi\/sv\/wp-json\/wp\/v2\/product_tag?post=16407"}],"curies":[{"name":"wp","href":"https:\/\/api.w.org\/{rel}","templated":true}]}}