{"id":16583,"date":"2023-02-24T13:18:39","date_gmt":"2023-02-24T11:18:39","guid":{"rendered":"https:\/\/www.vempele.fi\/?post_type=product&#038;p=16583"},"modified":"2026-04-16T21:10:44","modified_gmt":"2026-04-16T18:10:44","slug":"modell-3-y-ridex-pyoranlaakeri-rwd-awd","status":"publish","type":"product","link":"https:\/\/www.vempele.fi\/sv\/tuote\/model-3-y-ridex-pyoranlaakeri-rwd-awd\/","title":{"rendered":"Hjullager RWD, AWD - Ridex - Tesla Model 3 \/ Y"},"content":{"rendered":"<ul>\n<li>Tillverkare: ridex<\/li>\n<li>Tillverkarens identifikationsnummer: 654W1307<\/li>\n<li>OE-referensnummer som tillhandah\u00e5lls av tillverkaren:\n<ul>\n<li>1044121-00-E<\/li>\n<li>1044123-00-A<\/li>\n<\/ul>\n<\/li>\n<li>Vikt: ca 3,6 kg<\/li>\n<\/ul>\n<p><strong>Ej l\u00e4mplig f\u00f6r RWD-framaxel.<\/strong><\/p>\n<p>&nbsp;<\/p>","protected":false},"excerpt":{"rendered":"<p>Hjullager till Tesla Model 3 och Y fr\u00e5n Ridex. Hjullagret passar bakaxeln p\u00e5 RWD-modellen och fram- och bakaxeln p\u00e5 AWD-modellen.<\/p>\n<p><strong>Obs!<\/strong> Denna produkt \u00e4r inte l\u00e4mplig f\u00f6r framaxeln p\u00e5 modeller med bakhjulsdrift.<\/p>\n<p>L\u00e4mplighet:<\/p>\n<ul>\n<li>Modell 3: 2016 \u00e5rs modeller -&gt;<\/li>\n<li>Modell Y: 2020 \u00e5rs modeller -&gt;<\/li>\n<\/ul>","protected":false},"featured_media":16628,"comment_status":"open","ping_status":"closed","template":"","meta":[],"product_brand":[745],"product_cat":[151,154,471,472],"product_tag":[475,156,271,121,319],"class_list":{"0":"post-16583","1":"product","2":"type-product","3":"status-publish","4":"has-post-thumbnail","6":"product_brand-ridex","7":"product_cat-model-3","8":"product_cat-model-y","9":"product_cat-model-3-varaosat","10":"product_cat-varaosat-model-y","11":"product_tag-laakeri","12":"product_tag-model-3","13":"product_tag-model-y","14":"product_tag-tesla","15":"product_tag-varaosat","17":"first","18":"instock","19":"taxable","20":"shipping-taxable","21":"purchasable","22":"product-type-simple"},"jetpack_sharing_enabled":true,"_links":{"self":[{"href":"https:\/\/www.vempele.fi\/sv\/wp-json\/wp\/v2\/product\/16583","targetHints":{"allow":["GET"]}}],"collection":[{"href":"https:\/\/www.vempele.fi\/sv\/wp-json\/wp\/v2\/product"}],"about":[{"href":"https:\/\/www.vempele.fi\/sv\/wp-json\/wp\/v2\/types\/product"}],"replies":[{"embeddable":true,"href":"https:\/\/www.vempele.fi\/sv\/wp-json\/wp\/v2\/comments?post=16583"}],"wp:featuredmedia":[{"embeddable":true,"href":"https:\/\/www.vempele.fi\/sv\/wp-json\/wp\/v2\/media\/16628"}],"wp:attachment":[{"href":"https:\/\/www.vempele.fi\/sv\/wp-json\/wp\/v2\/media?parent=16583"}],"wp:term":[{"taxonomy":"product_brand","embeddable":true,"href":"https:\/\/www.vempele.fi\/sv\/wp-json\/wp\/v2\/product_brand?post=16583"},{"taxonomy":"product_cat","embeddable":true,"href":"https:\/\/www.vempele.fi\/sv\/wp-json\/wp\/v2\/product_cat?post=16583"},{"taxonomy":"product_tag","embeddable":true,"href":"https:\/\/www.vempele.fi\/sv\/wp-json\/wp\/v2\/product_tag?post=16583"}],"curies":[{"name":"wp","href":"https:\/\/api.w.org\/{rel}","templated":true}]}}