{"id":16617,"date":"2023-02-24T10:29:34","date_gmt":"2023-02-24T08:29:34","guid":{"rendered":"https:\/\/www.vempele.fi\/?post_type=product&#038;p=16617"},"modified":"2024-06-12T16:21:31","modified_gmt":"2024-06-12T13:21:31","slug":"modell-x-framaxelns-ovre-stodarm-vanster-sida","status":"publish","type":"product","link":"https:\/\/www.vempele.fi\/sv\/tuote\/model-x-etuakselin-ylatukivarsi-vasen-puoli\/","title":{"rendered":"Modell X - Framaxelns \u00f6vre st\u00f6darm, v\u00e4nster sida"},"content":{"rendered":"<p>OE-nummer som tillhandah\u00e5lls av tillverkaren:<br \/>\n1027322-00-D<br \/>\n1027322-00-E<\/p>\n<p>L\u00e4mplighet:<br \/>\nModell X - 2016 - 2020<\/p>\n<p>Material: pressat st\u00e5l<br \/>\nVikt: ca 2,9 kg<\/p>","protected":false},"excerpt":{"rendered":"<p>Tillbeh\u00f6r fr\u00e4mre axelns \u00f6vre st\u00f6darm, v\u00e4nster sida. Passar Model X.<\/p>\n<p>Enligt tillverkaren \u00e4r detta en f\u00f6rb\u00e4ttrad version av OE-st\u00f6darmen.<\/p>","protected":false},"featured_media":16644,"comment_status":"open","ping_status":"closed","template":"","meta":[],"product_brand":[],"product_cat":[153,474],"product_tag":[173,121,476,319],"class_list":{"0":"post-16617","1":"product","2":"type-product","3":"status-publish","4":"has-post-thumbnail","6":"product_cat-model-x","7":"product_cat-varaosat-model-x","8":"product_tag-model-x","9":"product_tag-tesla","10":"product_tag-tukivarsi","11":"product_tag-varaosat","13":"first","14":"outofstock","15":"taxable","16":"shipping-taxable","17":"purchasable","18":"product-type-simple"},"jetpack_sharing_enabled":true,"_links":{"self":[{"href":"https:\/\/www.vempele.fi\/sv\/wp-json\/wp\/v2\/product\/16617","targetHints":{"allow":["GET"]}}],"collection":[{"href":"https:\/\/www.vempele.fi\/sv\/wp-json\/wp\/v2\/product"}],"about":[{"href":"https:\/\/www.vempele.fi\/sv\/wp-json\/wp\/v2\/types\/product"}],"replies":[{"embeddable":true,"href":"https:\/\/www.vempele.fi\/sv\/wp-json\/wp\/v2\/comments?post=16617"}],"wp:featuredmedia":[{"embeddable":true,"href":"https:\/\/www.vempele.fi\/sv\/wp-json\/wp\/v2\/media\/16644"}],"wp:attachment":[{"href":"https:\/\/www.vempele.fi\/sv\/wp-json\/wp\/v2\/media?parent=16617"}],"wp:term":[{"taxonomy":"product_brand","embeddable":true,"href":"https:\/\/www.vempele.fi\/sv\/wp-json\/wp\/v2\/product_brand?post=16617"},{"taxonomy":"product_cat","embeddable":true,"href":"https:\/\/www.vempele.fi\/sv\/wp-json\/wp\/v2\/product_cat?post=16617"},{"taxonomy":"product_tag","embeddable":true,"href":"https:\/\/www.vempele.fi\/sv\/wp-json\/wp\/v2\/product_tag?post=16617"}],"curies":[{"name":"wp","href":"https:\/\/api.w.org\/{rel}","templated":true}]}}