{"id":17154,"date":"2023-03-21T15:05:21","date_gmt":"2023-03-21T13:05:21","guid":{"rendered":"https:\/\/www.vempele.fi\/?post_type=product&#038;p=17154"},"modified":"2025-08-28T11:47:42","modified_gmt":"2025-08-28T08:47:42","slug":"tesla-modell-y-3-hjulskyddsoverdrag-alcantara","status":"publish","type":"product","link":"https:\/\/www.vempele.fi\/sv\/tuote\/tesla-model-y-3-ratin-suojatarra-alcantara\/","title":{"rendered":"Bakre st\u00e4nkskydd Alcantara - Tesla Model Y \/ 3"},"content":{"rendered":"<p>Bakre st\u00e4nkskydd Alcantara - Tesla Model Y \/ 3<\/p>\n<p>Du kommer att f\u00e5 tre olika stora bitar som passar i de positioner som visas i exempelbilderna och den h\u00e4r produkten passar Tesla Model 3 \/ Y-ratten. Delarna placeras s\u00e4kert p\u00e5 plats med hj\u00e4lp av den sj\u00e4lvh\u00e4ftande ytan p\u00e5 de skyddande klisterm\u00e4rkena. Kom ih\u00e5g att reng\u00f6ra ytorna v\u00e4l f\u00f6re installationen och att utf\u00f6ra installationen i ett varmt rum. Detta s\u00e4kerst\u00e4ller maximal vidh\u00e4ftning av den sj\u00e4lvh\u00e4ftande ytan.<\/p>\n<ul>\n<li>\u00a0L\u00e4mplighet:\n<ul>\n<li>Modell Y 2020 - 2024<\/li>\n<li>Model 3 Pre-Refresh vm. 2019 - 2021<\/li>\n<li>Modell 3 Uppdatering vm. 2021 - 2023<\/li>\n<\/ul>\n<\/li>\n<li>Material: alcantara<\/li>\n<li>F\u00e4rgalternativ: svart, orange, r\u00f6d, bl\u00e5<\/li>\n<\/ul>","protected":false},"excerpt":{"rendered":"<p>Bakre st\u00e4nkskydd Alcantara - Tesla Model Y \/ 3<\/p>\n<p>Med dekorativa delar p\u00e5 Alcantara-ytan kan du anpassa utseendet p\u00e5 din bil. De h\u00e4r rattkl\u00e4dslarna ser du varje g\u00e5ng du s\u00e4tter dig i din bil. Alcantara \u00e4r bekv\u00e4mt att ta p\u00e5 eftersom det \u00e4r ett mikrofibertyg tillverkat av polyester och polyuretan, med en stark likhet med mocka i k\u00e4nsla och utseende.<\/p>","protected":false},"featured_media":17161,"comment_status":"open","ping_status":"closed","template":"","meta":[],"product_brand":[],"product_cat":[151,154,452,455,480,482,128],"product_tag":[520,156,271,415,411,265,121],"class_list":{"0":"post-17154","1":"product","2":"type-product","3":"status-publish","4":"has-post-thumbnail","6":"product_cat-model-3","7":"product_cat-model-y","8":"product_cat-m3-tarvikkeet","9":"product_cat-my-tarvikkeet","10":"product_cat-tarvikkeet-sisapuolelle-model-3","11":"product_cat-tarvikkeet-sisapuolelle-model-y","12":"product_cat-tesla-tuotteet","13":"product_tag-alcantara","14":"product_tag-model-3","15":"product_tag-model-y","16":"product_tag-ratti","17":"product_tag-suoja","18":"product_tag-tarra","19":"product_tag-tesla","21":"first","22":"instock","23":"taxable","24":"shipping-taxable","25":"purchasable","26":"product-type-variable"},"jetpack_sharing_enabled":true,"_links":{"self":[{"href":"https:\/\/www.vempele.fi\/sv\/wp-json\/wp\/v2\/product\/17154","targetHints":{"allow":["GET"]}}],"collection":[{"href":"https:\/\/www.vempele.fi\/sv\/wp-json\/wp\/v2\/product"}],"about":[{"href":"https:\/\/www.vempele.fi\/sv\/wp-json\/wp\/v2\/types\/product"}],"replies":[{"embeddable":true,"href":"https:\/\/www.vempele.fi\/sv\/wp-json\/wp\/v2\/comments?post=17154"}],"wp:featuredmedia":[{"embeddable":true,"href":"https:\/\/www.vempele.fi\/sv\/wp-json\/wp\/v2\/media\/17161"}],"wp:attachment":[{"href":"https:\/\/www.vempele.fi\/sv\/wp-json\/wp\/v2\/media?parent=17154"}],"wp:term":[{"taxonomy":"product_brand","embeddable":true,"href":"https:\/\/www.vempele.fi\/sv\/wp-json\/wp\/v2\/product_brand?post=17154"},{"taxonomy":"product_cat","embeddable":true,"href":"https:\/\/www.vempele.fi\/sv\/wp-json\/wp\/v2\/product_cat?post=17154"},{"taxonomy":"product_tag","embeddable":true,"href":"https:\/\/www.vempele.fi\/sv\/wp-json\/wp\/v2\/product_tag?post=17154"}],"curies":[{"name":"wp","href":"https:\/\/api.w.org\/{rel}","templated":true}]}}