{"id":17264,"date":"2023-03-24T14:59:13","date_gmt":"2023-03-24T12:59:13","guid":{"rendered":"https:\/\/www.vempele.fi\/?post_type=product&#038;p=17264"},"modified":"2026-04-07T12:08:22","modified_gmt":"2026-04-07T09:08:22","slug":"tesla-modell-y-bagagelucka-tillbehorslada","status":"publish","type":"product","link":"https:\/\/www.vempele.fi\/sv\/tuote\/tesla-model-y-frunk-tarvikelaatikko\/","title":{"rendered":"Frunks tillbeh\u00f6rsl\u00e5da - Tesla Model Y"},"content":{"rendered":"<p>Frunks tillbeh\u00f6rsl\u00e5da - Tesla Model Y<\/p>\n<ul>\n<li>Material: ABS-plast<\/li>\n<li>F\u00e4rg: Svart<\/li>\n<li>M\u00e5tt: 86 x 39 x 16,5 cm (maxm\u00e5tt)<\/li>\n<li>Vikt: 2,4 kg<\/li>\n<li>L\u00e4mplighet:\n<ul>\n<li>Tesla Model Y 2020 - 2024<\/li>\n<\/ul>\n<\/li>\n<\/ul>","protected":false},"excerpt":{"rendered":"<p>Tesla Model Y - tillbeh\u00f6rsl\u00e5da f\u00f6r bagageutrymmet i det fr\u00e4mre f\u00f6rvaringsfacket. Tillbeh\u00f6rsl\u00e5dan hj\u00e4lper dig att h\u00e5lla ordning p\u00e5 sakerna i bagageutrymmet. Tillverkad av superstark ABS-plast som h\u00e5ller formen \u00e4ven under tung belastning. Passar perfekt!<\/p>\n<p>Brickan har sex fack f\u00f6r f\u00f6rem\u00e5l i olika storlekar. Tack vare den djupa designen kan du transportera t.ex. v\u00e4tskor utan att beh\u00f6va oroa dig f\u00f6r att spilla ut dem.<\/p>","protected":false},"featured_media":17447,"comment_status":"open","ping_status":"closed","template":"","meta":[],"product_brand":[],"product_cat":[408,154,455,482,128],"product_tag":[83,503,557,271,121],"class_list":{"0":"post-17264","1":"product","2":"type-product","3":"status-publish","4":"has-post-thumbnail","6":"product_cat-matot-model-y","7":"product_cat-model-y","8":"product_cat-my-tarvikkeet","9":"product_cat-tarvikkeet-sisapuolelle-model-y","10":"product_cat-tesla-tuotteet","11":"product_tag-autotarvikkeet","12":"product_tag-frunk","13":"product_tag-lokero","14":"product_tag-model-y","15":"product_tag-tesla","16":"product_shipping_class-nouto","18":"first","19":"instock","20":"sale","21":"taxable","22":"shipping-taxable","23":"purchasable","24":"product-type-simple"},"jetpack_sharing_enabled":true,"_links":{"self":[{"href":"https:\/\/www.vempele.fi\/sv\/wp-json\/wp\/v2\/product\/17264","targetHints":{"allow":["GET"]}}],"collection":[{"href":"https:\/\/www.vempele.fi\/sv\/wp-json\/wp\/v2\/product"}],"about":[{"href":"https:\/\/www.vempele.fi\/sv\/wp-json\/wp\/v2\/types\/product"}],"replies":[{"embeddable":true,"href":"https:\/\/www.vempele.fi\/sv\/wp-json\/wp\/v2\/comments?post=17264"}],"wp:featuredmedia":[{"embeddable":true,"href":"https:\/\/www.vempele.fi\/sv\/wp-json\/wp\/v2\/media\/17447"}],"wp:attachment":[{"href":"https:\/\/www.vempele.fi\/sv\/wp-json\/wp\/v2\/media?parent=17264"}],"wp:term":[{"taxonomy":"product_brand","embeddable":true,"href":"https:\/\/www.vempele.fi\/sv\/wp-json\/wp\/v2\/product_brand?post=17264"},{"taxonomy":"product_cat","embeddable":true,"href":"https:\/\/www.vempele.fi\/sv\/wp-json\/wp\/v2\/product_cat?post=17264"},{"taxonomy":"product_tag","embeddable":true,"href":"https:\/\/www.vempele.fi\/sv\/wp-json\/wp\/v2\/product_tag?post=17264"}],"curies":[{"name":"wp","href":"https:\/\/api.w.org\/{rel}","templated":true}]}}