{"id":17739,"date":"2023-04-04T13:03:48","date_gmt":"2023-04-04T10:03:48","guid":{"rendered":"https:\/\/www.vempele.fi\/?post_type=product&#038;p=17739"},"modified":"2024-04-10T07:32:22","modified_gmt":"2024-04-10T04:32:22","slug":"nokian-dack-hakka-black-3-235-45r18-98w-xl-modell-3","status":"publish","type":"product","link":"https:\/\/www.vempele.fi\/sv\/tuote\/nokian-tyres-hakka-black-3-235-45r18-98w-xl-model-3\/","title":{"rendered":"Nokian D\u00e4ck Hakka Black 3: 235\/45R18 98W XL - Modell 3"},"content":{"rendered":"<p>1 Nokian Tyres Hakka Black 3: 235\/45R18 98W XL.<\/p>\n<ul>\n<li class=\"single-product__section-title\">EU:s d\u00e4ckm\u00e4rkning<\/li>\n<li>Typ: sommard\u00e4ck<\/li>\n<li>Tum: 18<\/li>\n<li>Bredd: 235<\/li>\n<li>Profil: 45<\/li>\n<li class=\"single-product__section-title\">Hastighetskategori: 270 km\/tim (W)<\/li>\n<li class=\"single-product__section-title\">Lastkapacitet: 750 kg (98)<\/li>\n<li>D\u00e4ckklassificering: C1<\/li>\n<li>Br\u00e4nsleekonomi: C<\/li>\n<li>Underh\u00e5ll av v\u00e5tutrymmen: A<\/li>\n<li>Klassificering och intensitet f\u00f6r passerande buller: B 70dB<\/li>\n<\/ul>","protected":false},"excerpt":{"rendered":"<p class=\"single-product__title\">Nokian D\u00e4ck Hakka Black 3: 235\/45R18 98W XL.<\/p>\n<p>Sommard\u00e4ck.<\/p>\n<p>Hakka Black 3-v\u00e5tgreppet \u00e4r det b\u00e4sta i Grupp A och ger dig utm\u00e4rkt v\u00e5tgrepp fr\u00e5n v\u00e5r till h\u00f6st. F\u00f6r de 18\u2033 ZAX-f\u00e4lgar som finns tillg\u00e4ngliga via oss, h\u00e4r \u00e4r det perfekta paret.<\/p>\n<p class=\"ewa-rteLine\">Hakka Black 3 \u00e4r utformat f\u00f6r h\u00f6gpresterande bilar och \u00e4r 1 dB tystare \u00e4n sin f\u00f6reg\u00e5ngare p\u00e5 plan asfalt. D\u00e4cket har en Silent MultiZone-design som ger behagliga ljudniv\u00e5er p\u00e5 en m\u00e4ngd olika v\u00e4gbel\u00e4ggningar.<\/p>\n<p><strong>Obs!<\/strong><\/p>\n<p>Vi har inte alltid det h\u00e4r d\u00e4cket p\u00e5 hyllan, men vi kan f\u00e5 det snabbt fr\u00e5n en grossist p\u00e5 cirka 2 dagar.<\/p>","protected":false},"featured_media":17741,"comment_status":"open","ping_status":"closed","template":"","meta":[],"product_brand":[],"product_cat":[151,371,128],"product_tag":[301,394,299,300,121,120,321],"class_list":{"0":"post-17739","1":"product","2":"type-product","3":"status-publish","4":"has-post-thumbnail","6":"product_cat-model-3","7":"product_cat-renkaat","8":"product_cat-tesla-tuotteet","9":"product_tag-autonrenkaat","10":"product_tag-nokian-renkaat","11":"product_tag-rengas","12":"product_tag-renkaat","13":"product_tag-tesla","14":"product_tag-tesla-model-3","15":"product_tag-vanteet","16":"product_shipping_class-nouto","18":"first","19":"instock","20":"taxable","21":"shipping-taxable","22":"purchasable","23":"product-type-simple"},"jetpack_sharing_enabled":true,"_links":{"self":[{"href":"https:\/\/www.vempele.fi\/sv\/wp-json\/wp\/v2\/product\/17739","targetHints":{"allow":["GET"]}}],"collection":[{"href":"https:\/\/www.vempele.fi\/sv\/wp-json\/wp\/v2\/product"}],"about":[{"href":"https:\/\/www.vempele.fi\/sv\/wp-json\/wp\/v2\/types\/product"}],"replies":[{"embeddable":true,"href":"https:\/\/www.vempele.fi\/sv\/wp-json\/wp\/v2\/comments?post=17739"}],"wp:featuredmedia":[{"embeddable":true,"href":"https:\/\/www.vempele.fi\/sv\/wp-json\/wp\/v2\/media\/17741"}],"wp:attachment":[{"href":"https:\/\/www.vempele.fi\/sv\/wp-json\/wp\/v2\/media?parent=17739"}],"wp:term":[{"taxonomy":"product_brand","embeddable":true,"href":"https:\/\/www.vempele.fi\/sv\/wp-json\/wp\/v2\/product_brand?post=17739"},{"taxonomy":"product_cat","embeddable":true,"href":"https:\/\/www.vempele.fi\/sv\/wp-json\/wp\/v2\/product_cat?post=17739"},{"taxonomy":"product_tag","embeddable":true,"href":"https:\/\/www.vempele.fi\/sv\/wp-json\/wp\/v2\/product_tag?post=17739"}],"curies":[{"name":"wp","href":"https:\/\/api.w.org\/{rel}","templated":true}]}}