{"id":17747,"date":"2023-04-04T14:48:54","date_gmt":"2023-04-04T11:48:54","guid":{"rendered":"https:\/\/www.vempele.fi\/?post_type=product&#038;p=17747"},"modified":"2024-04-10T07:31:36","modified_gmt":"2024-04-10T04:31:36","slug":"radar-dimax-r8-235-45r18-98y-tesla-modell-3","status":"publish","type":"product","link":"https:\/\/www.vempele.fi\/sv\/tuote\/radar-dimax-r8-235-45r18-98y-tesla-model-3\/","title":{"rendered":"Radar Dimax R8+: 235\/45R18 98Y - Tesla Model 3"},"content":{"rendered":"<p>1 st Radar Dimax R8+: 235\/45R18 98Y - Tesla Model 3.<\/p>\n<ul>\n<li class=\"single-product__section-title\">EU:s d\u00e4ckm\u00e4rkning<\/li>\n<li>Typ: sommard\u00e4ck<\/li>\n<li>Tum: 18<\/li>\n<li>Bredd: 235<\/li>\n<li>Profil: 45<\/li>\n<li class=\"single-product__section-title\">Hastighetskategori: 300 km\/tim (W)<\/li>\n<li class=\"single-product__section-title\">Lastkapacitet: 750 kg (98)<\/li>\n<li>D\u00e4ckklassificering: C1<\/li>\n<li>Br\u00e4nsleekonomi: C<\/li>\n<li>Underh\u00e5ll av v\u00e5tutrymmen: A<\/li>\n<li>Klassificering och intensitet f\u00f6r passerande buller: B 72dB<\/li>\n<\/ul>","protected":false},"excerpt":{"rendered":"<p class=\"single-product__title\">Radar Dimax R8+: 235\/45R18 98Y.<\/p>\n<p>Sommard\u00e4ck.<\/p>\n<p class=\"ewa-rteLine\">Omni Uniteds d\u00e4ckvarum\u00e4rke, Radar Dimax-d\u00e4cket, ger grepp och exakta k\u00f6regenskaper p\u00e5 b\u00e5de v\u00e5ta och torra v\u00e4gar.<\/p>\n<p>Vi har inte alltid det h\u00e4r d\u00e4cket p\u00e5 hyllan, men vi kan f\u00e5 det snabbt fr\u00e5n en grossist p\u00e5 cirka 2 dagar.<\/p>","protected":false},"featured_media":17745,"comment_status":"open","ping_status":"closed","template":"","meta":[],"product_brand":[],"product_cat":[151,371,128],"product_tag":[301,494,299,300,121,120,321],"class_list":{"0":"post-17747","1":"product","2":"type-product","3":"status-publish","4":"has-post-thumbnail","6":"product_cat-model-3","7":"product_cat-renkaat","8":"product_cat-tesla-tuotteet","9":"product_tag-autonrenkaat","10":"product_tag-radar-dimax","11":"product_tag-rengas","12":"product_tag-renkaat","13":"product_tag-tesla","14":"product_tag-tesla-model-3","15":"product_tag-vanteet","16":"product_shipping_class-nouto","18":"first","19":"instock","20":"taxable","21":"shipping-taxable","22":"purchasable","23":"product-type-simple"},"jetpack_sharing_enabled":true,"_links":{"self":[{"href":"https:\/\/www.vempele.fi\/sv\/wp-json\/wp\/v2\/product\/17747","targetHints":{"allow":["GET"]}}],"collection":[{"href":"https:\/\/www.vempele.fi\/sv\/wp-json\/wp\/v2\/product"}],"about":[{"href":"https:\/\/www.vempele.fi\/sv\/wp-json\/wp\/v2\/types\/product"}],"replies":[{"embeddable":true,"href":"https:\/\/www.vempele.fi\/sv\/wp-json\/wp\/v2\/comments?post=17747"}],"wp:featuredmedia":[{"embeddable":true,"href":"https:\/\/www.vempele.fi\/sv\/wp-json\/wp\/v2\/media\/17745"}],"wp:attachment":[{"href":"https:\/\/www.vempele.fi\/sv\/wp-json\/wp\/v2\/media?parent=17747"}],"wp:term":[{"taxonomy":"product_brand","embeddable":true,"href":"https:\/\/www.vempele.fi\/sv\/wp-json\/wp\/v2\/product_brand?post=17747"},{"taxonomy":"product_cat","embeddable":true,"href":"https:\/\/www.vempele.fi\/sv\/wp-json\/wp\/v2\/product_cat?post=17747"},{"taxonomy":"product_tag","embeddable":true,"href":"https:\/\/www.vempele.fi\/sv\/wp-json\/wp\/v2\/product_tag?post=17747"}],"curies":[{"name":"wp","href":"https:\/\/api.w.org\/{rel}","templated":true}]}}