{"id":18753,"date":"2023-05-09T09:35:44","date_gmt":"2023-05-09T06:35:44","guid":{"rendered":"https:\/\/www.vempele.fi\/?post_type=product&#038;p=18753"},"modified":"2023-10-03T14:38:40","modified_gmt":"2023-10-03T11:38:40","slug":"skummadrass-for-bil-tesla-modell-y","status":"publish","type":"product","link":"https:\/\/www.vempele.fi\/sv\/tuote\/vaahtomuovipatja-autoon-tesla-model-y\/","title":{"rendered":"Skummadrass f\u00f6r bil - Tesla Model Y"},"content":{"rendered":"<p>En praktisk skummadrass f\u00f6r l\u00e5nga bilresor och camping.<\/p>\n<p>Paketet inneh\u00e5ller<\/p>\n<ul>\n<li>Skumkuddar med polyuretan\u00f6verdrag x 3 stycken (ca 185 x 35 x 3-5 cm)<\/li>\n<li>L\u00f6st \u00f6verdrag f\u00f6r madrass x 1<\/li>\n<li>F\u00f6rvaringsv\u00e4ska i svart nylon x 1<\/li>\n<\/ul>\n<p><strong>Detaljer:<\/strong><\/p>\n<ul>\n<li>L\u00e4mplighet: f\u00f6r Tesla Model Y<\/li>\n<li>L\u00e4ngd: 185 cm<\/li>\n<li>Bredd: 35 cm med en sektion. Obs! Madrassen best\u00e5r av tre delar<\/li>\n<li>Tjocklek: 3-5 cm\n<ul>\n<li>Plywoodf\u00f6rst\u00e4rkning i ena \u00e4nden av madrassen p\u00e5 baksidan<\/li>\n<\/ul>\n<\/li>\n<\/ul>\n<p>&nbsp;<\/p>","protected":false},"excerpt":{"rendered":"<p>Skummadrass f\u00f6r Tesla Model Y. Den h\u00e4r behagligt mjuka madrassen g\u00f6r att du sover som en stock i din bil.<\/p>\n<p>Den hopf\u00e4llbara designen g\u00f6r det enkelt att visa upp och f\u00f6rvara madrassen. Botten p\u00e5 madrasssektionerna har kardborreband f\u00f6r att f\u00e4sta dem vid containerbasen och ryggst\u00f6dstyget p\u00e5 flera punkter. Detta s\u00e4kerst\u00e4ller att madrassen h\u00e5lls p\u00e5 plats \u00e4ven om du v\u00e4nder och vrider p\u00e5 dig i s\u00f6mnen. Madrassen har ett avtagbart tyg\u00f6verdrag.<\/p>\n<p>Med den medf\u00f6ljande f\u00f6rvaringsv\u00e4skan kan du f\u00f6rvara din madrass utan att beh\u00f6va oroa dig f\u00f6r att den ska bli smutsig n\u00e4r du inte \u00e4r p\u00e5 resande fot. V\u00e4skan passar ocks\u00e5 i bilens front och under bakluckan, s\u00e5 att du kan anv\u00e4nda den f\u00f6r att b\u00e4ra andra f\u00f6rem\u00e5l.<\/p>\n<p>&nbsp;<\/p>","protected":false},"featured_media":18917,"comment_status":"open","ping_status":"closed","template":"","meta":[],"product_brand":[],"product_cat":[154,455,482,128],"product_tag":[83,310,271,121,502],"class_list":{"0":"post-18753","1":"product","2":"type-product","3":"status-publish","4":"has-post-thumbnail","6":"product_cat-model-y","7":"product_cat-my-tarvikkeet","8":"product_cat-tarvikkeet-sisapuolelle-model-y","9":"product_cat-tesla-tuotteet","10":"product_tag-autotarvikkeet","11":"product_tag-makuualusta","12":"product_tag-model-y","13":"product_tag-tesla","14":"product_tag-vaahtomuovipatja","16":"first","17":"outofstock","18":"taxable","19":"shipping-taxable","20":"purchasable","21":"product-type-simple"},"jetpack_sharing_enabled":true,"_links":{"self":[{"href":"https:\/\/www.vempele.fi\/sv\/wp-json\/wp\/v2\/product\/18753","targetHints":{"allow":["GET"]}}],"collection":[{"href":"https:\/\/www.vempele.fi\/sv\/wp-json\/wp\/v2\/product"}],"about":[{"href":"https:\/\/www.vempele.fi\/sv\/wp-json\/wp\/v2\/types\/product"}],"replies":[{"embeddable":true,"href":"https:\/\/www.vempele.fi\/sv\/wp-json\/wp\/v2\/comments?post=18753"}],"wp:featuredmedia":[{"embeddable":true,"href":"https:\/\/www.vempele.fi\/sv\/wp-json\/wp\/v2\/media\/18917"}],"wp:attachment":[{"href":"https:\/\/www.vempele.fi\/sv\/wp-json\/wp\/v2\/media?parent=18753"}],"wp:term":[{"taxonomy":"product_brand","embeddable":true,"href":"https:\/\/www.vempele.fi\/sv\/wp-json\/wp\/v2\/product_brand?post=18753"},{"taxonomy":"product_cat","embeddable":true,"href":"https:\/\/www.vempele.fi\/sv\/wp-json\/wp\/v2\/product_cat?post=18753"},{"taxonomy":"product_tag","embeddable":true,"href":"https:\/\/www.vempele.fi\/sv\/wp-json\/wp\/v2\/product_tag?post=18753"}],"curies":[{"name":"wp","href":"https:\/\/api.w.org\/{rel}","templated":true}]}}