{"id":18760,"date":"2023-05-08T12:23:57","date_gmt":"2023-05-08T09:23:57","guid":{"rendered":"https:\/\/www.vempele.fi\/?post_type=product&#038;p=18760"},"modified":"2026-04-17T11:11:51","modified_gmt":"2026-04-17T08:11:51","slug":"baksatesskydd-for-baksaten-tesla-modell-y","status":"publish","type":"product","link":"https:\/\/www.vempele.fi\/sv\/tuote\/takapenkin-takaosan-penkinsuojat-tesla-model-y\/","title":{"rendered":"Skydd f\u00f6r baks\u00e4tets ryggst\u00f6d - Tesla Model Y"},"content":{"rendered":"<p>Skydd f\u00f6r baks\u00e4tets ryggst\u00f6d - Tesla Model Y. F\u00f6rpackning med tre separata skydd som tillsammans t\u00e4cker hela baksidan av baks\u00e4tet.<\/p>\n<p><b>Ytterligare information:<\/b><\/p>\n<ul>\n<li>L\u00e4mplighet: f\u00f6r Tesla Model Y<\/li>\n<li>\u00c5rsmodell: 2021 -&gt;<\/li>\n<li>Material: flexibel plast<\/li>\n<li>F\u00e4rg: svart<\/li>\n<\/ul>","protected":false},"excerpt":{"rendered":"<p>Ryggskydd f\u00f6r baks\u00e4tet f\u00f6r Tesla Model Y. Skydden \u00e4r tillverkade av EVA-plast, precis som v\u00e5ra mycket popul\u00e4ra mattor f\u00f6r l\u00e5ng r\u00e4ckvidd. Den h\u00e4r produkten skyddar baks\u00e4tets ryggst\u00f6d fr\u00e5n smuts och slitage om du ofta lutar s\u00e4tena och b\u00e4r dina saker i baks\u00e4tet.<\/p>\n<p>Skydden \u00e4r en perfekt matchning n\u00e4r det g\u00e4ller utseende <a href=\"https:\/\/www.vempele.fi\/sv\/product-2\/tesla-modell-y-fjarrkontroller-for-bagageutrymmet\/\" target=\"_blank\" rel=\"noopener\">Modell Y Trunk Matin<\/a> med.<\/p>\n<p>Mattorna \u00e4r l\u00e4tta att reng\u00f6ra, \u00e4ven under kranen och med en l\u00e4tt borste - smuts och smuts lossnar l\u00e4tt fr\u00e5n plastytan. Precis som de andra mattorna i v\u00e5rt sortiment passar de h\u00e4r mattorna perfekt och glider rakt p\u00e5 plats.<\/p>\n<p>Tack vare kardborref\u00e4stet g\u00e5r det snabbt att montera och vid behov ta bort produkten.<\/p>","protected":false},"featured_media":18911,"comment_status":"open","ping_status":"closed","template":"","meta":[],"product_brand":[],"product_cat":[408,154,128],"product_tag":[83,411,121,203],"class_list":{"0":"post-18760","1":"product","2":"type-product","3":"status-publish","4":"has-post-thumbnail","6":"product_cat-matot-model-y","7":"product_cat-model-y","8":"product_cat-tesla-tuotteet","9":"product_tag-autotarvikkeet","10":"product_tag-suoja","11":"product_tag-tesla","12":"product_tag-tesla-model-y","14":"first","15":"instock","16":"taxable","17":"shipping-taxable","18":"purchasable","19":"product-type-simple"},"jetpack_sharing_enabled":true,"_links":{"self":[{"href":"https:\/\/www.vempele.fi\/sv\/wp-json\/wp\/v2\/product\/18760","targetHints":{"allow":["GET"]}}],"collection":[{"href":"https:\/\/www.vempele.fi\/sv\/wp-json\/wp\/v2\/product"}],"about":[{"href":"https:\/\/www.vempele.fi\/sv\/wp-json\/wp\/v2\/types\/product"}],"replies":[{"embeddable":true,"href":"https:\/\/www.vempele.fi\/sv\/wp-json\/wp\/v2\/comments?post=18760"}],"wp:featuredmedia":[{"embeddable":true,"href":"https:\/\/www.vempele.fi\/sv\/wp-json\/wp\/v2\/media\/18911"}],"wp:attachment":[{"href":"https:\/\/www.vempele.fi\/sv\/wp-json\/wp\/v2\/media?parent=18760"}],"wp:term":[{"taxonomy":"product_brand","embeddable":true,"href":"https:\/\/www.vempele.fi\/sv\/wp-json\/wp\/v2\/product_brand?post=18760"},{"taxonomy":"product_cat","embeddable":true,"href":"https:\/\/www.vempele.fi\/sv\/wp-json\/wp\/v2\/product_cat?post=18760"},{"taxonomy":"product_tag","embeddable":true,"href":"https:\/\/www.vempele.fi\/sv\/wp-json\/wp\/v2\/product_tag?post=18760"}],"curies":[{"name":"wp","href":"https:\/\/api.w.org\/{rel}","templated":true}]}}