{"id":18988,"date":"2023-05-11T13:52:20","date_gmt":"2023-05-11T10:52:20","guid":{"rendered":"https:\/\/www.vempele.fi\/?post_type=product&#038;p=18988"},"modified":"2026-02-08T20:40:00","modified_gmt":"2026-02-08T18:40:00","slug":"kylare-for-frunk-tesla-model-s-3-x-y","status":"publish","type":"product","link":"https:\/\/www.vempele.fi\/sv\/tuote\/kylmalaukku-frunkkiin-tesla-model-s-3-x-y\/","title":{"rendered":"Kylare f\u00f6r bagageutrymmet - Tesla Model S \/ 3 \/ X \/ Y"},"content":{"rendered":"<p>Kylv\u00e4ska med b\u00e4rhandtag.<\/p>\n<p><b>Ytterligare information:<\/b><\/p>\n<ul>\n<li>L\u00e4mplighet: f\u00f6r Tesla Model S \/ 3 \/ X \/ Y<\/li>\n<li>Material: nylon, plast<\/li>\n<li>Storlek: cirka 68 cm x 39 cm x 20 cm<\/li>\n<li>F\u00e4rg: Svart<\/li>\n<\/ul>","protected":false},"excerpt":{"rendered":"<p>En praktisk, snygg och m\u00e5ngsidig kylbox.<\/p>\n<p>Med den h\u00e4r produkten kan du enkelt \u00e5tervinna ditt skr\u00e4p! V\u00e4skan har \u00e4ven b\u00e4rhandtag och en l\u00e5ng axelrem, vilket g\u00f6r den enkel och bekv\u00e4m att b\u00e4ra. V\u00e4skan \u00e4r mycket rymlig och rymmer ett stort antal snacks och drycker.<\/p>\n<p>\u00c4ven testad f\u00f6r l\u00e4mplighet \u00e5tminstone i f\u00f6rvaringsutrymmet i Y:s baklucka.<\/p>","protected":false},"featured_media":18989,"comment_status":"open","ping_status":"closed","template":"","meta":[],"product_brand":[],"product_cat":[151,152,153,154,452,453,454,455,480,485,487,482,128],"product_tag":[503,504,156,172,173,271,121],"class_list":{"0":"post-18988","1":"product","2":"type-product","3":"status-publish","4":"has-post-thumbnail","6":"product_cat-model-3","7":"product_cat-model-s","8":"product_cat-model-x","9":"product_cat-model-y","10":"product_cat-m3-tarvikkeet","11":"product_cat-ms-tarvikkeet","12":"product_cat-mx-tarvikkeet","13":"product_cat-my-tarvikkeet","14":"product_cat-tarvikkeet-sisapuolelle-model-3","15":"product_cat-tarvikkeet-sisapuolelle-model-s","16":"product_cat-tarvikkeet-sisapuolelle-model-x","17":"product_cat-tarvikkeet-sisapuolelle-model-y","18":"product_cat-tesla-tuotteet","19":"product_tag-frunk","20":"product_tag-kylmalaukku","21":"product_tag-model-3","22":"product_tag-model-s","23":"product_tag-model-x","24":"product_tag-model-y","25":"product_tag-tesla","27":"first","28":"instock","29":"taxable","30":"shipping-taxable","31":"purchasable","32":"product-type-simple"},"jetpack_sharing_enabled":true,"_links":{"self":[{"href":"https:\/\/www.vempele.fi\/sv\/wp-json\/wp\/v2\/product\/18988","targetHints":{"allow":["GET"]}}],"collection":[{"href":"https:\/\/www.vempele.fi\/sv\/wp-json\/wp\/v2\/product"}],"about":[{"href":"https:\/\/www.vempele.fi\/sv\/wp-json\/wp\/v2\/types\/product"}],"replies":[{"embeddable":true,"href":"https:\/\/www.vempele.fi\/sv\/wp-json\/wp\/v2\/comments?post=18988"}],"wp:featuredmedia":[{"embeddable":true,"href":"https:\/\/www.vempele.fi\/sv\/wp-json\/wp\/v2\/media\/18989"}],"wp:attachment":[{"href":"https:\/\/www.vempele.fi\/sv\/wp-json\/wp\/v2\/media?parent=18988"}],"wp:term":[{"taxonomy":"product_brand","embeddable":true,"href":"https:\/\/www.vempele.fi\/sv\/wp-json\/wp\/v2\/product_brand?post=18988"},{"taxonomy":"product_cat","embeddable":true,"href":"https:\/\/www.vempele.fi\/sv\/wp-json\/wp\/v2\/product_cat?post=18988"},{"taxonomy":"product_tag","embeddable":true,"href":"https:\/\/www.vempele.fi\/sv\/wp-json\/wp\/v2\/product_tag?post=18988"}],"curies":[{"name":"wp","href":"https:\/\/api.w.org\/{rel}","templated":true}]}}