{"id":19433,"date":"2023-05-25T11:15:52","date_gmt":"2023-05-25T08:15:52","guid":{"rendered":"https:\/\/www.vempele.fi\/?post_type=product&#038;p=19433"},"modified":"2026-04-17T08:13:27","modified_gmt":"2026-04-17T05:13:27","slug":"lack-reparation-tesla","status":"publish","type":"product","link":"https:\/\/www.vempele.fi\/sv\/tuote\/maalinkorjauskyna-tesla\/","title":{"rendered":"F\u00e4rgkorrigeringspenna - Tesla"},"content":{"rendered":"<p>Praktisk f\u00e4rgpenna f\u00f6r hush\u00e5llsbruk med Tesla-f\u00e4rgkoder.<\/p>\n<p><strong>Tekniska egenskaper<\/strong><\/p>\n<p>Touch-up akrylbindemedel och pastor \u00e4r utm\u00e4rkta fordonsreparationsf\u00e4rger av OE-kvalitet. Touch-up ger en mycket snabb torktid, glansig och n\u00f6tningsbest\u00e4ndig yta.<\/p>\n<ul>\n<li>Den f\u00e4rdiga ytan \u00e4r best\u00e4ndig mot l\u00f6sningsmedel som bensin och terpentin<\/li>\n<li>Bel\u00e4ggningen \u00e4r mycket h\u00e5rd och ger ett utm\u00e4rkt skydd mot n\u00f6tning och stenskott<\/li>\n<\/ul>\n<p><strong>Mer information<\/strong><\/p>\n<ul>\n<li>Vikt: ~35 g<\/li>\n<li>M\u00e4ngd f\u00e4rg: 12 ml<\/li>\n<li>Tillverkare: Maston<\/li>\n<li>Tillverkningsland: Finland<\/li>\n<li><a href=\"https:\/\/www.vempele.fi\/wp-content\/uploads\/2023\/05\/Touch-up-kayttoturvatiedote-fi.pdf\" target=\"_blank\" rel=\"noopener\">S\u00e4kerhetsbulletin<\/a><\/li>\n<li><a href=\"https:\/\/www.vempele.fi\/wp-content\/uploads\/2023\/05\/Touch-up-kayttoturvatiedote-en.pdf\" target=\"_blank\" rel=\"noopener\">S\u00e4kerhetsdatablad<\/a> (en)<\/li>\n<li>Namn: Penna f\u00f6r reparation av Tesla-f\u00e4rger<\/li>\n<\/ul>","protected":false},"excerpt":{"rendered":"<p>\u00c4r motorhuven full av sm\u00e5sten? Oroa dig inte f\u00f6r det! Med den l\u00e4ttanv\u00e4nda Touch-Up-pennan kan du d\u00f6lja \u00e4ven de st\u00f6rsta stenarna och reporna.<\/p>\n<p>Flaskan inneh\u00e5ller 12 ml f\u00e4rg. F\u00e4rgalternativen \u00e4r gjorda enligt Teslas f\u00e4rgkoder. F\u00e4rgen \u00e4r l\u00e4tt att applicera p\u00e5 b\u00e5de sm\u00e5 och stora tr\u00e4ffar tack vare det dubbelverkande locket. Locket har en applikator i n\u00e5lhuvudstorlek f\u00f6r att reparera sm\u00e5 tr\u00e4ffar och en applikator med borsthuvud f\u00f6r att t\u00e4cka ett st\u00f6rre omr\u00e5de.<\/p>\n<p>Tillg\u00e4ngliga f\u00e4rgalternativ:<\/p>\n<ul>\n<li>PPSW - P\u00e4rlvit<\/li>\n<li>PMNG - Midnattssilver<\/li>\n<li>PPSB - Djupbl\u00e5 metallic<\/li>\n<li>PBSB - Solid svart<\/li>\n<li>PPMR, PMMR - R\u00f6d Multi-Coat<\/li>\n<li>PN00 - Quicksilver<\/li>\n<\/ul>\n<p>F\u00e4rgkoden finns p\u00e5 klisterm\u00e4rket p\u00e5 B-stolpen p\u00e5 f\u00f6rarsidan. Se den andra produktbilden f\u00f6r en mer detaljerad placering.<\/p>\n<p><iframe loading=\"lazy\" title=\"YouTube-videospelare\" src=\"https:\/\/www.youtube.com\/embed\/_glzhUsuXeQ\" width=\"260\" height=\"150\" frameborder=\"0\" allowfullscreen=\"allowfullscreen\"><\/iframe><\/p>","protected":false},"featured_media":19441,"comment_status":"open","ping_status":"closed","template":"","meta":[],"product_brand":[],"product_cat":[151,152,153,154,452,453,454,455,481,484,486,483,128],"product_tag":[83,509,510,156,172,173,271,121],"class_list":{"0":"post-19433","1":"product","2":"type-product","3":"status-publish","4":"has-post-thumbnail","6":"product_cat-model-3","7":"product_cat-model-s","8":"product_cat-model-x","9":"product_cat-model-y","10":"product_cat-m3-tarvikkeet","11":"product_cat-ms-tarvikkeet","12":"product_cat-mx-tarvikkeet","13":"product_cat-my-tarvikkeet","14":"product_cat-tarvikkeet-ulkopuolelle-model-3","15":"product_cat-tarvikkeet-ulkopuolelle-model-s","16":"product_cat-tarvikkeet-ulkopuolelle-model-x","17":"product_cat-tarvikkeet-ulkopuolelle-model-y","18":"product_cat-tesla-tuotteet","19":"product_tag-autotarvikkeet","20":"product_tag-korjausmaali","21":"product_tag-maalinpaikkauskyna","22":"product_tag-model-3","23":"product_tag-model-s","24":"product_tag-model-x","25":"product_tag-model-y","26":"product_tag-tesla","28":"first","29":"instock","30":"taxable","31":"shipping-taxable","32":"purchasable","33":"product-type-variable"},"jetpack_sharing_enabled":true,"_links":{"self":[{"href":"https:\/\/www.vempele.fi\/sv\/wp-json\/wp\/v2\/product\/19433","targetHints":{"allow":["GET"]}}],"collection":[{"href":"https:\/\/www.vempele.fi\/sv\/wp-json\/wp\/v2\/product"}],"about":[{"href":"https:\/\/www.vempele.fi\/sv\/wp-json\/wp\/v2\/types\/product"}],"replies":[{"embeddable":true,"href":"https:\/\/www.vempele.fi\/sv\/wp-json\/wp\/v2\/comments?post=19433"}],"wp:featuredmedia":[{"embeddable":true,"href":"https:\/\/www.vempele.fi\/sv\/wp-json\/wp\/v2\/media\/19441"}],"wp:attachment":[{"href":"https:\/\/www.vempele.fi\/sv\/wp-json\/wp\/v2\/media?parent=19433"}],"wp:term":[{"taxonomy":"product_brand","embeddable":true,"href":"https:\/\/www.vempele.fi\/sv\/wp-json\/wp\/v2\/product_brand?post=19433"},{"taxonomy":"product_cat","embeddable":true,"href":"https:\/\/www.vempele.fi\/sv\/wp-json\/wp\/v2\/product_cat?post=19433"},{"taxonomy":"product_tag","embeddable":true,"href":"https:\/\/www.vempele.fi\/sv\/wp-json\/wp\/v2\/product_tag?post=19433"}],"curies":[{"name":"wp","href":"https:\/\/api.w.org\/{rel}","templated":true}]}}