{"id":19651,"date":"2023-05-31T09:27:51","date_gmt":"2023-05-31T06:27:51","guid":{"rendered":"https:\/\/www.vempele.fi\/?post_type=product&#038;p=19651"},"modified":"2026-03-24T21:51:04","modified_gmt":"2026-03-24T19:51:04","slug":"tesla-modell-s-2022-eva-telematics","status":"publish","type":"product","link":"https:\/\/www.vempele.fi\/sv\/tuote\/tesla-model-s-2022-eva-kaukalomatot\/","title":{"rendered":"Tesla Model S 2022-&gt; EVA fj\u00e4rrnyckell\u00f6s inmatning"},"content":{"rendered":"<p>Slitstarka EVA-fj\u00e4rrkontrollmattor f\u00f6r Tesla Model S<\/p>\n<p>Tre mattor i f\u00f6rpackningen:<br \/>\n1 x F\u00f6r f\u00f6raren<br \/>\n1 x Repsikalle<br \/>\n1x Enkel matta p\u00e5 baks\u00e4tets golv<\/p>\n<p><b>Ytterligare information:<\/b><\/p>\n<ul>\n<li>Material: flexibel plast<\/li>\n<li>F\u00e4rg: Svart<\/li>\n<li>Passar: Model S 2022-&gt; fram\u00e5t<\/li>\n<li>Namn: Tesla Model S EVA golvmattor (2022-&gt;)<\/li>\n<\/ul>","protected":false},"excerpt":{"rendered":"<p>EVA-mattor f\u00f6r alla fem s\u00e4tena i fotutrymmet p\u00e5 Tesla Model S. Mattorna \u00e4r tillverkade av halvstyv plast med slutna celler, som har f\u00f6rdelarna med flexibilitet, mjukhet, god v\u00e4derbest\u00e4ndighet och kemisk best\u00e4ndighet i olika v\u00e4derf\u00f6rh\u00e5llanden. Mattorna \u00e4r l\u00e4tta att reng\u00f6ra, \u00e4ven under kranen med en l\u00e4tt borste - smuts och smuts lossnar l\u00e4tt fr\u00e5n plastytan. Precis som de andra mattorna i v\u00e5rt sortiment \u00e4r dessa mattor perfekt formanpassade, vilket inneb\u00e4r att de s\u00e4tts p\u00e5 plats med ett enkelt handgrepp. Tack vare de sm\u00e5 kanterna stannar sm\u00e4ltvattnet kvar p\u00e5 mattan och kan enkelt h\u00e4llas av vid behov.<\/p>\n<p>EVA-h\u00e4ngmattor \u00e4r det mest popul\u00e4ra k\u00f6pet f\u00f6r v\u00e5ra kunder i Vempeles webbutik.<\/p>\n<p>Obs! Beroende p\u00e5 varuparti kan mattornas ytm\u00f6nster och design skilja sig n\u00e5got fr\u00e5n produktbilden.<\/p>","protected":false},"featured_media":19675,"comment_status":"open","ping_status":"closed","template":"","meta":[],"product_brand":[],"product_cat":[512,152,485,128],"product_tag":[83,206,513,172,121],"class_list":{"0":"post-19651","1":"product","2":"type-product","3":"status-publish","4":"has-post-thumbnail","6":"product_cat-matot-model-s","7":"product_cat-model-s","8":"product_cat-tarvikkeet-sisapuolelle-model-s","9":"product_cat-tesla-tuotteet","10":"product_tag-autotarvikkeet","11":"product_tag-eva","12":"product_tag-kaukalomatot","13":"product_tag-model-s","14":"product_tag-tesla","16":"first","17":"instock","18":"taxable","19":"shipping-taxable","20":"purchasable","21":"product-type-simple"},"jetpack_sharing_enabled":true,"_links":{"self":[{"href":"https:\/\/www.vempele.fi\/sv\/wp-json\/wp\/v2\/product\/19651","targetHints":{"allow":["GET"]}}],"collection":[{"href":"https:\/\/www.vempele.fi\/sv\/wp-json\/wp\/v2\/product"}],"about":[{"href":"https:\/\/www.vempele.fi\/sv\/wp-json\/wp\/v2\/types\/product"}],"replies":[{"embeddable":true,"href":"https:\/\/www.vempele.fi\/sv\/wp-json\/wp\/v2\/comments?post=19651"}],"wp:featuredmedia":[{"embeddable":true,"href":"https:\/\/www.vempele.fi\/sv\/wp-json\/wp\/v2\/media\/19675"}],"wp:attachment":[{"href":"https:\/\/www.vempele.fi\/sv\/wp-json\/wp\/v2\/media?parent=19651"}],"wp:term":[{"taxonomy":"product_brand","embeddable":true,"href":"https:\/\/www.vempele.fi\/sv\/wp-json\/wp\/v2\/product_brand?post=19651"},{"taxonomy":"product_cat","embeddable":true,"href":"https:\/\/www.vempele.fi\/sv\/wp-json\/wp\/v2\/product_cat?post=19651"},{"taxonomy":"product_tag","embeddable":true,"href":"https:\/\/www.vempele.fi\/sv\/wp-json\/wp\/v2\/product_tag?post=19651"}],"curies":[{"name":"wp","href":"https:\/\/api.w.org\/{rel}","templated":true}]}}