{"id":19722,"date":"2023-06-01T13:54:03","date_gmt":"2023-06-01T10:54:03","guid":{"rendered":"https:\/\/www.vempele.fi\/?post_type=product&#038;p=19722"},"modified":"2026-04-10T22:23:14","modified_gmt":"2026-04-10T19:23:14","slug":"tesla-modell-s-2022-bagageutrymme-eva-telematics","status":"publish","type":"product","link":"https:\/\/www.vempele.fi\/sv\/tuote\/tesla-model-s-2022-frunk-trunk-eva-kaukalomatot\/","title":{"rendered":"Tesla Model S 2022-&gt; EVA-fj\u00e4rrkontroller f\u00f6r bagageutrymme"},"content":{"rendered":"<p>Tesla Model S fj\u00e4rrkontroller i fr\u00e4mre och bakre bagageutrymmet.<\/p>\n<p>Mattalternativ att v\u00e4lja mellan:<\/p>\n<ul>\n<li>Matta f\u00f6r fr\u00e4mre l\u00e5dan (Matta f\u00f6r fr\u00e4mre l\u00e5dan)<\/li>\n<li>Liten f\u00f6rvaringsmatta f\u00f6r bagageutrymmet (Trunk Storage Mat)<\/li>\n<li>Stor, helt\u00e4ckande bagagerumsmatta (Trunk Mat)<\/li>\n<\/ul>\n<p><b>Mer information<\/b><\/p>\n<p>Material: flexibel plast<br \/>\nF\u00e4rg: Svart<br \/>\nL\u00e4mplighet: f\u00f6r Tesla Model S vm.2022 och fram\u00e5t<\/p>","protected":false},"excerpt":{"rendered":"<p>EVA-bilmattor av riktigt h\u00f6g kvalitet f\u00f6r bilf\u00f6rvaring. Mattorna passar perfekt i Tesla Model S.<\/p>\n<p>Om du har bl\u00f6ta laddningsaccessoarer och t.ex. bl\u00f6ta eller leriga skor\/kl\u00e4der i bilens bagageutrymme \u00e4r en trolley-matta ett klokt k\u00f6p. Vattenresistenta mattor h\u00e5ller lera och vatten borta. Och de \u00e4r mycket l\u00e4ttare att reng\u00f6ra och torka \u00e4n bilens egen kl\u00e4dsel.<\/p>\n<p>Den stora bagagerumsmattan har en vikning som g\u00f6r det l\u00e4tt att komma \u00e5t det lilla tillbeh\u00f6rsfacket i bagagerummet.<\/p>\n<p>Kontrollera l\u00e4mpligheten f\u00f6r din bil innan du k\u00f6per.<\/p>\n<p>I paketet ing\u00e5r den matta som du v\u00e4ljer fr\u00e5n menyn nedan.<\/p>","protected":false},"featured_media":19726,"comment_status":"open","ping_status":"closed","template":"","meta":[],"product_brand":[],"product_cat":[512,152,485,128],"product_tag":[83,206,304,172,121],"class_list":{"0":"post-19722","1":"product","2":"type-product","3":"status-publish","4":"has-post-thumbnail","6":"product_cat-matot-model-s","7":"product_cat-model-s","8":"product_cat-tarvikkeet-sisapuolelle-model-s","9":"product_cat-tesla-tuotteet","10":"product_tag-autotarvikkeet","11":"product_tag-eva","12":"product_tag-kaukalomatto","13":"product_tag-model-s","14":"product_tag-tesla","15":"product_shipping_class-nouto","17":"first","18":"instock","19":"taxable","20":"shipping-taxable","21":"purchasable","22":"product-type-variable"},"jetpack_sharing_enabled":true,"_links":{"self":[{"href":"https:\/\/www.vempele.fi\/sv\/wp-json\/wp\/v2\/product\/19722","targetHints":{"allow":["GET"]}}],"collection":[{"href":"https:\/\/www.vempele.fi\/sv\/wp-json\/wp\/v2\/product"}],"about":[{"href":"https:\/\/www.vempele.fi\/sv\/wp-json\/wp\/v2\/types\/product"}],"replies":[{"embeddable":true,"href":"https:\/\/www.vempele.fi\/sv\/wp-json\/wp\/v2\/comments?post=19722"}],"wp:featuredmedia":[{"embeddable":true,"href":"https:\/\/www.vempele.fi\/sv\/wp-json\/wp\/v2\/media\/19726"}],"wp:attachment":[{"href":"https:\/\/www.vempele.fi\/sv\/wp-json\/wp\/v2\/media?parent=19722"}],"wp:term":[{"taxonomy":"product_brand","embeddable":true,"href":"https:\/\/www.vempele.fi\/sv\/wp-json\/wp\/v2\/product_brand?post=19722"},{"taxonomy":"product_cat","embeddable":true,"href":"https:\/\/www.vempele.fi\/sv\/wp-json\/wp\/v2\/product_cat?post=19722"},{"taxonomy":"product_tag","embeddable":true,"href":"https:\/\/www.vempele.fi\/sv\/wp-json\/wp\/v2\/product_tag?post=19722"}],"curies":[{"name":"wp","href":"https:\/\/api.w.org\/{rel}","templated":true}]}}