{"id":20018,"date":"2023-06-14T12:50:13","date_gmt":"2023-06-14T09:50:13","guid":{"rendered":"https:\/\/www.vempele.fi\/?post_type=product&#038;p=20018"},"modified":"2025-09-01T14:35:17","modified_gmt":"2025-09-01T11:35:17","slug":"fodral-for-glasogon-i-en-solglasogonflaska","status":"publish","type":"product","link":"https:\/\/www.vempele.fi\/sv\/tuote\/kotelo-laseille-aurinkolippaan\/","title":{"rendered":"Fodral f\u00f6r solglas\u00f6gon i en solsk\u00e4rm"},"content":{"rendered":"<p><strong>Tekniska specifikationer<\/strong><\/p>\n<ul>\n<li>L\u00e4mplighet: universalmodell<\/li>\n<li>F\u00e4rg: Svart<\/li>\n<li>Material: konstl\u00e4der<\/li>\n<li>Storlek ca: 17 x 6 x 6 cm<\/li>\n<li>Vikt: 20g<\/li>\n<\/ul>","protected":false},"excerpt":{"rendered":"<p>Ett fodral f\u00f6r glas\u00f6gon i en solsk\u00e4rm. Praktiskt universalfodral f\u00f6r k\u00f6rglas\u00f6gon, glas\u00f6gon och solglas\u00f6gon. Den h\u00e4r produkten \u00e4r ett praktiskt s\u00e4tt att ta tillvara p\u00e5 on\u00f6digt utrymme i bilen.<\/p>\n<p>Insidan har en mjuk bel\u00e4ggning f\u00f6r att skydda glas\u00f6gonen. Tack vare monteringsmetoden kan h\u00f6ljet \u00e4ven placeras p\u00e5 andra delar av bilen \u00e4n bara p\u00e5 solskyddet.<\/p>","protected":false},"featured_media":20019,"comment_status":"open","ping_status":"closed","template":"","meta":[],"product_brand":[],"product_cat":[151,152,153,154,452,453,454,455,480,485,487,482,128],"product_tag":[517,461,156,172,173,271,121],"class_list":{"0":"post-20018","1":"product","2":"type-product","3":"status-publish","4":"has-post-thumbnail","6":"product_cat-model-3","7":"product_cat-model-s","8":"product_cat-model-x","9":"product_cat-model-y","10":"product_cat-m3-tarvikkeet","11":"product_cat-ms-tarvikkeet","12":"product_cat-mx-tarvikkeet","13":"product_cat-my-tarvikkeet","14":"product_cat-tarvikkeet-sisapuolelle-model-3","15":"product_cat-tarvikkeet-sisapuolelle-model-s","16":"product_cat-tarvikkeet-sisapuolelle-model-x","17":"product_cat-tarvikkeet-sisapuolelle-model-y","18":"product_cat-tesla-tuotteet","19":"product_tag-aurinkolasi","20":"product_tag-lasikotelo","21":"product_tag-model-3","22":"product_tag-model-s","23":"product_tag-model-x","24":"product_tag-model-y","25":"product_tag-tesla","27":"first","28":"outofstock","29":"taxable","30":"shipping-taxable","31":"purchasable","32":"product-type-simple"},"jetpack_sharing_enabled":true,"_links":{"self":[{"href":"https:\/\/www.vempele.fi\/sv\/wp-json\/wp\/v2\/product\/20018","targetHints":{"allow":["GET"]}}],"collection":[{"href":"https:\/\/www.vempele.fi\/sv\/wp-json\/wp\/v2\/product"}],"about":[{"href":"https:\/\/www.vempele.fi\/sv\/wp-json\/wp\/v2\/types\/product"}],"replies":[{"embeddable":true,"href":"https:\/\/www.vempele.fi\/sv\/wp-json\/wp\/v2\/comments?post=20018"}],"wp:featuredmedia":[{"embeddable":true,"href":"https:\/\/www.vempele.fi\/sv\/wp-json\/wp\/v2\/media\/20019"}],"wp:attachment":[{"href":"https:\/\/www.vempele.fi\/sv\/wp-json\/wp\/v2\/media?parent=20018"}],"wp:term":[{"taxonomy":"product_brand","embeddable":true,"href":"https:\/\/www.vempele.fi\/sv\/wp-json\/wp\/v2\/product_brand?post=20018"},{"taxonomy":"product_cat","embeddable":true,"href":"https:\/\/www.vempele.fi\/sv\/wp-json\/wp\/v2\/product_cat?post=20018"},{"taxonomy":"product_tag","embeddable":true,"href":"https:\/\/www.vempele.fi\/sv\/wp-json\/wp\/v2\/product_tag?post=20018"}],"curies":[{"name":"wp","href":"https:\/\/api.w.org\/{rel}","templated":true}]}}