{"id":20044,"date":"2023-06-15T13:21:26","date_gmt":"2023-06-15T10:21:26","guid":{"rendered":"https:\/\/www.vempele.fi\/?post_type=product&#038;p=20044"},"modified":"2026-04-15T22:06:54","modified_gmt":"2026-04-15T19:06:54","slug":"hud-naytto-tesla-modell-3-y","status":"publish","type":"product","link":"https:\/\/www.vempele.fi\/sv\/tuote\/hud-naytto-tesla-model-3-y\/","title":{"rendered":"HUD-display - Tesla Model 3 \/ Y"},"content":{"rendered":"<p>Kan \u00e4ven anv\u00e4ndas tillsammans med en OBD-adapter, men den kan bli tr\u00e5ng under skyddsplasten d\u00e4r kontakten sitter.<\/p>\n<p>Du kan ladda ner den finska installationsguiden <a href=\"https:\/\/www.vempele.fi\/wp-content\/uploads\/2023\/06\/Yonzee-HUD-asennusohje.pdf\" target=\"_blank\" rel=\"noopener\">H\u00e4r.<\/a><br \/>\nDu kan ladda ner uppdateringen av den fasta programvaran f\u00f6r Teslas programvaruversion 2024.8 och fram\u00e5t <a href=\"https:\/\/www.vempele.fi\/wp-content\/uploads\/2024\/05\/HUD-24.8-FW.zip\">H\u00e4r.<\/a><\/p>\n<p>Produkten \u00e4r ansluten till Teslas CAN-buss, s\u00e5 Vempele ansvarar inte f\u00f6r eventuella f\u00f6r\u00e4ndringar i enhetens funktion som orsakas av programuppdateringar i bilen.<\/p>\n<ul>\n<li>Varum\u00e4rke: Yonzee<\/li>\n<li>Material: ABS<\/li>\n<li>F\u00e4rg: Svart<\/li>\n<li>Storlek: ca 80 mm x 19 mm x 16 mm<\/li>\n<li>L\u00e4mplighet:\n<ul>\n<li>Modell Y 2021 - 2024<\/li>\n<li>Modell 3 F\u00f6rnyad uppdatering 2019 - 2021<\/li>\n<li>Uppdatering av modell 3 2021 - 2023<\/li>\n<\/ul>\n<\/li>\n<\/ul>\n<div style=\"width: 980px;\" class=\"wp-video\"><video class=\"wp-video-shortcode\" id=\"video-20044-1\" width=\"980\" height=\"551\" preload=\"metadata\" controls=\"controls\"><source type=\"video\/mp4\" src=\"https:\/\/www.vempele.fi\/wp-content\/uploads\/2023\/06\/video.mp4?_=1\" \/><a href=\"https:\/\/www.vempele.fi\/wp-content\/uploads\/2023\/06\/video.mp4\">https:\/\/www.vempele.fi\/wp-content\/uploads\/2023\/06\/video.mp4<\/a><\/video><\/div>","protected":false},"excerpt":{"rendered":"<p>En praktisk, liten HUD g\u00f6r det enkelt att kontrollera din hastighet.<\/p>\n<p>F\u00f6rutom hastigheten visas \u00e4ven v\u00e4xell\u00e4ge, blinkers, parkeringsbromsljus, str\u00e5lkastarljus, d\u00f6rrmarkeringslampa och varningslampa f\u00f6r l\u00e5g batteriniv\u00e5. Vid stillast\u00e5ende visar displayen den \u00e5terst\u00e5ende k\u00f6rstr\u00e4ckan.<\/p>\n<p>Produkten \u00e4r relativt l\u00e4tt och enkel att installera, med bara n\u00e5gra plastbitar som \u00e4r l\u00e4tta att ta bort f\u00f6r att f\u00e5 bort sk\u00e4rmkabeln fr\u00e5n instrumentbr\u00e4dan till baksidan av mittkonsolen. Titta p\u00e5 videon nedan!<\/p>\n<p>Displayen \u00e4r ljusstark och l\u00e4tt att l\u00e4sa av, \u00e4ven i starkt solsken.<\/p>\n<p><strong>Obs!<\/strong><br \/>\nMed bilens programvaruversion 2024.8 har vissa CAN-meddelanden \u00e4ndrats s\u00e5 att indikatorn p\u00e5 produktdisplayen blinkar konstant \u00e5t v\u00e4nster. Visningen av hastighet och \u00e5terst\u00e5ende k\u00f6rstr\u00e4cka fungerar normalt.<br \/>\nEn uppdatering har erh\u00e5llits fr\u00e5n tillverkaren och kan laddas ner<a href=\"https:\/\/www.vempele.fi\/wp-content\/uploads\/2024\/05\/HUD-24.8-FW.zip\"> H\u00e4r.<\/a><\/p>","protected":false},"featured_media":20045,"comment_status":"open","ping_status":"closed","template":"","meta":[],"product_brand":[],"product_cat":[151,154,452,455,480,482,128],"product_tag":[532,156,533,157,121],"class_list":{"0":"post-20044","1":"product","2":"type-product","3":"status-publish","4":"has-post-thumbnail","6":"product_cat-model-3","7":"product_cat-model-y","8":"product_cat-m3-tarvikkeet","9":"product_cat-my-tarvikkeet","10":"product_cat-tarvikkeet-sisapuolelle-model-3","11":"product_cat-tarvikkeet-sisapuolelle-model-y","12":"product_cat-tesla-tuotteet","13":"product_tag-hud","14":"product_tag-model-3","15":"product_tag-nopeusnaytto","16":"product_tag-obd2","17":"product_tag-tesla","19":"first","20":"instock","21":"taxable","22":"shipping-taxable","23":"purchasable","24":"product-type-simple"},"jetpack_sharing_enabled":true,"_links":{"self":[{"href":"https:\/\/www.vempele.fi\/sv\/wp-json\/wp\/v2\/product\/20044","targetHints":{"allow":["GET"]}}],"collection":[{"href":"https:\/\/www.vempele.fi\/sv\/wp-json\/wp\/v2\/product"}],"about":[{"href":"https:\/\/www.vempele.fi\/sv\/wp-json\/wp\/v2\/types\/product"}],"replies":[{"embeddable":true,"href":"https:\/\/www.vempele.fi\/sv\/wp-json\/wp\/v2\/comments?post=20044"}],"wp:featuredmedia":[{"embeddable":true,"href":"https:\/\/www.vempele.fi\/sv\/wp-json\/wp\/v2\/media\/20045"}],"wp:attachment":[{"href":"https:\/\/www.vempele.fi\/sv\/wp-json\/wp\/v2\/media?parent=20044"}],"wp:term":[{"taxonomy":"product_brand","embeddable":true,"href":"https:\/\/www.vempele.fi\/sv\/wp-json\/wp\/v2\/product_brand?post=20044"},{"taxonomy":"product_cat","embeddable":true,"href":"https:\/\/www.vempele.fi\/sv\/wp-json\/wp\/v2\/product_cat?post=20044"},{"taxonomy":"product_tag","embeddable":true,"href":"https:\/\/www.vempele.fi\/sv\/wp-json\/wp\/v2\/product_tag?post=20044"}],"curies":[{"name":"wp","href":"https:\/\/api.w.org\/{rel}","templated":true}]}}