{"id":20244,"date":"2024-08-06T12:00:05","date_gmt":"2024-08-06T09:00:05","guid":{"rendered":"https:\/\/www.vempele.fi\/?post_type=product&#038;p=20244"},"modified":"2026-04-17T15:21:12","modified_gmt":"2026-04-17T12:21:12","slug":"dorrsparkskydd-tesla-modell-y","status":"publish","type":"product","link":"https:\/\/www.vempele.fi\/sv\/tuote\/oven-potkusuoja-tesla-model-y\/","title":{"rendered":"Sparkskydd f\u00f6r baks\u00e4tet - Tesla Model Y"},"content":{"rendered":"<p>Sparkskydd f\u00f6r baks\u00e4tet - Tesla Model Y.<\/p>\n<ul>\n<li>Material: plast<\/li>\n<li>Paketet inneh\u00e5ller: 2 x d\u00f6rrskydd, ett f\u00f6r v\u00e4nster och ett f\u00f6r h\u00f6ger sida<\/li>\n<li>F\u00e4rg: Svart<\/li>\n<li>L\u00e4mplighet:\n<ul>\n<li>Tesla Model Y 2020 - 2024 (ej l\u00e4mplig f\u00f6r 7-sitsiga fordon)<\/li>\n<\/ul>\n<\/li>\n<\/ul>","protected":false},"excerpt":{"rendered":"<p>Sparkskydd f\u00f6r baks\u00e4tet - Tesla Model Y. En sida av produkten har en sj\u00e4lvh\u00e4ftande tejp som g\u00f6r att produkten kan f\u00e4stas p\u00e5 originalytan. H\u00e5ll bilens originaldynor snyggare n\u00e4r de f\u00f6rsta st\u00f6tar absorberas av denna produkt. F\u00f6r reng\u00f6ring \u00e4r produkten ocks\u00e5 l\u00e4tt att ta bort genom att f\u00f6rsiktigt lossna fr\u00e5n kl\u00e4dseln.<\/p>\n<p>Inte l\u00e4mplig f\u00f6r en 7-sitsig bil.<\/p>","protected":false},"featured_media":20610,"comment_status":"open","ping_status":"closed","template":"","meta":[],"product_brand":[],"product_cat":[154,455,482,128],"product_tag":[271,242,411,121],"class_list":{"0":"post-20244","1":"product","2":"type-product","3":"status-publish","4":"has-post-thumbnail","6":"product_cat-model-y","7":"product_cat-my-tarvikkeet","8":"product_cat-tarvikkeet-sisapuolelle-model-y","9":"product_cat-tesla-tuotteet","10":"product_tag-model-y","11":"product_tag-potkusuoja","12":"product_tag-suoja","13":"product_tag-tesla","15":"first","16":"instock","17":"taxable","18":"shipping-taxable","19":"purchasable","20":"product-type-simple"},"jetpack_sharing_enabled":true,"_links":{"self":[{"href":"https:\/\/www.vempele.fi\/sv\/wp-json\/wp\/v2\/product\/20244","targetHints":{"allow":["GET"]}}],"collection":[{"href":"https:\/\/www.vempele.fi\/sv\/wp-json\/wp\/v2\/product"}],"about":[{"href":"https:\/\/www.vempele.fi\/sv\/wp-json\/wp\/v2\/types\/product"}],"replies":[{"embeddable":true,"href":"https:\/\/www.vempele.fi\/sv\/wp-json\/wp\/v2\/comments?post=20244"}],"wp:featuredmedia":[{"embeddable":true,"href":"https:\/\/www.vempele.fi\/sv\/wp-json\/wp\/v2\/media\/20610"}],"wp:attachment":[{"href":"https:\/\/www.vempele.fi\/sv\/wp-json\/wp\/v2\/media?parent=20244"}],"wp:term":[{"taxonomy":"product_brand","embeddable":true,"href":"https:\/\/www.vempele.fi\/sv\/wp-json\/wp\/v2\/product_brand?post=20244"},{"taxonomy":"product_cat","embeddable":true,"href":"https:\/\/www.vempele.fi\/sv\/wp-json\/wp\/v2\/product_cat?post=20244"},{"taxonomy":"product_tag","embeddable":true,"href":"https:\/\/www.vempele.fi\/sv\/wp-json\/wp\/v2\/product_tag?post=20244"}],"curies":[{"name":"wp","href":"https:\/\/api.w.org\/{rel}","templated":true}]}}