{"id":20245,"date":"2023-07-13T16:06:29","date_gmt":"2023-07-13T13:06:29","guid":{"rendered":"https:\/\/www.vempele.fi\/?post_type=product&#038;p=20245"},"modified":"2025-09-01T14:50:14","modified_gmt":"2025-09-01T11:50:14","slug":"dorrkladseloverdrag-alcantara-tesla-modell-3-y","status":"publish","type":"product","link":"https:\/\/www.vempele.fi\/sv\/tuote\/oven-verhoilun-suojus-alcantara-tesla-model-3-y\/","title":{"rendered":"D\u00f6rrkl\u00e4dsel Alcantara - Tesla Model 3 \/ Y"},"content":{"rendered":"<p>D\u00f6rrkl\u00e4dsel Alcantara - Tesla Model 3 \/ Y.<\/p>\n<ul>\n<li>Material: alcantara<\/li>\n<li>F\u00e4rg: Gr\u00e5<\/li>\n<li>Storlek: 54 x 5 x 0,2 cm<\/li>\n<li>Vikt: 35g<\/li>\n<li>Paketet inneh\u00e5ller: 2 stycken<\/li>\n<li>L\u00e4mplighet:\n<ul>\n<li>Modell Y 2020 - 2024<\/li>\n<li>Modell 3 Uppdatering vm. 2021 - 2023<\/li>\n<\/ul>\n<\/li>\n<\/ul>","protected":false},"excerpt":{"rendered":"<p>D\u00f6rrkl\u00e4dsel Alcantara - Tesla Model 3 \/ Y. Inv\u00e4ndig d\u00f6rrbekl\u00e4dnad f\u00f6r Tesla Model 3 \/ Y fr\u00e5n 2021 och fram\u00e5t. L\u00e4tt att installera. Med dessa gr\u00e5 sj\u00e4lvh\u00e4ftande alcantara material\u00f6verdrag kan du ge din bil en cool look.<\/p>","protected":false},"featured_media":20980,"comment_status":"open","ping_status":"closed","template":"","meta":[],"product_brand":[],"product_cat":[151,154,455,480,482,128],"product_tag":[520,156,271,529,411,121],"class_list":{"0":"post-20245","1":"product","2":"type-product","3":"status-publish","4":"has-post-thumbnail","6":"product_cat-model-3","7":"product_cat-model-y","8":"product_cat-my-tarvikkeet","9":"product_cat-tarvikkeet-sisapuolelle-model-3","10":"product_cat-tarvikkeet-sisapuolelle-model-y","11":"product_cat-tesla-tuotteet","12":"product_tag-alcantara","13":"product_tag-model-3","14":"product_tag-model-y","15":"product_tag-ovi","16":"product_tag-suoja","17":"product_tag-tesla","19":"first","20":"outofstock","21":"taxable","22":"shipping-taxable","23":"purchasable","24":"product-type-simple"},"jetpack_sharing_enabled":true,"_links":{"self":[{"href":"https:\/\/www.vempele.fi\/sv\/wp-json\/wp\/v2\/product\/20245","targetHints":{"allow":["GET"]}}],"collection":[{"href":"https:\/\/www.vempele.fi\/sv\/wp-json\/wp\/v2\/product"}],"about":[{"href":"https:\/\/www.vempele.fi\/sv\/wp-json\/wp\/v2\/types\/product"}],"replies":[{"embeddable":true,"href":"https:\/\/www.vempele.fi\/sv\/wp-json\/wp\/v2\/comments?post=20245"}],"wp:featuredmedia":[{"embeddable":true,"href":"https:\/\/www.vempele.fi\/sv\/wp-json\/wp\/v2\/media\/20980"}],"wp:attachment":[{"href":"https:\/\/www.vempele.fi\/sv\/wp-json\/wp\/v2\/media?parent=20245"}],"wp:term":[{"taxonomy":"product_brand","embeddable":true,"href":"https:\/\/www.vempele.fi\/sv\/wp-json\/wp\/v2\/product_brand?post=20245"},{"taxonomy":"product_cat","embeddable":true,"href":"https:\/\/www.vempele.fi\/sv\/wp-json\/wp\/v2\/product_cat?post=20245"},{"taxonomy":"product_tag","embeddable":true,"href":"https:\/\/www.vempele.fi\/sv\/wp-json\/wp\/v2\/product_tag?post=20245"}],"curies":[{"name":"wp","href":"https:\/\/api.w.org\/{rel}","templated":true}]}}