{"id":20260,"date":"2023-07-14T10:23:59","date_gmt":"2023-07-14T07:23:59","guid":{"rendered":"https:\/\/www.vempele.fi\/?post_type=product&#038;p=20260"},"modified":"2026-04-07T20:51:51","modified_gmt":"2026-04-07T17:51:51","slug":"skyddskapa-for-mittkonsolen-alcantara-tesla-model-3-y","status":"publish","type":"product","link":"https:\/\/www.vempele.fi\/sv\/tuote\/keskikonsolin-suojatarra-alcantara-tesla-model-3-y\/","title":{"rendered":"Skyddsk\u00e5pa f\u00f6r mittkonsolen Alcantara - Tesla Model 3 \/ Y"},"content":{"rendered":"<p>Skyddsk\u00e5pa f\u00f6r mittkonsolen Alcantara Tesla Model 3 \/ Y.<\/p>\n<ul>\n<li>Material: alcantara<\/li>\n<li>F\u00e4rg: Gr\u00e5<\/li>\n<li>Storlek: 24 x 22 x 0,2 cm<\/li>\n<li>Vikt: 0,045 kg<\/li>\n<li>Ing\u00e5r: etiketter f\u00f6r mittkonsol och installationsverktyg<\/li>\n<li>L\u00e4mplighet:\n<ul>\n<li>Modell Y 2020 - 2024<\/li>\n<li>Modell 3 Uppdatering vm. 2021 - 2023<\/li>\n<\/ul>\n<\/li>\n<\/ul>","protected":false},"excerpt":{"rendered":"<p>Alcantara skydd f\u00f6r mittkonsolen - Tesla Model 3 \/ Y. Snygg och bekv\u00e4m att ta p\u00e5 Alcantara-ytan p\u00e5 mittkonsolen ger lyx i vardagen. Passar perfekt p\u00e5 Model Y och Model 3 Refresh-modellerna<\/p>","protected":false},"featured_media":20972,"comment_status":"open","ping_status":"closed","template":"","meta":[],"product_brand":[],"product_cat":[151,154,455,480,482,128],"product_tag":[520,237,156,271,121],"class_list":{"0":"post-20260","1":"product","2":"type-product","3":"status-publish","4":"has-post-thumbnail","6":"product_cat-model-3","7":"product_cat-model-y","8":"product_cat-my-tarvikkeet","9":"product_cat-tarvikkeet-sisapuolelle-model-3","10":"product_cat-tarvikkeet-sisapuolelle-model-y","11":"product_cat-tesla-tuotteet","12":"product_tag-alcantara","13":"product_tag-keskikonsoli","14":"product_tag-model-3","15":"product_tag-model-y","16":"product_tag-tesla","18":"first","19":"instock","20":"taxable","21":"shipping-taxable","22":"purchasable","23":"product-type-simple"},"jetpack_sharing_enabled":true,"_links":{"self":[{"href":"https:\/\/www.vempele.fi\/sv\/wp-json\/wp\/v2\/product\/20260","targetHints":{"allow":["GET"]}}],"collection":[{"href":"https:\/\/www.vempele.fi\/sv\/wp-json\/wp\/v2\/product"}],"about":[{"href":"https:\/\/www.vempele.fi\/sv\/wp-json\/wp\/v2\/types\/product"}],"replies":[{"embeddable":true,"href":"https:\/\/www.vempele.fi\/sv\/wp-json\/wp\/v2\/comments?post=20260"}],"wp:featuredmedia":[{"embeddable":true,"href":"https:\/\/www.vempele.fi\/sv\/wp-json\/wp\/v2\/media\/20972"}],"wp:attachment":[{"href":"https:\/\/www.vempele.fi\/sv\/wp-json\/wp\/v2\/media?parent=20260"}],"wp:term":[{"taxonomy":"product_brand","embeddable":true,"href":"https:\/\/www.vempele.fi\/sv\/wp-json\/wp\/v2\/product_brand?post=20260"},{"taxonomy":"product_cat","embeddable":true,"href":"https:\/\/www.vempele.fi\/sv\/wp-json\/wp\/v2\/product_cat?post=20260"},{"taxonomy":"product_tag","embeddable":true,"href":"https:\/\/www.vempele.fi\/sv\/wp-json\/wp\/v2\/product_tag?post=20260"}],"curies":[{"name":"wp","href":"https:\/\/api.w.org\/{rel}","templated":true}]}}