{"id":20269,"date":"2023-07-13T14:16:49","date_gmt":"2023-07-13T11:16:49","guid":{"rendered":"https:\/\/www.vempele.fi\/?post_type=product&#038;p=20269"},"modified":"2025-09-01T14:48:44","modified_gmt":"2025-09-01T11:48:44","slug":"usb-splitter-tesla-modell-3-y","status":"publish","type":"product","link":"https:\/\/www.vempele.fi\/sv\/tuote\/usb-jakaja-tesla-model-3-y\/","title":{"rendered":"USB-splitter - Tesla Model 3 \/ Y"},"content":{"rendered":"<p>USB-splitter - Tesla Model 3 2021-&gt; \/ Y.<\/p>\n<ul>\n<li>Material. Plast<\/li>\n<li>F\u00e4rg: Svart<\/li>\n<li>Paketet inneh\u00e5ller: 1 x USB-splitter<\/li>\n<li>Nominell ing\u00e5ngssp\u00e4nning: DC 3,7V<\/li>\n<li>Utg\u00e5ende str\u00f6m:\n<ul>\n<li>Typ-C: PD 27W Max<\/li>\n<li>USB-A: Ladda USB<\/li>\n<li>USB-A: Data\u00f6verf\u00f6ring<\/li>\n<li>Typ-C: Data\u00f6verf\u00f6ring<\/li>\n<\/ul>\n<\/li>\n<li>Storlek: 19,5 x 3,3 x 2,6 cm<\/li>\n<li>Vikt: 0,095 kg<\/li>\n<li>L\u00e4mplighet:\n<ul>\n<li>Modell Y 2021 - 2024<\/li>\n<li>Modell 3 Uppdatering vm. 2021 - 2023<\/li>\n<\/ul>\n<\/li>\n<\/ul>","protected":false},"excerpt":{"rendered":"<p>Denna USB-splitter \u00e4r utformad f\u00f6r att passa Tesla Model 3 2021-&gt; &amp; Y. Den g\u00f6r att du kan konvertera de tv\u00e5 sv\u00e5r\u00e5tkomliga USB-C-platserna i fodralet till tv\u00e5 USB-A- och tv\u00e5 USB-C-platser. Samtidigt f\u00e5r du b\u00e4ttre synlighet, vilket g\u00f6r det l\u00e4ttare att hantera dina enheter.<\/p>","protected":false},"featured_media":20633,"comment_status":"open","ping_status":"closed","template":"","meta":[],"product_brand":[],"product_cat":[151,154,455,480,482,128],"product_tag":[521,156,271,121,95],"class_list":{"0":"post-20269","1":"product","2":"type-product","3":"status-publish","4":"has-post-thumbnail","6":"product_cat-model-3","7":"product_cat-model-y","8":"product_cat-my-tarvikkeet","9":"product_cat-tarvikkeet-sisapuolelle-model-3","10":"product_cat-tarvikkeet-sisapuolelle-model-y","11":"product_cat-tesla-tuotteet","12":"product_tag-hub","13":"product_tag-model-3","14":"product_tag-model-y","15":"product_tag-tesla","16":"product_tag-usb","18":"first","19":"outofstock","20":"taxable","21":"shipping-taxable","22":"purchasable","23":"product-type-simple"},"jetpack_sharing_enabled":true,"_links":{"self":[{"href":"https:\/\/www.vempele.fi\/sv\/wp-json\/wp\/v2\/product\/20269","targetHints":{"allow":["GET"]}}],"collection":[{"href":"https:\/\/www.vempele.fi\/sv\/wp-json\/wp\/v2\/product"}],"about":[{"href":"https:\/\/www.vempele.fi\/sv\/wp-json\/wp\/v2\/types\/product"}],"replies":[{"embeddable":true,"href":"https:\/\/www.vempele.fi\/sv\/wp-json\/wp\/v2\/comments?post=20269"}],"wp:featuredmedia":[{"embeddable":true,"href":"https:\/\/www.vempele.fi\/sv\/wp-json\/wp\/v2\/media\/20633"}],"wp:attachment":[{"href":"https:\/\/www.vempele.fi\/sv\/wp-json\/wp\/v2\/media?parent=20269"}],"wp:term":[{"taxonomy":"product_brand","embeddable":true,"href":"https:\/\/www.vempele.fi\/sv\/wp-json\/wp\/v2\/product_brand?post=20269"},{"taxonomy":"product_cat","embeddable":true,"href":"https:\/\/www.vempele.fi\/sv\/wp-json\/wp\/v2\/product_cat?post=20269"},{"taxonomy":"product_tag","embeddable":true,"href":"https:\/\/www.vempele.fi\/sv\/wp-json\/wp\/v2\/product_tag?post=20269"}],"curies":[{"name":"wp","href":"https:\/\/api.w.org\/{rel}","templated":true}]}}