{"id":20405,"date":"2023-07-13T13:52:52","date_gmt":"2023-07-13T10:52:52","guid":{"rendered":"https:\/\/www.vempele.fi\/?post_type=product&#038;p=20405"},"modified":"2026-04-03T14:10:43","modified_gmt":"2026-04-03T11:10:43","slug":"skydd-for-luftventil-i-baksatet-matt-kolfiber-tesla-model-3-y","status":"publish","type":"product","link":"https:\/\/www.vempele.fi\/sv\/tuote\/takapenkin-ilmaventtiilin-suoja-matta-hiilikuitu-tesla-model-3-y\/","title":{"rendered":"Skydd f\u00f6r luftventiler i baks\u00e4tet - matt kolfiber - Tesla Model 3 \/ Y"},"content":{"rendered":"<p>Skydd f\u00f6r luftventiler i baks\u00e4tet - matt kolfiber - Tesla Model 3 \/ Y.<\/p>\n<ul>\n<li>Material: ABS-plast, kolfiberkonstruktion<\/li>\n<li>F\u00e4rg: Kolfiberimitation<\/li>\n<li>Storlek: 17 x 7,5 x 20,5 cm<\/li>\n<li>Vikt: 0,100 kg<\/li>\n<li>L\u00e4mplighet:\n<ul>\n<li>Modell Y<\/li>\n<li>Modell 3 Uppdatering vm. 2021 - 2023<\/li>\n<\/ul>\n<\/li>\n<li>Namn: Bekl\u00e4dnad f\u00f6r bakre luftventiler - matt kolfiber - Tesla Model 3 \/ Y<\/li>\n<\/ul>","protected":false},"excerpt":{"rendered":"<p>Luftventilationsskydd f\u00f6r baks\u00e4tet - matt kolfiber - Tesla Model 3 2021-&gt; \/ Y. Detta \u00e4r kolfiberutseendet f\u00f6r baks\u00e4tet. Produkten f\u00e4sts p\u00e5 plats med tejp \u00f6ver originalet. Kom ih\u00e5g att reng\u00f6ra ytan v\u00e4l. Limmet f\u00e4ster ocks\u00e5 b\u00e4st n\u00e4r det installeras p\u00e5 en varm och torr yta.<\/p>","protected":false},"featured_media":20607,"comment_status":"open","ping_status":"closed","template":"","meta":[],"product_brand":[],"product_cat":[151,154,455,480,482,128],"product_tag":[241,156,271,411,121],"class_list":{"0":"post-20405","1":"product","2":"type-product","3":"status-publish","4":"has-post-thumbnail","6":"product_cat-model-3","7":"product_cat-model-y","8":"product_cat-my-tarvikkeet","9":"product_cat-tarvikkeet-sisapuolelle-model-3","10":"product_cat-tarvikkeet-sisapuolelle-model-y","11":"product_cat-tesla-tuotteet","12":"product_tag-hiilikuitu","13":"product_tag-model-3","14":"product_tag-model-y","15":"product_tag-suoja","16":"product_tag-tesla","18":"first","19":"instock","20":"sale","21":"taxable","22":"shipping-taxable","23":"purchasable","24":"product-type-simple"},"jetpack_sharing_enabled":true,"_links":{"self":[{"href":"https:\/\/www.vempele.fi\/sv\/wp-json\/wp\/v2\/product\/20405","targetHints":{"allow":["GET"]}}],"collection":[{"href":"https:\/\/www.vempele.fi\/sv\/wp-json\/wp\/v2\/product"}],"about":[{"href":"https:\/\/www.vempele.fi\/sv\/wp-json\/wp\/v2\/types\/product"}],"replies":[{"embeddable":true,"href":"https:\/\/www.vempele.fi\/sv\/wp-json\/wp\/v2\/comments?post=20405"}],"wp:featuredmedia":[{"embeddable":true,"href":"https:\/\/www.vempele.fi\/sv\/wp-json\/wp\/v2\/media\/20607"}],"wp:attachment":[{"href":"https:\/\/www.vempele.fi\/sv\/wp-json\/wp\/v2\/media?parent=20405"}],"wp:term":[{"taxonomy":"product_brand","embeddable":true,"href":"https:\/\/www.vempele.fi\/sv\/wp-json\/wp\/v2\/product_brand?post=20405"},{"taxonomy":"product_cat","embeddable":true,"href":"https:\/\/www.vempele.fi\/sv\/wp-json\/wp\/v2\/product_cat?post=20405"},{"taxonomy":"product_tag","embeddable":true,"href":"https:\/\/www.vempele.fi\/sv\/wp-json\/wp\/v2\/product_tag?post=20405"}],"curies":[{"name":"wp","href":"https:\/\/api.w.org\/{rel}","templated":true}]}}