{"id":20421,"date":"2023-07-14T16:42:23","date_gmt":"2023-07-14T13:42:23","guid":{"rendered":"https:\/\/www.vempele.fi\/?post_type=product&#038;p=20421"},"modified":"2026-01-19T22:45:31","modified_gmt":"2026-01-19T20:45:31","slug":"kabelarrangor-tesla-modell-3-y","status":"publish","type":"product","link":"https:\/\/www.vempele.fi\/sv\/tuote\/kaapelin-organisoija-tesla-model-3-y\/","title":{"rendered":"Kabelarrang\u00f6r - Tesla Model 3 \/ Y"},"content":{"rendered":"<p>Kabelarrang\u00f6r - Tesla Model 3 \/ Y<\/p>\n<ul>\n<li>Material: ABS-plast<\/li>\n<li>F\u00e4rg: Gr\u00e5<\/li>\n<li>Vikt: 0,050 kg<\/li>\n<li>Storlek: 23 x 4 x 3,2 cm<\/li>\n<li>L\u00e4mplighet:\n<ul>\n<li>Modell 3 Uppdatering vm. 2021 - 2023<\/li>\n<li>Modell Y 2020 - 2024<\/li>\n<\/ul>\n<\/li>\n<li>Installation: i den centrala konsolen<\/li>\n<\/ul>","protected":false},"excerpt":{"rendered":"<p>Kabelarrang\u00f6r - Tesla Model 3 \/ Y. Produkthj\u00e4lp f\u00f6r kablar som sticker ut \u00f6verallt. K\u00e4nns det som att en l\u00e5ng kabel skulle vara praktiskt i bilen, men kabeln blir l\u00e4tt knuten och trasslig? H\u00e4r \u00e4r lite hj\u00e4lp med problemet. Med kabelorganisat\u00f6ren kan du enkelt h\u00e5lla kabelh\u00e4rvan under kontroll. Kabelgenomf\u00f6ringarna \u00e4r tillverkade av styvt gummi, s\u00e5 att kablarna sitter s\u00e4kert p\u00e5 plats.<\/p>","protected":false},"featured_media":20984,"comment_status":"open","ping_status":"closed","template":"","meta":[],"product_brand":[],"product_cat":[151,154,455,480,482,128],"product_tag":[271,121,203],"class_list":{"0":"post-20421","1":"product","2":"type-product","3":"status-publish","4":"has-post-thumbnail","6":"product_cat-model-3","7":"product_cat-model-y","8":"product_cat-my-tarvikkeet","9":"product_cat-tarvikkeet-sisapuolelle-model-3","10":"product_cat-tarvikkeet-sisapuolelle-model-y","11":"product_cat-tesla-tuotteet","12":"product_tag-model-y","13":"product_tag-tesla","14":"product_tag-tesla-model-y","16":"first","17":"outofstock","18":"taxable","19":"shipping-taxable","20":"purchasable","21":"product-type-simple"},"jetpack_sharing_enabled":true,"_links":{"self":[{"href":"https:\/\/www.vempele.fi\/sv\/wp-json\/wp\/v2\/product\/20421","targetHints":{"allow":["GET"]}}],"collection":[{"href":"https:\/\/www.vempele.fi\/sv\/wp-json\/wp\/v2\/product"}],"about":[{"href":"https:\/\/www.vempele.fi\/sv\/wp-json\/wp\/v2\/types\/product"}],"replies":[{"embeddable":true,"href":"https:\/\/www.vempele.fi\/sv\/wp-json\/wp\/v2\/comments?post=20421"}],"wp:featuredmedia":[{"embeddable":true,"href":"https:\/\/www.vempele.fi\/sv\/wp-json\/wp\/v2\/media\/20984"}],"wp:attachment":[{"href":"https:\/\/www.vempele.fi\/sv\/wp-json\/wp\/v2\/media?parent=20421"}],"wp:term":[{"taxonomy":"product_brand","embeddable":true,"href":"https:\/\/www.vempele.fi\/sv\/wp-json\/wp\/v2\/product_brand?post=20421"},{"taxonomy":"product_cat","embeddable":true,"href":"https:\/\/www.vempele.fi\/sv\/wp-json\/wp\/v2\/product_cat?post=20421"},{"taxonomy":"product_tag","embeddable":true,"href":"https:\/\/www.vempele.fi\/sv\/wp-json\/wp\/v2\/product_tag?post=20421"}],"curies":[{"name":"wp","href":"https:\/\/api.w.org\/{rel}","templated":true}]}}