{"id":20425,"date":"2023-06-29T15:12:50","date_gmt":"2023-06-29T12:12:50","guid":{"rendered":"https:\/\/www.vempele.fi\/?post_type=product&#038;p=20425"},"modified":"2025-02-21T13:52:08","modified_gmt":"2025-02-21T11:52:08","slug":"modell-y-18-polycaps-for-aero-falgar","status":"publish","type":"product","link":"https:\/\/www.vempele.fi\/sv\/tuote\/model-y-18-polykapselit-aero-vanteille\/","title":{"rendered":"Modell 3 - 18\u2033 dammskydd f\u00f6r Aero-hjul"},"content":{"rendered":"<ul>\n<li>Kompatibilitet: Tesla Model 3 - 18\u2033 Aero-hjul f\u00f6re 10\/2023<\/li>\n<li>F\u00e4rg: Matt svart<\/li>\n<li>Material: ABS<\/li>\n<li>Storlek: 18\u2033<\/li>\n<li>Inneh\u00e5ll i f\u00f6rpackningen:\n<ul>\n<li>4 x Dammkapslar (identiska)<\/li>\n<li>Skyddstejp<\/li>\n<li>4 x Logo-klisterm\u00e4rken i mitten, matt svart<\/li>\n<\/ul>\n<\/li>\n<\/ul>","protected":false},"excerpt":{"rendered":"<p>Dammkapslar av slitstark ABS-plast Modell 3 - 18\u2033 Dammkapslar f\u00f6r Aero-hjul.<\/p>\n<p>Levereras med sj\u00e4lvh\u00e4ftande centrumst\u00e4mplar med matt svart Tesla-logotyp, se bild.<\/p>\n<p>Den levereras ocks\u00e5 med skyddsremsor mellan f\u00e4lgarna och navkapslarna f\u00f6r att skydda Aero-f\u00e4lgarna fr\u00e5n repor.<\/p>\n<p>Obs!<br \/>\nTill skillnad fr\u00e5n bilderna har mittm\u00e4rket en vit T-logotyp i st\u00e4llet f\u00f6r en mattsvart.<\/p>","protected":false},"featured_media":20603,"comment_status":"open","ping_status":"closed","template":"","meta":[],"product_brand":[],"product_cat":[151,452,481,128,456],"product_tag":[83,490,411,121,120],"class_list":{"0":"post-20425","1":"product","2":"type-product","3":"status-publish","4":"has-post-thumbnail","6":"product_cat-model-3","7":"product_cat-m3-tarvikkeet","8":"product_cat-tarvikkeet-ulkopuolelle-model-3","9":"product_cat-tesla-tuotteet","10":"product_cat-vannetarvikkeet","11":"product_tag-autotarvikkeet","12":"product_tag-polykapseli","13":"product_tag-suoja","14":"product_tag-tesla","15":"product_tag-tesla-model-3","17":"first","18":"outofstock","19":"taxable","20":"shipping-taxable","21":"purchasable","22":"product-type-simple"},"jetpack_sharing_enabled":true,"_links":{"self":[{"href":"https:\/\/www.vempele.fi\/sv\/wp-json\/wp\/v2\/product\/20425","targetHints":{"allow":["GET"]}}],"collection":[{"href":"https:\/\/www.vempele.fi\/sv\/wp-json\/wp\/v2\/product"}],"about":[{"href":"https:\/\/www.vempele.fi\/sv\/wp-json\/wp\/v2\/types\/product"}],"replies":[{"embeddable":true,"href":"https:\/\/www.vempele.fi\/sv\/wp-json\/wp\/v2\/comments?post=20425"}],"wp:featuredmedia":[{"embeddable":true,"href":"https:\/\/www.vempele.fi\/sv\/wp-json\/wp\/v2\/media\/20603"}],"wp:attachment":[{"href":"https:\/\/www.vempele.fi\/sv\/wp-json\/wp\/v2\/media?parent=20425"}],"wp:term":[{"taxonomy":"product_brand","embeddable":true,"href":"https:\/\/www.vempele.fi\/sv\/wp-json\/wp\/v2\/product_brand?post=20425"},{"taxonomy":"product_cat","embeddable":true,"href":"https:\/\/www.vempele.fi\/sv\/wp-json\/wp\/v2\/product_cat?post=20425"},{"taxonomy":"product_tag","embeddable":true,"href":"https:\/\/www.vempele.fi\/sv\/wp-json\/wp\/v2\/product_tag?post=20425"}],"curies":[{"name":"wp","href":"https:\/\/api.w.org\/{rel}","templated":true}]}}