{"id":20867,"date":"2024-01-09T15:00:56","date_gmt":"2024-01-09T13:00:56","guid":{"rendered":"https:\/\/www.vempele.fi\/?post_type=product&#038;p=20867"},"modified":"2026-03-26T16:22:48","modified_gmt":"2026-03-26T14:22:48","slug":"troskelskydd-tpe-tesla-modell-y","status":"publish","type":"product","link":"https:\/\/www.vempele.fi\/sv\/tuote\/kynnyssuojat-tpe-tesla-model-y\/","title":{"rendered":"Tr\u00f6skelskydd TPE - Tesla Model Y"},"content":{"rendered":"<p>Tr\u00f6skelskydd TPE - Tesla Model Y<\/p>\n<ul>\n<li>Material: TPE<\/li>\n<li>Ing\u00e5r i paketet:\n<ul>\n<li>4 x Tr\u00f6skelvakter<\/li>\n<\/ul>\n<\/li>\n<li>F\u00e4rg: Svart<\/li>\n<li>L\u00e4mplighet:\n<ul>\n<li>Tesla Model Y 2020 - 2024<\/li>\n<\/ul>\n<\/li>\n<\/ul>","protected":false},"excerpt":{"rendered":"<p>D\u00f6rrtr\u00f6skelskydd TPE - Tesla Model Y. Produkten limmas p\u00e5 plats p\u00e5 tr\u00f6skeln till varje bild\u00f6rr med den medf\u00f6ljande, f\u00f6rinstallerade dubbelh\u00e4ftande tejpen.<\/p>\n<p>Kom ih\u00e5g att installera produkten p\u00e5 en torr och ren yta i ett varmt rum och tryck produkten p\u00e5 plats en stund f\u00f6r att s\u00e4kerst\u00e4lla att den sj\u00e4lvh\u00e4ftande ytan f\u00e4ster v\u00e4l.<\/p>","protected":false},"featured_media":25414,"comment_status":"open","ping_status":"closed","template":"","meta":[],"product_brand":[],"product_cat":[154,455,482,128],"product_tag":[568,271,121,569],"class_list":{"0":"post-20867","1":"product","2":"type-product","3":"status-publish","4":"has-post-thumbnail","6":"product_cat-model-y","7":"product_cat-my-tarvikkeet","8":"product_cat-tarvikkeet-sisapuolelle-model-y","9":"product_cat-tesla-tuotteet","10":"product_tag-kynnyssuoja","11":"product_tag-model-y","12":"product_tag-tesla","13":"product_tag-tpe","15":"first","16":"instock","17":"taxable","18":"shipping-taxable","19":"purchasable","20":"product-type-simple"},"jetpack_sharing_enabled":true,"_links":{"self":[{"href":"https:\/\/www.vempele.fi\/sv\/wp-json\/wp\/v2\/product\/20867","targetHints":{"allow":["GET"]}}],"collection":[{"href":"https:\/\/www.vempele.fi\/sv\/wp-json\/wp\/v2\/product"}],"about":[{"href":"https:\/\/www.vempele.fi\/sv\/wp-json\/wp\/v2\/types\/product"}],"replies":[{"embeddable":true,"href":"https:\/\/www.vempele.fi\/sv\/wp-json\/wp\/v2\/comments?post=20867"}],"wp:featuredmedia":[{"embeddable":true,"href":"https:\/\/www.vempele.fi\/sv\/wp-json\/wp\/v2\/media\/25414"}],"wp:attachment":[{"href":"https:\/\/www.vempele.fi\/sv\/wp-json\/wp\/v2\/media?parent=20867"}],"wp:term":[{"taxonomy":"product_brand","embeddable":true,"href":"https:\/\/www.vempele.fi\/sv\/wp-json\/wp\/v2\/product_brand?post=20867"},{"taxonomy":"product_cat","embeddable":true,"href":"https:\/\/www.vempele.fi\/sv\/wp-json\/wp\/v2\/product_cat?post=20867"},{"taxonomy":"product_tag","embeddable":true,"href":"https:\/\/www.vempele.fi\/sv\/wp-json\/wp\/v2\/product_tag?post=20867"}],"curies":[{"name":"wp","href":"https:\/\/api.w.org\/{rel}","templated":true}]}}