{"id":23906,"date":"2023-10-19T16:31:36","date_gmt":"2023-10-19T13:31:36","guid":{"rendered":"https:\/\/www.vempele.fi\/?post_type=product&#038;p=23906"},"modified":"2026-03-17T14:58:26","modified_gmt":"2026-03-17T12:58:26","slug":"tesla-model-3-zax-v5-gloss-gunmetal-20x8-5-et35","status":"publish","type":"product","link":"https:\/\/www.vempele.fi\/sv\/tuote\/tesla-model-3-zax-v5-gloss-gunmetal-20x8-5-et35\/","title":{"rendered":"Tesla Model 3 - Zax V5 Gloss Gunmetal 20\u00d78,5 ET35"},"content":{"rendered":"<p>Zax V5 Gloss Gunmetal Rotary Smidda hjul f\u00f6r Tesla Model 3 och Model 3 Performance.<\/p>\n<ul>\n<li>Bredd: 8,5\u2033<\/li>\n<li>F\u00e4lgdiameter: 20\u2033<\/li>\n<li>Centrumh\u00e5lets diameter: 64,1 mm<\/li>\n<li>Bultf\u00f6rdelning: 5 x 114,3<\/li>\n<li>Vikt p\u00e5 f\u00e4lgen: 12,40 kg<\/li>\n<li>ET35 passar \u00e4ven Model 3 Performance<\/li>\n<\/ul>\n<p>Mer information p\u00e5 tillverkarens webbplats <a href=\"https:\/\/zaxwheels.com\/ss_port\/zax-v5\/\" target=\"_blank\" rel=\"noopener\">ZAX-hjul<\/a><\/p>","protected":false},"excerpt":{"rendered":"<p>Zax V5 Gloss Gunmetal 19\u00d79 ET35 hjul \u00e4r h\u00f6gkvalitativa hjul f\u00f6r Tesla. F\u00e4lgarna \u00e4r l\u00e4ttare \u00e4n Teslas original. Kompatibla med Teslas mittnav.<\/p>\n<p>Priset g\u00e4ller f\u00f6r en f\u00e4lg.<\/p>\n<p><strong>Sensorer f\u00f6r f\u00e4lgar? <\/strong><\/p>\n<ul>\n<li><a href=\"https:\/\/www.vempele.fi\/sv\/product-2\/dacktrycksgivare-autel-tpms-mx-433mhz\/\" target=\"_blank\" rel=\"noopener\">433 MHz TPMS (-&gt;2020) trycksensorer<\/a><\/li>\n<li><a href=\"https:\/\/www.vempele.fi\/sv\/product-2\/dacktrycksgivare-tesla-tpms-ble-cub\/\" target=\"_blank\" rel=\"noopener\">BLE TPMS (2021-&gt;) Bluetooth-sensorer<\/a><\/li>\n<\/ul>","protected":false},"featured_media":13124,"comment_status":"open","ping_status":"closed","template":"","meta":[],"product_brand":[],"product_cat":[151,128,372],"product_tag":[301,83,299,300,121,120,203,321,320,402],"class_list":{"0":"post-23906","1":"product","2":"type-product","3":"status-publish","4":"has-post-thumbnail","6":"product_cat-model-3","7":"product_cat-tesla-tuotteet","8":"product_cat-vanteet","9":"product_tag-autonrenkaat","10":"product_tag-autotarvikkeet","11":"product_tag-rengas","12":"product_tag-renkaat","13":"product_tag-tesla","14":"product_tag-tesla-model-3","15":"product_tag-tesla-model-y","16":"product_tag-vanteet","17":"product_tag-zax","18":"product_tag-zax-v5","20":"first","21":"instock","22":"sale","23":"taxable","24":"shipping-taxable","25":"purchasable","26":"product-type-simple"},"jetpack_sharing_enabled":true,"_links":{"self":[{"href":"https:\/\/www.vempele.fi\/sv\/wp-json\/wp\/v2\/product\/23906","targetHints":{"allow":["GET"]}}],"collection":[{"href":"https:\/\/www.vempele.fi\/sv\/wp-json\/wp\/v2\/product"}],"about":[{"href":"https:\/\/www.vempele.fi\/sv\/wp-json\/wp\/v2\/types\/product"}],"replies":[{"embeddable":true,"href":"https:\/\/www.vempele.fi\/sv\/wp-json\/wp\/v2\/comments?post=23906"}],"wp:featuredmedia":[{"embeddable":true,"href":"https:\/\/www.vempele.fi\/sv\/wp-json\/wp\/v2\/media\/13124"}],"wp:attachment":[{"href":"https:\/\/www.vempele.fi\/sv\/wp-json\/wp\/v2\/media?parent=23906"}],"wp:term":[{"taxonomy":"product_brand","embeddable":true,"href":"https:\/\/www.vempele.fi\/sv\/wp-json\/wp\/v2\/product_brand?post=23906"},{"taxonomy":"product_cat","embeddable":true,"href":"https:\/\/www.vempele.fi\/sv\/wp-json\/wp\/v2\/product_cat?post=23906"},{"taxonomy":"product_tag","embeddable":true,"href":"https:\/\/www.vempele.fi\/sv\/wp-json\/wp\/v2\/product_tag?post=23906"}],"curies":[{"name":"wp","href":"https:\/\/api.w.org\/{rel}","templated":true}]}}