{"id":24294,"date":"2023-11-09T12:38:52","date_gmt":"2023-11-09T10:38:52","guid":{"rendered":"https:\/\/www.vempele.fi\/?post_type=product&#038;p=24294"},"modified":"2026-04-14T07:56:07","modified_gmt":"2026-04-14T04:56:07","slug":"laddningslucka-fjarrkontroll-modell-s-3-x-y","status":"publish","type":"product","link":"https:\/\/www.vempele.fi\/sv\/tuote\/latausluukun-kauko-ohjain-model-s-3-x-y\/","title":{"rendered":"Fj\u00e4rrkontroll f\u00f6r laddningslucka - Model S \/ 3 \/ X \/ Y"},"content":{"rendered":"<p>Fj\u00e4rrkontroll f\u00f6r laddningslucka - Model S \/ 3 \/ X \/ Y<\/p>\n<ul>\n<li>Material: ABS<\/li>\n<li>F\u00e4rg: R\u00f6d<\/li>\n<li>Storlek: 3,5 x 3 x 1 cm<\/li>\n<li>Vikt: ca 10 g<\/li>\n<li>Batteri: CR2050 (medf\u00f6ljer)<\/li>\n<li>L\u00e4mplighet: f\u00f6r Tesla Model S \/ 3 \/ X \/ Y<\/li>\n<\/ul>","protected":false},"excerpt":{"rendered":"<p>Ett praktiskt tillbeh\u00f6r f\u00f6r en nyckelring, eller f\u00f6r att f\u00e4stas med dubbelh\u00e4ftande tejp!<\/p>\n<p>Med fj\u00e4rrkontrollknappen p\u00e5 laddningsluckan kan du enkelt \u00f6ppna luckan fr\u00e5n flera meters avst\u00e5nd. Luckan \u00f6ppnas dock inte om d\u00f6rrarna \u00e4r l\u00e5sta och telefonnyckeln inte finns i n\u00e4rheten. Knappen kan inte anv\u00e4ndas f\u00f6r att l\u00e5sa upp laddningsuttaget.<\/p>\n<p>Produkten beh\u00f6ver inte kopplas ihop med bilen, den fungerar direkt ur l\u00e5dan.<\/p>","protected":false},"featured_media":24295,"comment_status":"open","ping_status":"closed","template":"","meta":[],"product_brand":[],"product_cat":[151,152,153,154,452,453,454,455,480,485,487,482,481,484,486,483,128],"product_tag":[523,522,156,172,173,271,121],"class_list":{"0":"post-24294","1":"product","2":"type-product","3":"status-publish","4":"has-post-thumbnail","6":"product_cat-model-3","7":"product_cat-model-s","8":"product_cat-model-x","9":"product_cat-model-y","10":"product_cat-m3-tarvikkeet","11":"product_cat-ms-tarvikkeet","12":"product_cat-mx-tarvikkeet","13":"product_cat-my-tarvikkeet","14":"product_cat-tarvikkeet-sisapuolelle-model-3","15":"product_cat-tarvikkeet-sisapuolelle-model-s","16":"product_cat-tarvikkeet-sisapuolelle-model-x","17":"product_cat-tarvikkeet-sisapuolelle-model-y","18":"product_cat-tarvikkeet-ulkopuolelle-model-3","19":"product_cat-tarvikkeet-ulkopuolelle-model-s","20":"product_cat-tarvikkeet-ulkopuolelle-model-x","21":"product_cat-tarvikkeet-ulkopuolelle-model-y","22":"product_cat-tesla-tuotteet","23":"product_tag-kauko-ohjain","24":"product_tag-latausportti","25":"product_tag-model-3","26":"product_tag-model-s","27":"product_tag-model-x","28":"product_tag-model-y","29":"product_tag-tesla","31":"first","32":"instock","33":"taxable","34":"shipping-taxable","35":"purchasable","36":"product-type-simple"},"jetpack_sharing_enabled":true,"_links":{"self":[{"href":"https:\/\/www.vempele.fi\/sv\/wp-json\/wp\/v2\/product\/24294","targetHints":{"allow":["GET"]}}],"collection":[{"href":"https:\/\/www.vempele.fi\/sv\/wp-json\/wp\/v2\/product"}],"about":[{"href":"https:\/\/www.vempele.fi\/sv\/wp-json\/wp\/v2\/types\/product"}],"replies":[{"embeddable":true,"href":"https:\/\/www.vempele.fi\/sv\/wp-json\/wp\/v2\/comments?post=24294"}],"wp:featuredmedia":[{"embeddable":true,"href":"https:\/\/www.vempele.fi\/sv\/wp-json\/wp\/v2\/media\/24295"}],"wp:attachment":[{"href":"https:\/\/www.vempele.fi\/sv\/wp-json\/wp\/v2\/media?parent=24294"}],"wp:term":[{"taxonomy":"product_brand","embeddable":true,"href":"https:\/\/www.vempele.fi\/sv\/wp-json\/wp\/v2\/product_brand?post=24294"},{"taxonomy":"product_cat","embeddable":true,"href":"https:\/\/www.vempele.fi\/sv\/wp-json\/wp\/v2\/product_cat?post=24294"},{"taxonomy":"product_tag","embeddable":true,"href":"https:\/\/www.vempele.fi\/sv\/wp-json\/wp\/v2\/product_tag?post=24294"}],"curies":[{"name":"wp","href":"https:\/\/api.w.org\/{rel}","templated":true}]}}