{"id":24412,"date":"2023-11-16T15:32:03","date_gmt":"2023-11-16T13:32:03","guid":{"rendered":"https:\/\/www.vempele.fi\/?post_type=product&#038;p=24412"},"modified":"2025-10-21T19:59:22","modified_gmt":"2025-10-21T16:59:22","slug":"ppf-skyddsfilmer-modell-3","status":"publish","type":"product","link":"https:\/\/www.vempele.fi\/sv\/tuote\/ppf-suojakalvot-model-3\/","title":{"rendered":"PPF skyddsfilmer - Modell 3"},"content":{"rendered":"<p>PPF skyddsfilmer - Modell 3<\/p>\n<ul>\n<li>Produkten inneh\u00e5ller 4 bitar PPF-film som skurits till.<\/li>\n<li>F\u00e4rg: Transparent<\/li>\n<li>L\u00e4mplighet:\n<ul>\n<li>Model 3 Pre-Refresh vm. 2019 - 2021<\/li>\n<li>Modell 3 Uppdatering vm 2021 - 2023<\/li>\n<li>Modell 3 H\u00f6glandet 2023 -&gt;<\/li>\n<\/ul>\n<\/li>\n<\/ul>","protected":false},"excerpt":{"rendered":"<p>Med PPF-skyddsmanschetten i r\u00e4tt storlek kan du skydda de mest utsatta delarna av bilens lackyta p\u00e5 de fr\u00e4mre och bakre hjulhusen.<\/p>\n<p>Filmen \u00e4r transparent, elastisk och h\u00e5llbar.<\/p>\n<p>En lyckad installation kr\u00e4ver ett varmt rum och noggrann reng\u00f6ring av omr\u00e5det som ska filmas fr\u00e5n all smuts, damm, fett och eventuella bel\u00e4ggningar. Efter reng\u00f6ringen sprutar du milt tv\u00e5lvatten fr\u00e5n en sprayflaska p\u00e5 det omr\u00e5de som ska installeras och p\u00e5 skyddsfilmens sj\u00e4lvh\u00e4ftande sida. Placera sedan skyddsfilmen p\u00e5 plats och anv\u00e4nd en spatel f\u00f6r att ta bort tv\u00e5lvattnet d\u00e4remellan, s\u00e5 att skyddsfilmen f\u00e4ster p\u00e5 f\u00e4rgytan.<\/p>","protected":false},"featured_media":24413,"comment_status":"open","ping_status":"closed","template":"","meta":[],"product_brand":[],"product_cat":[151,452,481,128],"product_tag":[156,526,411,527,121],"class_list":{"0":"post-24412","1":"product","2":"type-product","3":"status-publish","4":"has-post-thumbnail","6":"product_cat-model-3","7":"product_cat-m3-tarvikkeet","8":"product_cat-tarvikkeet-ulkopuolelle-model-3","9":"product_cat-tesla-tuotteet","10":"product_tag-model-3","11":"product_tag-ppf","12":"product_tag-suoja","13":"product_tag-suojakalvo","14":"product_tag-tesla","16":"first","17":"outofstock","18":"taxable","19":"shipping-taxable","20":"purchasable","21":"product-type-simple"},"jetpack_sharing_enabled":true,"_links":{"self":[{"href":"https:\/\/www.vempele.fi\/sv\/wp-json\/wp\/v2\/product\/24412","targetHints":{"allow":["GET"]}}],"collection":[{"href":"https:\/\/www.vempele.fi\/sv\/wp-json\/wp\/v2\/product"}],"about":[{"href":"https:\/\/www.vempele.fi\/sv\/wp-json\/wp\/v2\/types\/product"}],"replies":[{"embeddable":true,"href":"https:\/\/www.vempele.fi\/sv\/wp-json\/wp\/v2\/comments?post=24412"}],"wp:featuredmedia":[{"embeddable":true,"href":"https:\/\/www.vempele.fi\/sv\/wp-json\/wp\/v2\/media\/24413"}],"wp:attachment":[{"href":"https:\/\/www.vempele.fi\/sv\/wp-json\/wp\/v2\/media?parent=24412"}],"wp:term":[{"taxonomy":"product_brand","embeddable":true,"href":"https:\/\/www.vempele.fi\/sv\/wp-json\/wp\/v2\/product_brand?post=24412"},{"taxonomy":"product_cat","embeddable":true,"href":"https:\/\/www.vempele.fi\/sv\/wp-json\/wp\/v2\/product_cat?post=24412"},{"taxonomy":"product_tag","embeddable":true,"href":"https:\/\/www.vempele.fi\/sv\/wp-json\/wp\/v2\/product_tag?post=24412"}],"curies":[{"name":"wp","href":"https:\/\/api.w.org\/{rel}","templated":true}]}}