{"id":24736,"date":"2023-12-05T10:06:21","date_gmt":"2023-12-05T08:06:21","guid":{"rendered":"https:\/\/www.vempele.fi\/?post_type=product&#038;p=24736"},"modified":"2024-09-24T13:07:06","modified_gmt":"2024-09-24T10:07:06","slug":"tesla-modell-y-skalmodell-124","status":"publish","type":"product","link":"https:\/\/www.vempele.fi\/sv\/tuote\/tesla-model-y-pienoismalli-124\/","title":{"rendered":"Tesla Model Y modell i skala 1:24"},"content":{"rendered":"<p>Tesla Model Y skalenlig modell.<\/p>\n<p>Funktioner:<\/p>\n<ul>\n<li>F\u00e4rger: r\u00f6d, bl\u00e5, svart, vit och gr\u00e5.<\/li>\n<li>Ljus och ljud drivs av 3 x 1,5 V AG13-batterier.<\/li>\n<li>\u00d6ppning av luckor<\/li>\n<li>Modell av en laddningsstation<\/li>\n<li>M\u00e5tt p\u00e5 f\u00f6rpackningen: ca 22 x 12 x 10 cm<\/li>\n<li>Vikt: ca 450 g<\/li>\n<li>Namn: Tesla Model Y - Modell i skala 1:24<\/li>\n<\/ul>","protected":false},"excerpt":{"rendered":"<p>Tesla Model Y skalenlig modell.<\/p>\n<p>En skalenlig modell av en riktig Tesla Model Y. N\u00e4r du \u00f6ppnar ytterd\u00f6rrarna och drar tillbaka skalmodellen f\u00e5r du Tesla-kraft. Inga batterier kr\u00e4vs f\u00f6r att driva modellen, bara ljud och ljus. Basen har en h\u00f6gtalare som drivs med tre (3x) AG13 1,5 V-batterier.<\/p>\n<p>Finns i r\u00f6tt, vitt, svart, bl\u00e5tt eller gr\u00e5tt.<\/p>\n<p>Levereras \u00e4ven med en modell av laddstationen<\/p>\n<p>Obs! Rekommenderas inte f\u00f6r mycket sm\u00e5 barn.<\/p>","protected":false},"featured_media":24741,"comment_status":"open","ping_status":"closed","template":"","meta":[],"product_brand":[],"product_cat":[458,154,128],"product_tag":[267,121],"class_list":{"0":"post-24736","1":"product","2":"type-product","3":"status-publish","4":"has-post-thumbnail","6":"product_cat-lelut-fanituotteet","7":"product_cat-model-y","8":"product_cat-tesla-tuotteet","9":"product_tag-pienoismalli","10":"product_tag-tesla","12":"first","13":"outofstock","14":"taxable","15":"shipping-taxable","16":"purchasable","17":"product-type-variable"},"jetpack_sharing_enabled":true,"_links":{"self":[{"href":"https:\/\/www.vempele.fi\/sv\/wp-json\/wp\/v2\/product\/24736","targetHints":{"allow":["GET"]}}],"collection":[{"href":"https:\/\/www.vempele.fi\/sv\/wp-json\/wp\/v2\/product"}],"about":[{"href":"https:\/\/www.vempele.fi\/sv\/wp-json\/wp\/v2\/types\/product"}],"replies":[{"embeddable":true,"href":"https:\/\/www.vempele.fi\/sv\/wp-json\/wp\/v2\/comments?post=24736"}],"wp:featuredmedia":[{"embeddable":true,"href":"https:\/\/www.vempele.fi\/sv\/wp-json\/wp\/v2\/media\/24741"}],"wp:attachment":[{"href":"https:\/\/www.vempele.fi\/sv\/wp-json\/wp\/v2\/media?parent=24736"}],"wp:term":[{"taxonomy":"product_brand","embeddable":true,"href":"https:\/\/www.vempele.fi\/sv\/wp-json\/wp\/v2\/product_brand?post=24736"},{"taxonomy":"product_cat","embeddable":true,"href":"https:\/\/www.vempele.fi\/sv\/wp-json\/wp\/v2\/product_cat?post=24736"},{"taxonomy":"product_tag","embeddable":true,"href":"https:\/\/www.vempele.fi\/sv\/wp-json\/wp\/v2\/product_tag?post=24736"}],"curies":[{"name":"wp","href":"https:\/\/api.w.org\/{rel}","templated":true}]}}