{"id":25403,"date":"2024-01-09T09:46:48","date_gmt":"2024-01-09T07:46:48","guid":{"rendered":"https:\/\/www.vempele.fi\/?post_type=product&#038;p=25403"},"modified":"2026-04-08T12:23:51","modified_gmt":"2026-04-08T09:23:51","slug":"jack-pad-lyftdyna-tesla-modell-y-byd-batteri","status":"publish","type":"product","link":"https:\/\/www.vempele.fi\/sv\/tuote\/jack-pad-nostotyyny-tesla-model-y-byd-akku\/","title":{"rendered":"Jack Pad lyftdyna Tesla Model Y (BYD-batteri)"},"content":{"rendered":"<div>Jack Pad lyftdyna Tesla Model Y (BYD-batteri)<\/div>\n<div><\/div>\n<div>Information om produkten:<\/div>\n<ul>\n<li>Kompatibilitet: bakhjulsdriven Tesla Model Y tillverkad i Berlin med BYD-batteri (XP7xxxxx)<\/li>\n<li>F\u00e4rg: Svart<\/li>\n<li>Material: plast<\/li>\n<li>L\u00e4ngd: 62 mm<\/li>\n<li>Bredd: 62 mm<\/li>\n<li>H\u00f6jd: 45 mm<\/li>\n<\/ul>\n<div><span data-spm-anchor-id=\"a2g0o.detail.1000023.i1.4c0084e2SLVXwM\">Inkluderar en (1) lyftdyna.<\/span><\/div>","protected":false},"excerpt":{"rendered":"<p>Jackpad eller lyftkudde f\u00f6r br\u00e4dan. Utformad f\u00f6r den Berlinbyggda bakhjulsdrivna Model Y med ett BYD-tillverkat batteri.<\/p>\n<p>Domkraftsdynan skyddar batteriet och karossen n\u00e4r bilen lyfts. Jackdynans stift \u00e4r placerat exakt p\u00e5 den punkt d\u00e4r domkraften s\u00e4tts in.<\/p>\n<p>Du kan hitta en standardlyftdyna <a href=\"https:\/\/www.vempele.fi\/sv\/product-2\/lyftkudde-for-domkraft-tesla-3\/\">h\u00e4r.<\/a><\/p>","protected":false},"featured_media":25407,"comment_status":"open","ping_status":"closed","template":"","meta":[],"product_brand":[],"product_cat":[154,455,483,128,456],"product_tag":[83,524,271,525,121,567],"class_list":{"0":"post-25403","1":"product","2":"type-product","3":"status-publish","4":"has-post-thumbnail","6":"product_cat-model-y","7":"product_cat-my-tarvikkeet","8":"product_cat-tarvikkeet-ulkopuolelle-model-y","9":"product_cat-tesla-tuotteet","10":"product_cat-vannetarvikkeet","11":"product_tag-autotarvikkeet","12":"product_tag-jack-pad","13":"product_tag-model-y","14":"product_tag-nostotyyny","15":"product_tag-tesla","16":"product_tag-tunkkityyny","18":"first","19":"instock","20":"taxable","21":"shipping-taxable","22":"purchasable","23":"product-type-simple"},"jetpack_sharing_enabled":true,"_links":{"self":[{"href":"https:\/\/www.vempele.fi\/sv\/wp-json\/wp\/v2\/product\/25403","targetHints":{"allow":["GET"]}}],"collection":[{"href":"https:\/\/www.vempele.fi\/sv\/wp-json\/wp\/v2\/product"}],"about":[{"href":"https:\/\/www.vempele.fi\/sv\/wp-json\/wp\/v2\/types\/product"}],"replies":[{"embeddable":true,"href":"https:\/\/www.vempele.fi\/sv\/wp-json\/wp\/v2\/comments?post=25403"}],"wp:featuredmedia":[{"embeddable":true,"href":"https:\/\/www.vempele.fi\/sv\/wp-json\/wp\/v2\/media\/25407"}],"wp:attachment":[{"href":"https:\/\/www.vempele.fi\/sv\/wp-json\/wp\/v2\/media?parent=25403"}],"wp:term":[{"taxonomy":"product_brand","embeddable":true,"href":"https:\/\/www.vempele.fi\/sv\/wp-json\/wp\/v2\/product_brand?post=25403"},{"taxonomy":"product_cat","embeddable":true,"href":"https:\/\/www.vempele.fi\/sv\/wp-json\/wp\/v2\/product_cat?post=25403"},{"taxonomy":"product_tag","embeddable":true,"href":"https:\/\/www.vempele.fi\/sv\/wp-json\/wp\/v2\/product_tag?post=25403"}],"curies":[{"name":"wp","href":"https:\/\/api.w.org\/{rel}","templated":true}]}}