{"id":26004,"date":"2024-02-14T13:23:29","date_gmt":"2024-02-14T11:23:29","guid":{"rendered":"https:\/\/www.vempele.fi\/?post_type=product&#038;p=26004"},"modified":"2026-04-29T11:10:46","modified_gmt":"2026-04-29T08:10:46","slug":"kameraskydd","status":"publish","type":"product","link":"https:\/\/www.vempele.fi\/sv\/tuote\/kameran-suoja\/","title":{"rendered":"Kameraskydd"},"content":{"rendered":"<p>Litet och diskret kameraskydd. Det h\u00e4r \u00e4r en utm\u00e4rkt produkt f\u00f6r dig som vill skydda din integritet n\u00e4r du t.ex. k\u00f6r bil eller anv\u00e4nder en b\u00e4rbar dator.<br \/>\nN\u00e4r bilen \u00e4r utrustad med Teslas kamera i bilen k\u00e4nner den inte l\u00e4ngre av n\u00e4r dina \u00f6gon avviker fr\u00e5n v\u00e4gen. Det finns inget felmeddelande n\u00e4r kameran \u00e4r t\u00e4ckt, och \u00e5tminstone f\u00f6r tillf\u00e4llet p\u00e5verkar det inte driften eller anv\u00e4ndningen av autopiloten.<\/p>\n<p>Produkten monteras ovanp\u00e5 kameran med en dubbelh\u00e4ftande tejp, s\u00e5 att kameran \u00e4r synlig n\u00e4r slutaren \u00e4r \u00f6ppen. Detta g\u00f6r att du kan s\u00e4tta p\u00e5 eller st\u00e4nga av kameran som du vill genom att skjuta klaffen p\u00e5 produkten fr\u00e5n sida till sida.<\/p>\n<ul>\n<li>F\u00e4rg: Svart<\/li>\n<li>Material: ABS<\/li>\n<li>L\u00e4mplighet:\n<ul>\n<li>Teslas inomhuskamera<\/li>\n<li>Till exempel b\u00e4rbara datorer och andra webbkameror.<\/li>\n<\/ul>\n<\/li>\n<li>Storlek: 27 x 11 mm<\/li>\n<\/ul>","protected":false},"excerpt":{"rendered":"<p>V\u00e4rdes\u00e4tter du integritet?<\/p>\n<p>H\u00e4r \u00e4r ett bra kameraskydd som t\u00e4cker den interna kameran antingen helt eller tillf\u00e4lligt.<\/p>\n<p>Detta skydd kan inte bara anv\u00e4ndas f\u00f6r bilen, utan \u00e4ven f\u00f6r att t\u00e4cka en b\u00e4rbar dator eller annan kamera.<\/p>\n<p>Enkel installation med den medf\u00f6ljande dubbelh\u00e4ftande tejpen!<\/p>","protected":false},"featured_media":26009,"comment_status":"open","ping_status":"closed","template":"","meta":[],"product_brand":[],"product_cat":[151,152,153,154,452,453,454,455,480,485,487,482,128],"product_tag":[83,125,579,156,172,173,271,411,121],"class_list":{"0":"post-26004","1":"product","2":"type-product","3":"status-publish","4":"has-post-thumbnail","6":"product_cat-model-3","7":"product_cat-model-s","8":"product_cat-model-x","9":"product_cat-model-y","10":"product_cat-m3-tarvikkeet","11":"product_cat-ms-tarvikkeet","12":"product_cat-mx-tarvikkeet","13":"product_cat-my-tarvikkeet","14":"product_cat-tarvikkeet-sisapuolelle-model-3","15":"product_cat-tarvikkeet-sisapuolelle-model-s","16":"product_cat-tarvikkeet-sisapuolelle-model-x","17":"product_cat-tarvikkeet-sisapuolelle-model-y","18":"product_cat-tesla-tuotteet","19":"product_tag-autotarvikkeet","20":"product_tag-kamera","21":"product_tag-luukku","22":"product_tag-model-3","23":"product_tag-model-s","24":"product_tag-model-x","25":"product_tag-model-y","26":"product_tag-suoja","27":"product_tag-tesla","29":"first","30":"instock","31":"taxable","32":"shipping-taxable","33":"purchasable","34":"product-type-simple"},"jetpack_sharing_enabled":true,"_links":{"self":[{"href":"https:\/\/www.vempele.fi\/sv\/wp-json\/wp\/v2\/product\/26004","targetHints":{"allow":["GET"]}}],"collection":[{"href":"https:\/\/www.vempele.fi\/sv\/wp-json\/wp\/v2\/product"}],"about":[{"href":"https:\/\/www.vempele.fi\/sv\/wp-json\/wp\/v2\/types\/product"}],"replies":[{"embeddable":true,"href":"https:\/\/www.vempele.fi\/sv\/wp-json\/wp\/v2\/comments?post=26004"}],"wp:featuredmedia":[{"embeddable":true,"href":"https:\/\/www.vempele.fi\/sv\/wp-json\/wp\/v2\/media\/26009"}],"wp:attachment":[{"href":"https:\/\/www.vempele.fi\/sv\/wp-json\/wp\/v2\/media?parent=26004"}],"wp:term":[{"taxonomy":"product_brand","embeddable":true,"href":"https:\/\/www.vempele.fi\/sv\/wp-json\/wp\/v2\/product_brand?post=26004"},{"taxonomy":"product_cat","embeddable":true,"href":"https:\/\/www.vempele.fi\/sv\/wp-json\/wp\/v2\/product_cat?post=26004"},{"taxonomy":"product_tag","embeddable":true,"href":"https:\/\/www.vempele.fi\/sv\/wp-json\/wp\/v2\/product_tag?post=26004"}],"curies":[{"name":"wp","href":"https:\/\/api.w.org\/{rel}","templated":true}]}}