{"id":26628,"date":"2024-03-19T14:17:07","date_gmt":"2024-03-19T12:17:07","guid":{"rendered":"https:\/\/www.vempele.fi\/?post_type=product&#038;p=26628"},"modified":"2026-04-18T11:54:43","modified_gmt":"2026-04-18T08:54:43","slug":"eco-golvmattor-tesla-modell-3","status":"publish","type":"product","link":"https:\/\/www.vempele.fi\/sv\/tuote\/eco-lattiamatot-tesla-model-3\/","title":{"rendered":"ECO Golvmattor - Tesla Model 3"},"content":{"rendered":"<p>Ett slitstarkt, popul\u00e4rt och framf\u00f6r allt inhemskt ECO-mattpaket f\u00f6r Tesla Model 3.<\/p>\n<p>Tre mattor i f\u00f6rpackningen:<br \/>\n1 x F\u00f6r f\u00f6raren<br \/>\n1 x f\u00f6r fr\u00e4mre passagerare<br \/>\n1 x Enkel matta f\u00f6r bakre v\u00e5ningen<\/p>\n<p><b>Ytterligare information:<\/b><\/p>\n<ul>\n<li>Material: EVA<\/li>\n<li>L\u00e4mplighet:\n<ul>\n<li>Model 3 F\u00f6re uppdatering 2019 - 2021<\/li>\n<li>Uppdatering av modell 3 2021 - 2023<\/li>\n<li>Modell 3 H\u00f6glandet 2023 -&gt;<\/li>\n<\/ul>\n<\/li>\n<li>F\u00e4rg: Svart<\/li>\n<li>Vikt: ca 1,6 kg<\/li>\n<li>Tillverkningsland: Finland<\/li>\n<\/ul>","protected":false},"excerpt":{"rendered":"<p>Inhemskt snyggt mattalternativ f\u00f6r Tesla nu direkt fr\u00e5n lager!<\/p>\n<p>Mattmaterialet \u00e4r ekologiskt och \u00e5tervinningsbart EVA. S\u00e4kert, giftfritt och luktfritt. Den unika cellstrukturen g\u00f6r att smuts och vatten ansamlas j\u00e4mnt i cellerna. Mattorna kan enkelt reng\u00f6ras genom att skakas eller sk\u00f6ljas med vatten. Luftkvaliteten inomhus f\u00f6rb\u00e4ttras och frostbildning p\u00e5 f\u00f6nster minskar. Materialet t\u00e5l temperaturer s\u00e5 l\u00e5ga som -50\u00b0C och s\u00e5 h\u00f6ga som +70\u00b0C. Slagt\u00e5ligt, ljud- och v\u00e4rmeisolerande. Behaglig att ta p\u00e5 och riktigt snygga ECO-mattor.<\/p>","protected":false},"featured_media":26629,"comment_status":"open","ping_status":"closed","template":"","meta":[],"product_brand":[],"product_cat":[409,151,128],"product_tag":[83,590,206,513,553,156,121],"class_list":{"0":"post-26628","1":"product","2":"type-product","3":"status-publish","4":"has-post-thumbnail","6":"product_cat-matot-model-3","7":"product_cat-model-3","8":"product_cat-tesla-tuotteet","9":"product_tag-autotarvikkeet","10":"product_tag-eco","11":"product_tag-eva","12":"product_tag-kaukalomatot","13":"product_tag-kuramatot","14":"product_tag-model-3","15":"product_tag-tesla","17":"first","18":"instock","19":"taxable","20":"shipping-taxable","21":"purchasable","22":"product-type-variable"},"jetpack_sharing_enabled":true,"_links":{"self":[{"href":"https:\/\/www.vempele.fi\/sv\/wp-json\/wp\/v2\/product\/26628","targetHints":{"allow":["GET"]}}],"collection":[{"href":"https:\/\/www.vempele.fi\/sv\/wp-json\/wp\/v2\/product"}],"about":[{"href":"https:\/\/www.vempele.fi\/sv\/wp-json\/wp\/v2\/types\/product"}],"replies":[{"embeddable":true,"href":"https:\/\/www.vempele.fi\/sv\/wp-json\/wp\/v2\/comments?post=26628"}],"wp:featuredmedia":[{"embeddable":true,"href":"https:\/\/www.vempele.fi\/sv\/wp-json\/wp\/v2\/media\/26629"}],"wp:attachment":[{"href":"https:\/\/www.vempele.fi\/sv\/wp-json\/wp\/v2\/media?parent=26628"}],"wp:term":[{"taxonomy":"product_brand","embeddable":true,"href":"https:\/\/www.vempele.fi\/sv\/wp-json\/wp\/v2\/product_brand?post=26628"},{"taxonomy":"product_cat","embeddable":true,"href":"https:\/\/www.vempele.fi\/sv\/wp-json\/wp\/v2\/product_cat?post=26628"},{"taxonomy":"product_tag","embeddable":true,"href":"https:\/\/www.vempele.fi\/sv\/wp-json\/wp\/v2\/product_tag?post=26628"}],"curies":[{"name":"wp","href":"https:\/\/api.w.org\/{rel}","templated":true}]}}