{"id":26683,"date":"2024-03-29T13:09:26","date_gmt":"2024-03-29T11:09:26","guid":{"rendered":"https:\/\/www.vempele.fi\/?post_type=product&#038;p=26683"},"modified":"2026-03-25T15:04:44","modified_gmt":"2026-03-25T13:04:44","slug":"monaco-gp6-18-sommardacksuppsattning-tesla-model-3","status":"publish","type":"product","link":"https:\/\/www.vempele.fi\/sv\/tuote\/monaco-gp6-18-kesarengaspaketti-tesla-model-3\/","title":{"rendered":"Monaco GP6 18\u2033 sommard\u00e4ckspaket - Tesla Model 3"},"content":{"rendered":"<p>Monaco GP6 \u00e4r en direktmonterad cool f\u00e4lg till din Tesla!<\/p>\n<p>D\u00e4ckpaketet levereras direkt hem till dig i en monteringsf\u00e4rdig f\u00f6rpackning.<br \/>\nLagersaldot f\u00f6r denna produkt uppdateras inte automatiskt, s\u00e5 om d\u00e4cket av n\u00e5gon anledning inte finns tillg\u00e4ngligt kommer vi att kontakta dig omedelbart, eller s\u00e5 kan du kontrollera tillg\u00e4ngligheten i f\u00f6rv\u00e4g.<\/p>\n<p>Leveranstiden f\u00f6r ett d\u00e4ckpaket \u00e4r ca 1-2 veckor fr\u00e5n best\u00e4llning.<\/p>\n<ul>\n<li>F\u00e4lgar: Monaco GP6\n<ul>\n<li>Storlek: 18\u2033<\/li>\n<li>Bredd: 8\u2033<\/li>\n<li>ET: 38<\/li>\n<li>Jako: 5\u00d7114,3<\/li>\n<li>Centrumh\u00e5l: 64,1 mm<\/li>\n<li>Vikt: 12,9 kg<\/li>\n<li>Lastkapacitet: 720 kg<\/li>\n<\/ul>\n<\/li>\n<\/ul>\n<p>F\u00f6r mer information om d\u00e4ckalternativ, klicka h\u00e4r:<\/p>\n<details>\n<summary><b> Goodyear - Eagle F1 Asymmetric 3 <\/b><\/summary>\n<ul>\n<li>Belastningsindex: 94<\/li>\n<li>Symbol f\u00f6r hastighetskategori: W (270 km\/h)<\/li>\n<li>D\u00e4ckklass: C1<\/li>\n<\/ul>\n<p><img decoding=\"async\" src=\"https:\/\/www.vempele.fi\/wp-content\/uploads\/2024\/03\/Goodyear_eagle_asymmetric_3_235_45_18.webp\" alt=\"\" \/><\/p>\n<\/details>\n<p>&nbsp;<\/p>\n<details>\n<summary><b> Landsail - Rapid Dragon XL <\/b><\/summary>\n<ul>\n<li>Belastningsindex: 98<\/li>\n<li>Symbol f\u00f6r hastighetskategori: W (270 km\/h)<\/li>\n<li>D\u00e4ckklass: C1<\/li>\n<\/ul>\n<p><img decoding=\"async\" src=\"https:\/\/www.vempele.fi\/wp-content\/uploads\/2024\/03\/rapiddragon_235_45zr18.jpg\" alt=\"\" \/><\/p>\n<\/details>\n<p>&nbsp;<\/p>\n<details>\n<summary><b> Bridgestone - Turanza T005 <\/b><\/summary>\n<ul>\n<li>Belastningsindex: 94<\/li>\n<li>Symbol f\u00f6r hastighetskategori: W (270 km\/h)<\/li>\n<li>D\u00e4ckklass: C1<\/li>\n<\/ul>\n<p><img decoding=\"async\" src=\"https:\/\/www.vempele.fi\/wp-content\/uploads\/2024\/03\/Bridgestone_turanza_t005_235_45_18.webp\" alt=\"\" \/><\/p>\n<\/details>\n<p>&nbsp;<\/p>\n<details>\n<summary><b> Hankook \u2013 Ventus Prime 4 XL<\/b><\/summary>\n<ul>\n<li>Belastningsindex: 98<\/li>\n<li>Symbol f\u00f6r hastighetskategori: W (270 km\/h)<\/li>\n<li>D\u00e4ckklass: C1<\/li>\n<\/ul>\n<p><img loading=\"lazy\" decoding=\"async\" class=\"alignnone size-medium wp-image-46517\" src=\"https:\/\/www.vempele.fi\/wp-content\/uploads\/2024\/03\/Label_1046509-205x300.png\" alt=\"\" width=\"205\" height=\"300\" srcset=\"https:\/\/www.vempele.fi\/wp-content\/uploads\/2024\/03\/Label_1046509-205x300.png 205w, https:\/\/www.vempele.fi\/wp-content\/uploads\/2024\/03\/Label_1046509-698x1024.png 698w, https:\/\/www.vempele.fi\/wp-content\/uploads\/2024\/03\/Label_1046509-768x1126.png 768w, https:\/\/www.vempele.fi\/wp-content\/uploads\/2024\/03\/Label_1046509-8x12.png 8w, https:\/\/www.vempele.fi\/wp-content\/uploads\/2024\/03\/Label_1046509-416x610.png 416w, https:\/\/www.vempele.fi\/wp-content\/uploads\/2024\/03\/Label_1046509.png 886w\" sizes=\"auto, (max-width: 205px) 100vw, 205px\" \/><\/p>\n<\/details>\n<p>&nbsp;<\/p>\n<details>\n<summary><b> Pirelli - P-Zero (PZ4) <\/b><\/summary>\n<ul>\n<li>Belastningsindex: 98<\/li>\n<li>Hastighetsklass m\u00e4rke: Y (&gt;300km\/h)<\/li>\n<li>D\u00e4ckklass: C1<\/li>\n<\/ul>\n<p><img decoding=\"async\" src=\"https:\/\/www.vempele.fi\/wp-content\/uploads\/2024\/03\/Pirelli_pzero_4_235_45_18.webp\" alt=\"\" \/><\/p>\n<\/details>\n<p>&nbsp;<\/p>\n<details>\n<summary><b> Michelin - Primacy 4+ <\/b><\/summary>\n<ul>\n<li>Belastningsindex: 98<\/li>\n<li>Hastighetsklass m\u00e4rke: Y (&gt;300km\/h)<\/li>\n<li>D\u00e4ckklass: C1<\/li>\n<\/ul>\n<p><img decoding=\"async\" src=\"https:\/\/www.vempele.fi\/wp-content\/uploads\/2024\/03\/Michelin_primacy_4_235_45_18.webp\" alt=\"\" \/><\/p>\n<\/details>\n<p>&nbsp;<\/p>\n<p>&nbsp;<\/p>","protected":false},"excerpt":{"rendered":"<p>Ett f\u00e4rdigt paket som \u00e4r l\u00e4tt att v\u00e4lja och som passar dina behov!<\/p>\n<p>Du kan enkelt v\u00e4lja mellan en rad olika d\u00e4ckalternativ och f\u00e4lgf\u00e4rger f\u00f6r att hitta den som passar dig b\u00e4st.<\/p>\n<p>Monaco GP6 passar direkt till Tesla, s\u00e5 inga adapterringar beh\u00f6vs. F\u00f6r mer information om d\u00e4ck och f\u00e4lgar, se l\u00e4ngst ned p\u00e5 denna sida.<\/p>\n<p><strong>Vilka sensorer ska jag v\u00e4lja?<\/strong><br \/>\nF\u00f6r sensorer g\u00e4ller som regel att 10\/2020 och fram\u00e5t \u00e4r Bluetooth-sensorer och \u00e4ldre 433Mhz-sensorer. Om bilen \u00e4r tillverkad n\u00e4ra detta datum \u00e4r det dock v\u00e4rt att kontrollera vilka sensorer som \u00e4r monterade.<br \/>\nF\u00f6r 433Mhz-sensorer ber vi dig ocks\u00e5 att l\u00e4gga till bilens tillverkningsdatum, t.ex. 05\/2019, i orderinformationen.<\/p>","protected":false},"featured_media":26727,"comment_status":"open","ping_status":"closed","template":"","meta":[],"product_brand":[],"product_cat":[593],"product_tag":[156,591,300,121,592,321],"class_list":{"0":"post-26683","1":"product","2":"type-product","3":"status-publish","4":"has-post-thumbnail","6":"product_cat-rengaspaketit","7":"product_tag-model-3","8":"product_tag-rengaspaketti","9":"product_tag-renkaat","10":"product_tag-tesla","11":"product_tag-vannepaketti","12":"product_tag-vanteet","14":"first","15":"instock","16":"taxable","17":"shipping-taxable","18":"purchasable","19":"product-type-variable"},"jetpack_sharing_enabled":true,"_links":{"self":[{"href":"https:\/\/www.vempele.fi\/sv\/wp-json\/wp\/v2\/product\/26683","targetHints":{"allow":["GET"]}}],"collection":[{"href":"https:\/\/www.vempele.fi\/sv\/wp-json\/wp\/v2\/product"}],"about":[{"href":"https:\/\/www.vempele.fi\/sv\/wp-json\/wp\/v2\/types\/product"}],"replies":[{"embeddable":true,"href":"https:\/\/www.vempele.fi\/sv\/wp-json\/wp\/v2\/comments?post=26683"}],"wp:featuredmedia":[{"embeddable":true,"href":"https:\/\/www.vempele.fi\/sv\/wp-json\/wp\/v2\/media\/26727"}],"wp:attachment":[{"href":"https:\/\/www.vempele.fi\/sv\/wp-json\/wp\/v2\/media?parent=26683"}],"wp:term":[{"taxonomy":"product_brand","embeddable":true,"href":"https:\/\/www.vempele.fi\/sv\/wp-json\/wp\/v2\/product_brand?post=26683"},{"taxonomy":"product_cat","embeddable":true,"href":"https:\/\/www.vempele.fi\/sv\/wp-json\/wp\/v2\/product_cat?post=26683"},{"taxonomy":"product_tag","embeddable":true,"href":"https:\/\/www.vempele.fi\/sv\/wp-json\/wp\/v2\/product_tag?post=26683"}],"curies":[{"name":"wp","href":"https:\/\/api.w.org\/{rel}","templated":true}]}}