{"id":26742,"date":"2024-03-22T13:10:21","date_gmt":"2024-03-22T11:10:21","guid":{"rendered":"https:\/\/www.vempele.fi\/?post_type=product&#038;p=26742"},"modified":"2026-04-25T23:56:02","modified_gmt":"2026-04-25T20:56:02","slug":"eco-bakluckematta-tesla-modell-s","status":"publish","type":"product","link":"https:\/\/www.vempele.fi\/sv\/tuote\/eco-takaluukun-matto-tesla-model-s\/","title":{"rendered":"ECO Bagagerumsmatta - Tesla Model S"},"content":{"rendered":"<p>ECO Trunk Carpet nu tillg\u00e4nglig direkt fr\u00e5n Vempele! Inhemska, h\u00e5llbara och h\u00f6gkvalitativa bakluckemattor f\u00f6r Tesla.<\/p>\n<p><b>Ytterligare information:<\/b><\/p>\n<ul>\n<li>Material: EVA<\/li>\n<li>L\u00e4mplighet:\n<ul>\n<li>Modell S<\/li>\n<\/ul>\n<\/li>\n<li>F\u00e4rg: Svart<\/li>\n<li>Vikt: ca 1,1 kg<\/li>\n<li>Tillverkningsland: Finland<\/li>\n<\/ul>","protected":false},"excerpt":{"rendered":"<p>ECO Bagagerumsmatta. Inhemskt snyggt mattalternativ f\u00f6r Tesla nu direkt fr\u00e5n lager!<\/p>\n<p>Mattmaterialet \u00e4r ekologiskt och \u00e5tervinningsbart EVA. S\u00e4kert, giftfritt och luktfritt. Den unika bikakestrukturen g\u00f6r att smuts och vatten ansamlas j\u00e4mnt i mattans celler. Mattorna kan enkelt reng\u00f6ras genom att skakas eller sk\u00f6ljas med vatten. Luftkvaliteten inomhus f\u00f6rb\u00e4ttras och imma fr\u00e5n f\u00f6nster minskar. ECO-bakluckemattan t\u00e5l temperaturer fr\u00e5n -50\u00b0C till +70\u00b0C. Slagt\u00e5lig, ljud- och v\u00e4rmeisolerande. ECO-bakluckematta \u00e4r behaglig att r\u00f6ra vid och \u00e4r riktigt snygg.<\/p>","protected":false},"featured_media":26746,"comment_status":"open","ping_status":"closed","template":"","meta":[],"product_brand":[],"product_cat":[512,152,128],"product_tag":[83,590,206,513,553,172,200,121],"class_list":{"0":"post-26742","1":"product","2":"type-product","3":"status-publish","4":"has-post-thumbnail","6":"product_cat-matot-model-s","7":"product_cat-model-s","8":"product_cat-tesla-tuotteet","9":"product_tag-autotarvikkeet","10":"product_tag-eco","11":"product_tag-eva","12":"product_tag-kaukalomatot","13":"product_tag-kuramatot","14":"product_tag-model-s","15":"product_tag-takaluukku","16":"product_tag-tesla","18":"first","19":"instock","20":"taxable","21":"shipping-taxable","22":"purchasable","23":"product-type-variable"},"jetpack_sharing_enabled":true,"_links":{"self":[{"href":"https:\/\/www.vempele.fi\/sv\/wp-json\/wp\/v2\/product\/26742","targetHints":{"allow":["GET"]}}],"collection":[{"href":"https:\/\/www.vempele.fi\/sv\/wp-json\/wp\/v2\/product"}],"about":[{"href":"https:\/\/www.vempele.fi\/sv\/wp-json\/wp\/v2\/types\/product"}],"replies":[{"embeddable":true,"href":"https:\/\/www.vempele.fi\/sv\/wp-json\/wp\/v2\/comments?post=26742"}],"wp:featuredmedia":[{"embeddable":true,"href":"https:\/\/www.vempele.fi\/sv\/wp-json\/wp\/v2\/media\/26746"}],"wp:attachment":[{"href":"https:\/\/www.vempele.fi\/sv\/wp-json\/wp\/v2\/media?parent=26742"}],"wp:term":[{"taxonomy":"product_brand","embeddable":true,"href":"https:\/\/www.vempele.fi\/sv\/wp-json\/wp\/v2\/product_brand?post=26742"},{"taxonomy":"product_cat","embeddable":true,"href":"https:\/\/www.vempele.fi\/sv\/wp-json\/wp\/v2\/product_cat?post=26742"},{"taxonomy":"product_tag","embeddable":true,"href":"https:\/\/www.vempele.fi\/sv\/wp-json\/wp\/v2\/product_tag?post=26742"}],"curies":[{"name":"wp","href":"https:\/\/api.w.org\/{rel}","templated":true}]}}