{"id":27271,"date":"2024-04-05T12:48:09","date_gmt":"2024-04-05T09:48:09","guid":{"rendered":"https:\/\/www.vempele.fi\/?post_type=product&#038;p=27271"},"modified":"2026-03-23T15:55:07","modified_gmt":"2026-03-23T13:55:07","slug":"monaco-gp6-19-sommardacksuppsattning-tesla-model-y","status":"publish","type":"product","link":"https:\/\/www.vempele.fi\/sv\/tuote\/monaco-gp6-19-kesarengaspaketti-tesla-model-y\/","title":{"rendered":"Monaco GP6 19\u2033 sommard\u00e4ckspaket - Tesla Model Y"},"content":{"rendered":"<p>Monaco GP6 \u00e4r en direktmonterad cool f\u00e4lg till din Tesla!<\/p>\n<p>D\u00e4ckpaketet levereras direkt hem till dig i en monteringsf\u00e4rdig f\u00f6rpackning.<br \/>\nLagersaldot f\u00f6r denna produkt uppdateras inte automatiskt, s\u00e5 om d\u00e4cket av n\u00e5gon anledning inte finns tillg\u00e4ngligt kommer vi att kontakta dig omedelbart, eller s\u00e5 kan du kontrollera tillg\u00e4ngligheten i f\u00f6rv\u00e4g.<\/p>\n<p>Leveranstiden f\u00f6r ett d\u00e4ckpaket \u00e4r ca 1-2 veckor fr\u00e5n best\u00e4llning.<\/p>\n<ul>\n<li>F\u00e4lgar: Monaco GP6\n<ul>\n<li>Storlek: 19\u2033<\/li>\n<li>Bredd: 8,5\u2033<\/li>\n<li>ET: 40<\/li>\n<li>Jako: 5\u00d7114,3<\/li>\n<li>Centrumh\u00e5l: 64,1 mm<\/li>\n<li>Vikt: 14,9Kg<\/li>\n<li>Lastkapacitet: 900 kg<\/li>\n<li>Tryckgivare: Huf BT<\/li>\n<\/ul>\n<\/li>\n<\/ul>\n<p>F\u00f6r mer information om d\u00e4ckalternativ, klicka h\u00e4r:<\/p>\n<details>\n<summary><b> Goodyear - Eagle F1 Asymmetric 3 XL 255\/45R19 <\/b><\/summary>\n<ul>\n<li>Lastkapacitet: 104<\/li>\n<li>Skylt f\u00f6r hastighetskategori: Y (300 km\/h)<\/li>\n<li>D\u00e4ckklass: C1<\/li>\n<\/ul>\n<p><img decoding=\"async\" src=\"https:\/\/www.vempele.fi\/wp-content\/uploads\/2024\/04\/goodyear_eagle_asymmetric_f1_255_45R19_104_Y_XL.png\" alt=\"\" \/><\/p>\n<\/details>\n<p>&nbsp;<\/p>\n<details>\n<summary><b> Kumho - Ecsta 255\/45Zr19 XL <\/b><\/summary>\n<ul>\n<li>Lastkapacitet: 104<\/li>\n<li>Hastighetsklass m\u00e4rke: Y (&gt;300km\/h)<\/li>\n<li>D\u00e4ckklass: C1<\/li>\n<\/ul>\n<p><img decoding=\"async\" src=\"https:\/\/www.vempele.fi\/wp-content\/uploads\/2024\/04\/kumho_ecsta_PS91_255_45ZR19_104Y_XL.png\" alt=\"\" \/><\/p>\n<\/details>\n<p>&nbsp;<\/p>\n<details>\n<summary><b> Bridgestone - Turanza T005 255\/45R19 XL <\/b><\/summary>\n<ul>\n<li>Lastkapacitet: 104<\/li>\n<li>Hastighetsklass m\u00e4rke: Y (&gt;300km\/h)<\/li>\n<li>D\u00e4ckklass: C1<\/li>\n<\/ul>\n<p><img decoding=\"async\" src=\"https:\/\/www.vempele.fi\/wp-content\/uploads\/2024\/04\/bridgestore_turanza_T005_255_45R19_104_Y_XL.png\" alt=\"\" \/><\/p>\n<\/details>\n<p>&nbsp;<\/p>\n<details>\n<summary><b> Hankook - Ventus S1 EVO 3 EV XL 255\/45R19 <\/b><\/summary>\n<ul>\n<li>Lastkapacitet: 104<\/li>\n<li>Symbol f\u00f6r hastighetskategori: W (270 km\/h)<\/li>\n<li>D\u00e4ckklass: C1<\/li>\n<\/ul>\n<p><img decoding=\"async\" src=\"https:\/\/www.vempele.fi\/wp-content\/uploads\/2024\/04\/hankook_s1_evo3_ev_255_45R19_104_W_XL.png\" alt=\"\" \/><\/p>\n<\/details>\n<p>&nbsp;<\/p>\n<details>\n<summary><b> Pirelli - P-Zero (PZ4) 255\/45ZR19 XL <\/b><\/summary>\n<ul>\n<li>Lastkapacitet: 104<\/li>\n<li>Hastighetsklass m\u00e4rke: Y (&gt;300km\/h)<\/li>\n<li>D\u00e4ckklass: C1<\/li>\n<\/ul>\n<p><img decoding=\"async\" src=\"https:\/\/www.vempele.fi\/wp-content\/uploads\/2024\/04\/pirelli_pzero_255_45ZR19_104Y_XL.png\" alt=\"\" \/><\/p>\n<\/details>\n<p>&nbsp;<\/p>\n<details>\n<summary><b> Linglong Grip Master 255\/45 WR19 TL 104W C\/S XL <\/b><\/summary>\n<ul>\n<li>Lastkapacitet: 104<\/li>\n<li>Hastighetsklass m\u00e4rke: Y (&gt;300km\/h)<\/li>\n<li>D\u00e4ckklass: C1<\/li>\n<\/ul>\n<p><img decoding=\"async\" src=\"https:\/\/www.vempele.fi\/wp-content\/uploads\/2025\/03\/linglong_grip_master_255_45r19_104W.png.jpg\" alt=\"\" \/><\/p>\n<\/details>\n<p>&nbsp;<\/p>\n<p>&nbsp;<\/p>","protected":false},"excerpt":{"rendered":"<p>Ett f\u00e4rdigt paket som \u00e4r l\u00e4tt att v\u00e4lja och som passar dina behov!<\/p>\n<p>Du kan enkelt v\u00e4lja mellan en rad olika d\u00e4ckalternativ och f\u00e4lgf\u00e4rger f\u00f6r att hitta den som passar dig b\u00e4st.<\/p>\n<p>Monaco GP6 passar direkt till Tesla, s\u00e5 inga adapterringar beh\u00f6vs. F\u00f6r mer information om d\u00e4ck och f\u00e4lgar, se l\u00e4ngst ned p\u00e5 denna sida.<\/p>\n<p>P\u00e5 Model Y levereras d\u00e4ck-till-f\u00e4lg-paketen med Huf BT TPMS-sensorer installerade.<\/p>","protected":false},"featured_media":26727,"comment_status":"open","ping_status":"closed","template":"","meta":[],"product_brand":[],"product_cat":[154,593],"product_tag":[156,591,300,121,592,321],"class_list":{"0":"post-27271","1":"product","2":"type-product","3":"status-publish","4":"has-post-thumbnail","6":"product_cat-model-y","7":"product_cat-rengaspaketit","8":"product_tag-model-3","9":"product_tag-rengaspaketti","10":"product_tag-renkaat","11":"product_tag-tesla","12":"product_tag-vannepaketti","13":"product_tag-vanteet","15":"first","16":"instock","17":"taxable","18":"shipping-taxable","19":"purchasable","20":"product-type-variable"},"jetpack_sharing_enabled":true,"_links":{"self":[{"href":"https:\/\/www.vempele.fi\/sv\/wp-json\/wp\/v2\/product\/27271","targetHints":{"allow":["GET"]}}],"collection":[{"href":"https:\/\/www.vempele.fi\/sv\/wp-json\/wp\/v2\/product"}],"about":[{"href":"https:\/\/www.vempele.fi\/sv\/wp-json\/wp\/v2\/types\/product"}],"replies":[{"embeddable":true,"href":"https:\/\/www.vempele.fi\/sv\/wp-json\/wp\/v2\/comments?post=27271"}],"wp:featuredmedia":[{"embeddable":true,"href":"https:\/\/www.vempele.fi\/sv\/wp-json\/wp\/v2\/media\/26727"}],"wp:attachment":[{"href":"https:\/\/www.vempele.fi\/sv\/wp-json\/wp\/v2\/media?parent=27271"}],"wp:term":[{"taxonomy":"product_brand","embeddable":true,"href":"https:\/\/www.vempele.fi\/sv\/wp-json\/wp\/v2\/product_brand?post=27271"},{"taxonomy":"product_cat","embeddable":true,"href":"https:\/\/www.vempele.fi\/sv\/wp-json\/wp\/v2\/product_cat?post=27271"},{"taxonomy":"product_tag","embeddable":true,"href":"https:\/\/www.vempele.fi\/sv\/wp-json\/wp\/v2\/product_tag?post=27271"}],"curies":[{"name":"wp","href":"https:\/\/api.w.org\/{rel}","templated":true}]}}