{"id":27462,"date":"2024-04-10T12:31:43","date_gmt":"2024-04-10T09:31:43","guid":{"rendered":"https:\/\/www.vempele.fi\/?post_type=product&#038;p=27462"},"modified":"2025-11-29T00:53:21","modified_gmt":"2025-11-28T22:53:21","slug":"forstarkta-kryckor-tesla-modell-3-refresh","status":"publish","type":"product","link":"https:\/\/www.vempele.fi\/sv\/tuote\/vahvistetut-kuralapat-tesla-model-3-refresh\/","title":{"rendered":"F\u00f6rst\u00e4rkta vevstakar - Tesla Model 3 Refresh"},"content":{"rendered":"<p>Tesla Model 3 Refresh-modell med fint formade och f\u00f6rst\u00e4rkta st\u00e4nksk\u00e4rmar. Paketet inneh\u00e5ller 4 delar (fram och bak p\u00e5 b\u00e5da sidor) och n\u00f6dv\u00e4ndig monteringsutrustning.<\/p>\n<p>Du kan ladda ner installationsguiden <a href=\"https:\/\/www.vempele.fi\/wp-content\/uploads\/2024\/04\/Model_3_refresh_vahvistetut_kuralapat_ohje.pdf\" target=\"_blank\" rel=\"noopener\">H\u00e4r.<\/a><\/p>\n<p><strong>Mer information<\/strong><\/p>\n<ul>\n<li>L\u00e4mplighet:\n<ul>\n<li>Modell 3 Uppdatering vm. 2021 - 2023<\/li>\n<\/ul>\n<\/li>\n<li>Material: ABS<\/li>\n<li>F\u00e4rg: Svart<\/li>\n<\/ul>","protected":false},"excerpt":{"rendered":"<p>Paketet inneh\u00e5ller 4 st fr\u00e4mre och bakre st\u00e4nksk\u00e4rmar f\u00f6r Tesla Model 3 Refresh.<\/p>\n<p>Vi rekommenderar att du anv\u00e4nder PPF-remsor f\u00f6r att skydda bilens lackyta och dubbelh\u00e4ftande tejp f\u00f6r att f\u00e4sta flikarna (ing\u00e5r ej).<\/p>\n<p>En ny, f\u00f6rst\u00e4rkt modell som sl\u00e5r igenom p\u00e5 m\u00e5nga punkter.<\/p>","protected":false},"featured_media":27464,"comment_status":"open","ping_status":"closed","template":"","meta":[],"product_brand":[],"product_cat":[151,452,481,128],"product_tag":[83,270,121,120],"class_list":{"0":"post-27462","1":"product","2":"type-product","3":"status-publish","4":"has-post-thumbnail","6":"product_cat-model-3","7":"product_cat-m3-tarvikkeet","8":"product_cat-tarvikkeet-ulkopuolelle-model-3","9":"product_cat-tesla-tuotteet","10":"product_tag-autotarvikkeet","11":"product_tag-kuralapat","12":"product_tag-tesla","13":"product_tag-tesla-model-3","15":"first","16":"outofstock","17":"taxable","18":"shipping-taxable","19":"purchasable","20":"product-type-simple"},"jetpack_sharing_enabled":true,"_links":{"self":[{"href":"https:\/\/www.vempele.fi\/sv\/wp-json\/wp\/v2\/product\/27462","targetHints":{"allow":["GET"]}}],"collection":[{"href":"https:\/\/www.vempele.fi\/sv\/wp-json\/wp\/v2\/product"}],"about":[{"href":"https:\/\/www.vempele.fi\/sv\/wp-json\/wp\/v2\/types\/product"}],"replies":[{"embeddable":true,"href":"https:\/\/www.vempele.fi\/sv\/wp-json\/wp\/v2\/comments?post=27462"}],"wp:featuredmedia":[{"embeddable":true,"href":"https:\/\/www.vempele.fi\/sv\/wp-json\/wp\/v2\/media\/27464"}],"wp:attachment":[{"href":"https:\/\/www.vempele.fi\/sv\/wp-json\/wp\/v2\/media?parent=27462"}],"wp:term":[{"taxonomy":"product_brand","embeddable":true,"href":"https:\/\/www.vempele.fi\/sv\/wp-json\/wp\/v2\/product_brand?post=27462"},{"taxonomy":"product_cat","embeddable":true,"href":"https:\/\/www.vempele.fi\/sv\/wp-json\/wp\/v2\/product_cat?post=27462"},{"taxonomy":"product_tag","embeddable":true,"href":"https:\/\/www.vempele.fi\/sv\/wp-json\/wp\/v2\/product_tag?post=27462"}],"curies":[{"name":"wp","href":"https:\/\/api.w.org\/{rel}","templated":true}]}}