{"id":27524,"date":"2024-04-10T16:38:22","date_gmt":"2024-04-10T13:38:22","guid":{"rendered":"https:\/\/www.vempele.fi\/?post_type=product&#038;p=27524"},"modified":"2024-04-10T17:28:57","modified_gmt":"2024-04-10T14:28:57","slug":"kumho-ecsta-ps91-255-45zr19-104y-xl-tesla-modell-y","status":"publish","type":"product","link":"https:\/\/www.vempele.fi\/sv\/tuote\/kumho-ecsta-ps91-255-45zr19-104y-xl-tesla-model-y\/","title":{"rendered":"Kumho Ecsta PS91 255\/45ZR19 104Y XL - Tesla Model Y"},"content":{"rendered":"<p>1 st Kumho Ecsta PS91: 255\/45ZR19 104Y XL - Tesla Model Y.<\/p>\n<ul>\n<li class=\"single-product__section-title\">EU:s d\u00e4ckm\u00e4rkning<\/li>\n<li>Typ: sommard\u00e4ck<\/li>\n<li>Tum: 19<\/li>\n<li>Bredd: 255<\/li>\n<li>Profil: 45<\/li>\n<li class=\"single-product__section-title\">Hastighetskategori: 300 km\/tim (Y)<\/li>\n<li class=\"single-product__section-title\">Lastkapacitet: 900 kg (104)<\/li>\n<li>D\u00e4ckklassificering: C1<\/li>\n<li>Br\u00e4nsleekonomi: D<\/li>\n<li>Underh\u00e5ll av v\u00e5tutrymmen: A<\/li>\n<li>Klassificering och intensitet f\u00f6r passerande buller: B 73dB<\/li>\n<\/ul>","protected":false},"excerpt":{"rendered":"<p class=\"single-product__title\">Kumho Ecsta PS91: 255\/45R19 104Y XL.<\/p>\n<p>Sommard\u00e4ck.<\/p>\n<p>Kumho \u00e4r ett bra budgetalternativ f\u00f6r ett Model Y-d\u00e4ck. Designat f\u00f6r prestandabilar.<\/p>\n<p>Vi har inte alltid den h\u00e4r produkten i lager, men vi kan f\u00e5 den snabbt fr\u00e5n en grossist p\u00e5 cirka 3 dagar.<\/p>","protected":false},"featured_media":27525,"comment_status":"open","ping_status":"closed","template":"","meta":[],"product_brand":[],"product_cat":[154,371,128],"product_tag":[301,626,627,299,300,121,203,321],"class_list":{"0":"post-27524","1":"product","2":"type-product","3":"status-publish","4":"has-post-thumbnail","6":"product_cat-model-y","7":"product_cat-renkaat","8":"product_cat-tesla-tuotteet","9":"product_tag-autonrenkaat","10":"product_tag-kumho","11":"product_tag-kumho-ecsta","12":"product_tag-rengas","13":"product_tag-renkaat","14":"product_tag-tesla","15":"product_tag-tesla-model-y","16":"product_tag-vanteet","17":"product_shipping_class-nouto","19":"first","20":"instock","21":"taxable","22":"shipping-taxable","23":"purchasable","24":"product-type-simple"},"jetpack_sharing_enabled":true,"_links":{"self":[{"href":"https:\/\/www.vempele.fi\/sv\/wp-json\/wp\/v2\/product\/27524","targetHints":{"allow":["GET"]}}],"collection":[{"href":"https:\/\/www.vempele.fi\/sv\/wp-json\/wp\/v2\/product"}],"about":[{"href":"https:\/\/www.vempele.fi\/sv\/wp-json\/wp\/v2\/types\/product"}],"replies":[{"embeddable":true,"href":"https:\/\/www.vempele.fi\/sv\/wp-json\/wp\/v2\/comments?post=27524"}],"wp:featuredmedia":[{"embeddable":true,"href":"https:\/\/www.vempele.fi\/sv\/wp-json\/wp\/v2\/media\/27525"}],"wp:attachment":[{"href":"https:\/\/www.vempele.fi\/sv\/wp-json\/wp\/v2\/media?parent=27524"}],"wp:term":[{"taxonomy":"product_brand","embeddable":true,"href":"https:\/\/www.vempele.fi\/sv\/wp-json\/wp\/v2\/product_brand?post=27524"},{"taxonomy":"product_cat","embeddable":true,"href":"https:\/\/www.vempele.fi\/sv\/wp-json\/wp\/v2\/product_cat?post=27524"},{"taxonomy":"product_tag","embeddable":true,"href":"https:\/\/www.vempele.fi\/sv\/wp-json\/wp\/v2\/product_tag?post=27524"}],"curies":[{"name":"wp","href":"https:\/\/api.w.org\/{rel}","templated":true}]}}