{"id":27555,"date":"2024-04-11T09:20:52","date_gmt":"2024-04-11T06:20:52","guid":{"rendered":"https:\/\/www.vempele.fi\/?post_type=product&#038;p=27555"},"modified":"2024-05-22T12:24:44","modified_gmt":"2024-05-22T09:24:44","slug":"landsail-ls588-suv-235-55r18-104v-xl-modell-y","status":"publish","type":"product","link":"https:\/\/www.vempele.fi\/sv\/tuote\/landsail-ls588-suv-235-55r18-104v-xl-model-y\/","title":{"rendered":"Landsail LS588 SUV 235\/55R18 104V XL - Modell Y"},"content":{"rendered":"<p>1 Landsail LS588 SUV XL: 235\/55R18 104V - Modell Y.<\/p>\n<ul>\n<li class=\"single-product__section-title\">EU:s d\u00e4ckm\u00e4rkning<\/li>\n<li>Typ: friktionsring<\/li>\n<li>Tum: 18<\/li>\n<li>Bredd: 235<\/li>\n<li>Profil: 55<\/li>\n<li class=\"single-product__section-title\">Hastighetskategori: 240 km\/tim (V)<\/li>\n<li class=\"single-product__section-title\">Lastkapacitet: 900 kg (104)<\/li>\n<li>D\u00e4ckklassificering: C1<\/li>\n<li>Br\u00e4nsleekonomi: B<\/li>\n<li>V\u00e5t underh\u00e5ll: B<\/li>\n<li>Klassificering och intensitet f\u00f6r passerande buller: B 72dB<\/li>\n<\/ul>","protected":false},"excerpt":{"rendered":"<p class=\"single-product__title\">Landsail LS588 SUV XL: 235\/55R18 104V - Modell Y.<\/p>\n<p>Sommard\u00e4ck.<\/p>\n<p>Landsail LS588 SUV \u00e4r ett bra l\u00e5gprisd\u00e4ck f\u00f6r Model Y.<\/p>\n<p>Vi har inte alltid det h\u00e4r d\u00e4cket p\u00e5 hyllan, men vi kan f\u00e5 det fr\u00e5n en grossist inom cirka 3 dagar.<\/p>","protected":false},"featured_media":27557,"comment_status":"open","ping_status":"closed","template":"","meta":[],"product_brand":[],"product_cat":[154,371,128],"product_tag":[301,617,631,299,300,121,203,321],"class_list":{"0":"post-27555","1":"product","2":"type-product","3":"status-publish","4":"has-post-thumbnail","6":"product_cat-model-y","7":"product_cat-renkaat","8":"product_cat-tesla-tuotteet","9":"product_tag-autonrenkaat","10":"product_tag-landsail","11":"product_tag-landsail-ls588","12":"product_tag-rengas","13":"product_tag-renkaat","14":"product_tag-tesla","15":"product_tag-tesla-model-y","16":"product_tag-vanteet","17":"product_shipping_class-nouto","19":"first","20":"instock","21":"taxable","22":"shipping-taxable","23":"purchasable","24":"product-type-simple"},"jetpack_sharing_enabled":true,"_links":{"self":[{"href":"https:\/\/www.vempele.fi\/sv\/wp-json\/wp\/v2\/product\/27555","targetHints":{"allow":["GET"]}}],"collection":[{"href":"https:\/\/www.vempele.fi\/sv\/wp-json\/wp\/v2\/product"}],"about":[{"href":"https:\/\/www.vempele.fi\/sv\/wp-json\/wp\/v2\/types\/product"}],"replies":[{"embeddable":true,"href":"https:\/\/www.vempele.fi\/sv\/wp-json\/wp\/v2\/comments?post=27555"}],"wp:featuredmedia":[{"embeddable":true,"href":"https:\/\/www.vempele.fi\/sv\/wp-json\/wp\/v2\/media\/27557"}],"wp:attachment":[{"href":"https:\/\/www.vempele.fi\/sv\/wp-json\/wp\/v2\/media?parent=27555"}],"wp:term":[{"taxonomy":"product_brand","embeddable":true,"href":"https:\/\/www.vempele.fi\/sv\/wp-json\/wp\/v2\/product_brand?post=27555"},{"taxonomy":"product_cat","embeddable":true,"href":"https:\/\/www.vempele.fi\/sv\/wp-json\/wp\/v2\/product_cat?post=27555"},{"taxonomy":"product_tag","embeddable":true,"href":"https:\/\/www.vempele.fi\/sv\/wp-json\/wp\/v2\/product_tag?post=27555"}],"curies":[{"name":"wp","href":"https:\/\/api.w.org\/{rel}","templated":true}]}}