{"id":27775,"date":"2024-04-18T09:50:03","date_gmt":"2024-04-18T06:50:03","guid":{"rendered":"https:\/\/www.vempele.fi\/?post_type=product&#038;p=27775"},"modified":"2026-04-13T18:05:43","modified_gmt":"2026-04-13T15:05:43","slug":"framaxel-hoger-nedre-stodarm-bak-febi-bilstein-tesla-modell-3-y","status":"publish","type":"product","link":"https:\/\/www.vempele.fi\/sv\/tuote\/etuakselin-oikea-alatukivarsi-takimmainen-febi-bilstein-tesla-model-3-y\/","title":{"rendered":"H\u00f6ger fr\u00e4mre axels nedre st\u00f6darm, bak - FEBI BILSTEIN - Tesla Model 3 \/ Y"},"content":{"rendered":"<p>Bakre h\u00f6ger nedre st\u00f6darm p\u00e5 framaxeln.<\/p>\n<ul>\n<li>Tillverkare: FEBI BILSTEIN<\/li>\n<li>L\u00e4mplighet:\n<ul>\n<li>Model 3 Pre-Refresh vm. 2019 - 2021<\/li>\n<li>Modell 3 Uppdatering vm. 2021 - 2023<\/li>\n<li>Modell Y<\/li>\n<\/ul>\n<\/li>\n<li>Tillverkarens produktnummer: 179414<\/li>\n<li>Teslas reservdelsnummer som tillhandah\u00e5lls av tillverkaren:\n<ul>\n<li>1044359-00-A<\/li>\n<li>1044356-00-C<\/li>\n<\/ul>\n<\/li>\n<li>Monteringspunkt: framaxel, h\u00f6ger<\/li>\n<\/ul>\n<p>&nbsp;<\/p>","protected":false},"excerpt":{"rendered":"<p>Framaxel h\u00f6ger nedre st\u00f6darm, bak. En mycket h\u00f6gkvalitativ och h\u00e5llbar st\u00f6darm fr\u00e5n en v\u00e4lk\u00e4nd tillverkare.<\/p>\n<p>Tillverkare: FEBI BILSTEIN<\/p>","protected":false},"featured_media":27776,"comment_status":"open","ping_status":"closed","template":"","meta":[],"product_brand":[740],"product_cat":[151,154,471,472],"product_tag":[574,575,156,271,121,476,319],"class_list":{"0":"post-27775","1":"product","2":"type-product","3":"status-publish","4":"has-post-thumbnail","6":"product_brand-febi-bilstein","7":"product_cat-model-3","8":"product_cat-model-y","9":"product_cat-model-3-varaosat","10":"product_cat-varaosat-model-y","11":"product_tag-alatukivarsi","12":"product_tag-etuakseli","13":"product_tag-model-3","14":"product_tag-model-y","15":"product_tag-tesla","16":"product_tag-tukivarsi","17":"product_tag-varaosat","19":"first","20":"instock","21":"taxable","22":"shipping-taxable","23":"purchasable","24":"product-type-simple"},"jetpack_sharing_enabled":true,"_links":{"self":[{"href":"https:\/\/www.vempele.fi\/sv\/wp-json\/wp\/v2\/product\/27775","targetHints":{"allow":["GET"]}}],"collection":[{"href":"https:\/\/www.vempele.fi\/sv\/wp-json\/wp\/v2\/product"}],"about":[{"href":"https:\/\/www.vempele.fi\/sv\/wp-json\/wp\/v2\/types\/product"}],"replies":[{"embeddable":true,"href":"https:\/\/www.vempele.fi\/sv\/wp-json\/wp\/v2\/comments?post=27775"}],"wp:featuredmedia":[{"embeddable":true,"href":"https:\/\/www.vempele.fi\/sv\/wp-json\/wp\/v2\/media\/27776"}],"wp:attachment":[{"href":"https:\/\/www.vempele.fi\/sv\/wp-json\/wp\/v2\/media?parent=27775"}],"wp:term":[{"taxonomy":"product_brand","embeddable":true,"href":"https:\/\/www.vempele.fi\/sv\/wp-json\/wp\/v2\/product_brand?post=27775"},{"taxonomy":"product_cat","embeddable":true,"href":"https:\/\/www.vempele.fi\/sv\/wp-json\/wp\/v2\/product_cat?post=27775"},{"taxonomy":"product_tag","embeddable":true,"href":"https:\/\/www.vempele.fi\/sv\/wp-json\/wp\/v2\/product_tag?post=27775"}],"curies":[{"name":"wp","href":"https:\/\/api.w.org\/{rel}","templated":true}]}}