{"id":27778,"date":"2024-04-18T10:20:43","date_gmt":"2024-04-18T07:20:43","guid":{"rendered":"https:\/\/www.vempele.fi\/?post_type=product&#038;p=27778"},"modified":"2025-03-11T17:08:22","modified_gmt":"2025-03-11T15:08:22","slug":"modell-s-x-framaxelns-nedre-stodarm-fram-hoger-sida-triscan","status":"publish","type":"product","link":"https:\/\/www.vempele.fi\/sv\/tuote\/model-s-x-etuakselin-alatukivarsi-etummainen-oikea-puoli-triscan\/","title":{"rendered":"Model S \/ X - Framaxelns nedre st\u00f6darm, fram, h\u00f6ger sida TRISCAN"},"content":{"rendered":"<p>Tillverkare: TRISCAN<\/p>\n<p>OE-nummer som tillhandah\u00e5lls av tillverkaren:<br \/>\n1041575-00-B<br \/>\n6006664-00-C<br \/>\n1041575-00-A<br \/>\n1420346-00-C<br \/>\n1620346-00-A<br \/>\n1620346-00-B<\/p>\n<p>Tillverkarens produktnummer: 8500 81517<\/p>\n<p>L\u00e4mplighet:<br \/>\nModell S - 2012 - 2020<br \/>\nModell X - 2016 - 2020<\/p>\n<p>Material: aluminium<br \/>\nVikt: ca 1,75 kg<\/p>","protected":false},"excerpt":{"rendered":"<p>Tillverkare TRISCAN framaxelns nedre st\u00f6darm, fram, h\u00f6ger sida f\u00f6r Tesla modell S och X modeller.<\/p>","protected":false},"featured_media":27781,"comment_status":"open","ping_status":"closed","template":"","meta":[],"product_brand":[],"product_cat":[152,153,473,474],"product_tag":[172,173,121,476,319],"class_list":{"0":"post-27778","1":"product","2":"type-product","3":"status-publish","4":"has-post-thumbnail","6":"product_cat-model-s","7":"product_cat-model-x","8":"product_cat-varaosat-model-s","9":"product_cat-varaosat-model-x","10":"product_tag-model-s","11":"product_tag-model-x","12":"product_tag-tesla","13":"product_tag-tukivarsi","14":"product_tag-varaosat","16":"first","17":"outofstock","18":"taxable","19":"shipping-taxable","20":"purchasable","21":"product-type-simple"},"jetpack_sharing_enabled":true,"_links":{"self":[{"href":"https:\/\/www.vempele.fi\/sv\/wp-json\/wp\/v2\/product\/27778","targetHints":{"allow":["GET"]}}],"collection":[{"href":"https:\/\/www.vempele.fi\/sv\/wp-json\/wp\/v2\/product"}],"about":[{"href":"https:\/\/www.vempele.fi\/sv\/wp-json\/wp\/v2\/types\/product"}],"replies":[{"embeddable":true,"href":"https:\/\/www.vempele.fi\/sv\/wp-json\/wp\/v2\/comments?post=27778"}],"wp:featuredmedia":[{"embeddable":true,"href":"https:\/\/www.vempele.fi\/sv\/wp-json\/wp\/v2\/media\/27781"}],"wp:attachment":[{"href":"https:\/\/www.vempele.fi\/sv\/wp-json\/wp\/v2\/media?parent=27778"}],"wp:term":[{"taxonomy":"product_brand","embeddable":true,"href":"https:\/\/www.vempele.fi\/sv\/wp-json\/wp\/v2\/product_brand?post=27778"},{"taxonomy":"product_cat","embeddable":true,"href":"https:\/\/www.vempele.fi\/sv\/wp-json\/wp\/v2\/product_cat?post=27778"},{"taxonomy":"product_tag","embeddable":true,"href":"https:\/\/www.vempele.fi\/sv\/wp-json\/wp\/v2\/product_tag?post=27778"}],"curies":[{"name":"wp","href":"https:\/\/api.w.org\/{rel}","templated":true}]}}