{"id":28284,"date":"2024-05-08T08:41:41","date_gmt":"2024-05-08T05:41:41","guid":{"rendered":"https:\/\/www.vempele.fi\/?post_type=product&#038;p=28284"},"modified":"2025-11-23T23:52:18","modified_gmt":"2025-11-23T21:52:18","slug":"bakaxelns-ovre-stodarm-framre-flans-reinhoch-tesla-modell-3","status":"publish","type":"product","link":"https:\/\/www.vempele.fi\/sv\/tuote\/taka-akselin-ylapuolinen-tukivarsi-etummainen-hela-reinhoch-tesla-model-3\/","title":{"rendered":"Bakaxelns \u00f6vre st\u00f6darm, fram, fl\u00e4ns - REINHOCH - Tesla Model 3"},"content":{"rendered":"<p>Fl\u00e4nsen p\u00e5 den fr\u00e4mre \u00f6vre st\u00f6darmen p\u00e5 bakaxeln.<\/p>\n<ul>\n<li>Tillverkare: REINHOCH<\/li>\n<li>L\u00e4mplighet:\n<ul>\n<li>Model 3 Pre-Refresh vm. 2019 - 2021<\/li>\n<li>Modell 3 Uppdatering vm. 2021 - 2023<\/li>\n<\/ul>\n<\/li>\n<li>Tillverkarens produktnummer: RH15-6008<\/li>\n<li>Teslas reservdelsnummer som tillhandah\u00e5lls av tillverkaren:\n<ul>\n<li>1044427-00-C<\/li>\n<\/ul>\n<\/li>\n<li>Monteringspunkt: bakaxel, fl\u00e4ns<\/li>\n<\/ul>\n<p>&nbsp;<\/p>","protected":false},"excerpt":{"rendered":"<p>Fl\u00e4nsen p\u00e5 den fr\u00e4mre \u00f6vre st\u00f6darmen p\u00e5 bakaxeln. Passar \u00e4ven till axelns \u00e4nde.<\/p>\n<p>Genom att enbart byta ut fl\u00e4nsen kan man ofta undvika att beh\u00f6va byta ut en dyrare st\u00f6darm om endast fl\u00e4nsen \u00e4r skadad.<\/p>\n<p>Tillverkare: Reinhoch<\/p>","protected":false},"featured_media":28289,"comment_status":"open","ping_status":"closed","template":"","meta":[],"product_brand":[741],"product_cat":[151,471],"product_tag":[574,575,156,121,476,319],"class_list":{"0":"post-28284","1":"product","2":"type-product","3":"status-publish","4":"has-post-thumbnail","6":"product_brand-reinhoch","7":"product_cat-model-3","8":"product_cat-model-3-varaosat","9":"product_tag-alatukivarsi","10":"product_tag-etuakseli","11":"product_tag-model-3","12":"product_tag-tesla","13":"product_tag-tukivarsi","14":"product_tag-varaosat","16":"first","17":"outofstock","18":"taxable","19":"shipping-taxable","20":"purchasable","21":"product-type-simple"},"jetpack_sharing_enabled":true,"_links":{"self":[{"href":"https:\/\/www.vempele.fi\/sv\/wp-json\/wp\/v2\/product\/28284","targetHints":{"allow":["GET"]}}],"collection":[{"href":"https:\/\/www.vempele.fi\/sv\/wp-json\/wp\/v2\/product"}],"about":[{"href":"https:\/\/www.vempele.fi\/sv\/wp-json\/wp\/v2\/types\/product"}],"replies":[{"embeddable":true,"href":"https:\/\/www.vempele.fi\/sv\/wp-json\/wp\/v2\/comments?post=28284"}],"wp:featuredmedia":[{"embeddable":true,"href":"https:\/\/www.vempele.fi\/sv\/wp-json\/wp\/v2\/media\/28289"}],"wp:attachment":[{"href":"https:\/\/www.vempele.fi\/sv\/wp-json\/wp\/v2\/media?parent=28284"}],"wp:term":[{"taxonomy":"product_brand","embeddable":true,"href":"https:\/\/www.vempele.fi\/sv\/wp-json\/wp\/v2\/product_brand?post=28284"},{"taxonomy":"product_cat","embeddable":true,"href":"https:\/\/www.vempele.fi\/sv\/wp-json\/wp\/v2\/product_cat?post=28284"},{"taxonomy":"product_tag","embeddable":true,"href":"https:\/\/www.vempele.fi\/sv\/wp-json\/wp\/v2\/product_tag?post=28284"}],"curies":[{"name":"wp","href":"https:\/\/api.w.org\/{rel}","templated":true}]}}