{"id":28355,"date":"2024-06-03T15:44:05","date_gmt":"2024-06-03T12:44:05","guid":{"rendered":"https:\/\/www.vempele.fi\/?post_type=product&#038;p=28355"},"modified":"2025-12-01T13:13:40","modified_gmt":"2025-12-01T11:13:40","slug":"eco-golvmattor-tesla-modell-x-6-saten","status":"publish","type":"product","link":"https:\/\/www.vempele.fi\/sv\/tuote\/eco-lattiamatot-tesla-model-x-6-paikkainen\/","title":{"rendered":"ECO Golvmattor - Tesla Model X (6 s\u00e4ten)"},"content":{"rendered":"<p>Slitstark, popul\u00e4r och framf\u00f6r allt inhemsk ECO-mattkit f\u00f6r Tesla Model X<\/p>\n<p>Tre mattor i f\u00f6rpackningen:<br \/>\n1 x F\u00f6r f\u00f6raren<br \/>\n1 x f\u00f6r fr\u00e4mre passagerare<br \/>\n1 x Enkel matta f\u00f6r bakre v\u00e5ningen<\/p>\n<p><b>Ytterligare information:<\/b><\/p>\n<ul>\n<li>Material: EVA<\/li>\n<li>L\u00e4mplighet:\n<ul>\n<li>Model X 2012 - 2021<\/li>\n<li>Modell X 2021 -&gt;<\/li>\n<\/ul>\n<\/li>\n<li>F\u00e4rg: Svart<\/li>\n<li>Vikt: ca 1,9 kg<\/li>\n<li>Tillverkningsland: Finland<\/li>\n<\/ul>","protected":false},"excerpt":{"rendered":"<p>Inhemskt snyggt mattalternativ f\u00f6r Tesla nu direkt fr\u00e5n lager!<\/p>\n<p>Mattmaterialet \u00e4r ekologiskt och \u00e5tervinningsbart EVA. S\u00e4kert, giftfritt och luktfritt. Den unika cellstrukturen g\u00f6r att smuts och vatten ansamlas j\u00e4mnt i cellerna. Mattorna kan enkelt reng\u00f6ras genom att skakas eller sk\u00f6ljas med vatten. Luftkvaliteten inomhus f\u00f6rb\u00e4ttras och frostbildning p\u00e5 f\u00f6nster minskar. Materialet t\u00e5l temperaturer s\u00e5 l\u00e5ga som -50\u00b0C och s\u00e5 h\u00f6ga som +70\u00b0C. Slagt\u00e5ligt, ljud- och v\u00e4rmeisolerande. Behaglig att ta p\u00e5 och riktigt snygga ECO-mattor.<\/p>\n<p>Obs! Endast f\u00f6r 6-sitsig modell!<\/p>","protected":false},"featured_media":28358,"comment_status":"open","ping_status":"closed","template":"","meta":[],"product_brand":[],"product_cat":[514,153,128],"product_tag":[83,590,206,513,553,173,121],"class_list":{"0":"post-28355","1":"product","2":"type-product","3":"status-publish","4":"has-post-thumbnail","6":"product_cat-model-x-matot","7":"product_cat-model-x","8":"product_cat-tesla-tuotteet","9":"product_tag-autotarvikkeet","10":"product_tag-eco","11":"product_tag-eva","12":"product_tag-kaukalomatot","13":"product_tag-kuramatot","14":"product_tag-model-x","15":"product_tag-tesla","17":"first","18":"instock","19":"taxable","20":"shipping-taxable","21":"purchasable","22":"product-type-variable"},"jetpack_sharing_enabled":true,"_links":{"self":[{"href":"https:\/\/www.vempele.fi\/sv\/wp-json\/wp\/v2\/product\/28355","targetHints":{"allow":["GET"]}}],"collection":[{"href":"https:\/\/www.vempele.fi\/sv\/wp-json\/wp\/v2\/product"}],"about":[{"href":"https:\/\/www.vempele.fi\/sv\/wp-json\/wp\/v2\/types\/product"}],"replies":[{"embeddable":true,"href":"https:\/\/www.vempele.fi\/sv\/wp-json\/wp\/v2\/comments?post=28355"}],"wp:featuredmedia":[{"embeddable":true,"href":"https:\/\/www.vempele.fi\/sv\/wp-json\/wp\/v2\/media\/28358"}],"wp:attachment":[{"href":"https:\/\/www.vempele.fi\/sv\/wp-json\/wp\/v2\/media?parent=28355"}],"wp:term":[{"taxonomy":"product_brand","embeddable":true,"href":"https:\/\/www.vempele.fi\/sv\/wp-json\/wp\/v2\/product_brand?post=28355"},{"taxonomy":"product_cat","embeddable":true,"href":"https:\/\/www.vempele.fi\/sv\/wp-json\/wp\/v2\/product_cat?post=28355"},{"taxonomy":"product_tag","embeddable":true,"href":"https:\/\/www.vempele.fi\/sv\/wp-json\/wp\/v2\/product_tag?post=28355"}],"curies":[{"name":"wp","href":"https:\/\/api.w.org\/{rel}","templated":true}]}}